{"id":10766,"date":"2022-11-29T09:55:37","date_gmt":"2022-11-29T07:55:37","guid":{"rendered":"https:\/\/jjbcn.com\/?page_id=10766"},"modified":"2023-05-08T13:29:06","modified_gmt":"2023-05-08T11:29:06","slug":"empresa","status":"publish","type":"page","link":"https:\/\/jjbcn.com\/ca\/empresa\/","title":{"rendered":"Empresa"},"content":{"rendered":"<div data-elementor-type=\"wp-page\" data-elementor-id=\"10766\" class=\"elementor elementor-10766\" data-elementor-post-type=\"page\">\n\t\t\t\t\t\t<section class=\"elementor-section elementor-top-section elementor-element elementor-element-432e86cc elementor-section-height-min-height elementor-section-content-middle elementor-section-boxed elementor-section-height-default elementor-section-items-middle\" data-id=\"432e86cc\" data-element_type=\"section\" data-e-type=\"section\" data-settings=\"{&quot;background_background&quot;:&quot;classic&quot;,&quot;jet_parallax_layout_list&quot;:[]}\">\n\t\t\t\t\t\t<div class=\"elementor-container elementor-column-gap-default\">\n\t\t\t\t\t<div class=\"elementor-column elementor-col-50 elementor-top-column elementor-element elementor-element-29ae318c\" data-id=\"29ae318c\" data-element_type=\"column\" data-e-type=\"column\">\n\t\t\t<div class=\"elementor-widget-wrap elementor-element-populated\">\n\t\t\t\t\t\t<div class=\"elementor-element elementor-element-8748c48 elementor-widget elementor-widget-spacer\" data-id=\"8748c48\" data-element_type=\"widget\" data-e-type=\"widget\" data-widget_type=\"spacer.default\">\n\t\t\t\t<div class=\"elementor-widget-container\">\n\t\t\t\t\t\t\t<div class=\"elementor-spacer\">\n\t\t\t<div class=\"elementor-spacer-inner\"><\/div>\n\t\t<\/div>\n\t\t\t\t\t\t<\/div>\n\t\t\t\t<\/div>\n\t\t\t\t<div class=\"elementor-element elementor-element-6a0bd412 elementor-widget elementor-widget-heading\" data-id=\"6a0bd412\" data-element_type=\"widget\" data-e-type=\"widget\" data-widget_type=\"heading.default\">\n\t\t\t\t<div class=\"elementor-widget-container\">\n\t\t\t\t\t<p class=\"elementor-heading-title elementor-size-default\">QUI<br><span class=\"color-h1-home-jj\">SOM<\/span><\/p>\t\t\t\t<\/div>\n\t\t\t\t<\/div>\n\t\t\t\t<div class=\"elementor-element elementor-element-57d76d68 elementor-widget elementor-widget-image\" data-id=\"57d76d68\" data-element_type=\"widget\" data-e-type=\"widget\" data-widget_type=\"image.default\">\n\t\t\t\t<div class=\"elementor-widget-container\">\n\t\t\t\t\t\t\t\t\t\t\t\t\t\t\t<img fetchpriority=\"high\" decoding=\"async\" width=\"1024\" height=\"108\" src=\"https:\/\/jjbcn.com\/wp-content\/uploads\/FILETE-1024x108.png\" class=\"attachment-large size-large wp-image-9953\" alt=\"\" srcset=\"https:\/\/jjbcn.com\/wp-content\/uploads\/FILETE-1024x108.png 1024w, https:\/\/jjbcn.com\/wp-content\/uploads\/FILETE-300x32.png 300w, https:\/\/jjbcn.com\/wp-content\/uploads\/FILETE-768x81.png 768w, https:\/\/jjbcn.com\/wp-content\/uploads\/FILETE-18x2.png 18w, https:\/\/jjbcn.com\/wp-content\/uploads\/FILETE-482x51.png 482w, https:\/\/jjbcn.com\/wp-content\/uploads\/FILETE.png 1071w\" sizes=\"(max-width: 1024px) 100vw, 1024px\" \/>\t\t\t\t\t\t\t\t\t\t\t\t\t\t\t<\/div>\n\t\t\t\t<\/div>\n\t\t\t\t\t<\/div>\n\t\t<\/div>\n\t\t\t\t<div class=\"elementor-column elementor-col-50 elementor-top-column elementor-element elementor-element-5f0479dd\" data-id=\"5f0479dd\" data-element_type=\"column\" data-e-type=\"column\">\n\t\t\t<div class=\"elementor-widget-wrap\">\n\t\t\t\t\t\t\t<\/div>\n\t\t<\/div>\n\t\t\t\t\t<\/div>\n\t\t<\/section>\n\t\t\t\t<section class=\"elementor-section elementor-top-section elementor-element elementor-element-bdbd840 elementor-section-height-min-height elementor-section-boxed elementor-section-height-default elementor-section-items-middle\" data-id=\"bdbd840\" data-element_type=\"section\" data-e-type=\"section\" data-settings=\"{&quot;jet_parallax_layout_list&quot;:[],&quot;background_background&quot;:&quot;classic&quot;}\">\n\t\t\t\t\t\t<div class=\"elementor-container elementor-column-gap-default\">\n\t\t\t\t\t<div class=\"elementor-column elementor-col-100 elementor-top-column elementor-element elementor-element-6c2ddc0\" data-id=\"6c2ddc0\" data-element_type=\"column\" data-e-type=\"column\">\n\t\t\t<div class=\"elementor-widget-wrap elementor-element-populated\">\n\t\t\t\t\t\t<div class=\"elementor-element elementor-element-55f8832 elementor-widget elementor-widget-text-editor\" data-id=\"55f8832\" data-element_type=\"widget\" data-e-type=\"widget\" data-widget_type=\"text-editor.default\">\n\t\t\t\t<div class=\"elementor-widget-container\">\n\t\t\t\t\t\t\t\t\t<div title=\"Page 1\"><p><b>\u00a0<\/b><\/p><p><b>JJ BCN INTERNACIONAL, SA<\/b> \u00e9s una empresa amb seu a la prov\u00edncia de Barcelona, Espanya, especialitzada en la fabricaci\u00f3 i comercialitzaci\u00f3 d&#039;actuadors el\u00e8ctrics per a v\u00e0lvules i sistemes d&#039;automatitzaci\u00f3. L&#039;empresa va ser fundada l&#039;any 1998 pels germans J. i JM Chaves, amb l&#039;objectiu de fabricar i comercialitzar actuadors el\u00e8ctrics de cambra de tornada. L&#039;experi\u00e8ncia dels fundadors al camp de l&#039;automatitzaci\u00f3 de v\u00e0lvules es remunta a molts anys enrere, gr\u00e0cies a la seva precursora, DITEICO SL<\/p><p>DITEICO SL va ser fundada el 1967 i es va convertir en una de les empreses pioneres al camp de l&#039;automatitzaci\u00f3 de v\u00e0lvules. Durant m\u00e9s de 30 anys, l&#039;empresa va aportar la seva experi\u00e8ncia en el disseny i la fabricaci\u00f3 d&#039;actuadors el\u00e8ctrics per a v\u00e0lvules, cosa que va permetre als fundadors de JJ BCN INTERNACIONAL, SA comptar amb un coneixement profund del mercat i de les necessitats dels seus clients.<\/p><p>Amb el pas dels anys, JJ BCN INTERNACIONAL, SA ha anat expandint la seva pres\u00e8ncia a nivell mundial, i actualment els seus productes es distribueixen a m\u00e9s de 70 pa\u00efsos de tot el m\u00f3n. L&#039;empresa compta amb una xarxa de distribu\u00efdors propis, aix\u00ed com amb una \u00e0mplia xarxa de distribu\u00efdors oficials a tot el m\u00f3n, cosa que li permet oferir un servei d&#039;atenci\u00f3 al client r\u00e0pid i eficient.<\/p><p>Un dels principals valors de JJ BCN INTERNACIONAL, SA \u00e9s la qualitat dels seus productes i serveis. Per aix\u00f2, l&#039;empresa compta amb un sistema de qualitat que engloba totes les fases del proc\u00e9s de disseny i producci\u00f3 dels seus actuadors el\u00e8ctrics, aix\u00ed com el posterior embalatge i el servei d&#039;atenci\u00f3 al client. Aquest sistema de qualitat ha estat certificat per la norma <b>ISO 9001:2015<\/b>, el que garanteix que lempresa compleix amb els est\u00e0ndards internacionals de qualitat.<\/p><p>A m\u00e9s, JJ BCN INTERNACIONAL, SA compta amb una marca registrada internacionalment: J+J\u00ae. Aquesta marca \u00e9s considerada un dels l\u00edders al camp de l&#039;automatitzaci\u00f3 el\u00e8ctrica de v\u00e0lvules de 1\/4 de tornada, gr\u00e0cies a la qualitat i fiabilitat dels seus productes.<\/p><p>Finalment, JJ BCN INTERNACIONAL, SA agraeix la confian\u00e7a dipositada en els seus productes per part dels seus clients i prove\u00efdors, cosa que els obliga a superar-se cada dia per continuar oferint productes i serveis de qualitat en el camp de l&#039;automatitzaci\u00f3 de v\u00e0lvules.<\/p><\/div>\t\t\t\t\t\t\t\t<\/div>\n\t\t\t\t<\/div>\n\t\t\t\t\t<\/div>\n\t\t<\/div>\n\t\t\t\t\t<\/div>\n\t\t<\/section>\n\t\t\t\t<section class=\"elementor-section elementor-top-section elementor-element elementor-element-5c9835a elementor-hidden-desktop elementor-hidden-tablet elementor-hidden-mobile elementor-section-boxed elementor-section-height-default elementor-section-height-default\" data-id=\"5c9835a\" data-element_type=\"section\" data-e-type=\"section\" data-settings=\"{&quot;jet_parallax_layout_list&quot;:[]}\">\n\t\t\t\t\t\t<div class=\"elementor-container elementor-column-gap-default\">\n\t\t\t\t\t<div class=\"elementor-column elementor-col-100 elementor-top-column elementor-element elementor-element-f8870f1\" data-id=\"f8870f1\" data-element_type=\"column\" data-e-type=\"column\">\n\t\t\t<div class=\"elementor-widget-wrap elementor-element-populated\">\n\t\t\t\t\t\t<div class=\"elementor-element elementor-element-b8e67bd elementor-widget elementor-widget-heading\" data-id=\"b8e67bd\" data-element_type=\"widget\" data-e-type=\"widget\" data-widget_type=\"heading.default\">\n\t\t\t\t<div class=\"elementor-widget-container\">\n\t\t\t\t\t<h1 class=\"elementor-heading-title elementor-size-default\">Empresa<\/h1>\t\t\t\t<\/div>\n\t\t\t\t<\/div>\n\t\t\t\t<div class=\"elementor-element elementor-element-c98f142 elementor-widget elementor-widget-heading\" data-id=\"c98f142\" data-element_type=\"widget\" data-e-type=\"widget\" data-widget_type=\"heading.default\">\n\t\t\t\t<div class=\"elementor-widget-container\">\n\t\t\t\t\t<h2 class=\"elementor-heading-title elementor-size-default\">empresa JJ BCN INTERNACIONAL SA<\/h2>\t\t\t\t<\/div>\n\t\t\t\t<\/div>\n\t\t\t\t<div class=\"elementor-element elementor-element-5f025bb elementor-widget elementor-widget-heading\" data-id=\"5f025bb\" data-element_type=\"widget\" data-e-type=\"widget\" data-widget_type=\"heading.default\">\n\t\t\t\t<div class=\"elementor-widget-container\">\n\t\t\t\t\t<h2 class=\"elementor-heading-title elementor-size-default\">empresa fabricant d&#039;actuadors el\u00e8ctrics<\/h2>\t\t\t\t<\/div>\n\t\t\t\t<\/div>\n\t\t\t\t<div class=\"elementor-element elementor-element-f1370d6 elementor-widget elementor-widget-heading\" data-id=\"f1370d6\" data-element_type=\"widget\" data-e-type=\"widget\" data-widget_type=\"heading.default\">\n\t\t\t\t<div class=\"elementor-widget-container\">\n\t\t\t\t\t<h2 class=\"elementor-heading-title elementor-size-default\">Qui som<\/h2>\t\t\t\t<\/div>\n\t\t\t\t<\/div>\n\t\t\t\t<div class=\"elementor-element elementor-element-2dd4181 elementor-widget elementor-widget-heading\" data-id=\"2dd4181\" data-element_type=\"widget\" data-e-type=\"widget\" data-widget_type=\"heading.default\">\n\t\t\t\t<div class=\"elementor-widget-container\">\n\t\t\t\t\t<h2 class=\"elementor-heading-title elementor-size-default\">Hist\u00f2ria de l&#039;empresa JJ BCN INTERNACIONAL SA<\/h2>\t\t\t\t<\/div>\n\t\t\t\t<\/div>\n\t\t\t\t\t<\/div>\n\t\t<\/div>\n\t\t\t\t\t<\/div>\n\t\t<\/section>\n\t\t\t\t<section class=\"elementor-section elementor-top-section elementor-element elementor-element-c73a2db elementor-hidden-desktop elementor-hidden-tablet elementor-hidden-mobile elementor-section-boxed elementor-section-height-default elementor-section-height-default\" data-id=\"c73a2db\" data-element_type=\"section\" data-e-type=\"section\" data-settings=\"{&quot;jet_parallax_layout_list&quot;:[]}\">\n\t\t\t\t\t\t<div class=\"elementor-container elementor-column-gap-default\">\n\t\t\t\t\t<div class=\"elementor-column elementor-col-50 elementor-top-column elementor-element elementor-element-efa86e4\" data-id=\"efa86e4\" data-element_type=\"column\" data-e-type=\"column\">\n\t\t\t<div class=\"elementor-widget-wrap elementor-element-populated\">\n\t\t\t\t\t\t<div class=\"elementor-element elementor-element-c1191b3 elementor-widget elementor-widget-image\" data-id=\"c1191b3\" data-element_type=\"widget\" data-e-type=\"widget\" data-widget_type=\"image.default\">\n\t\t\t\t<div class=\"elementor-widget-container\">\n\t\t\t\t\t\t\t\t\t\t\t\t\t\t\t<img decoding=\"async\" width=\"1024\" height=\"487\" src=\"https:\/\/jjbcn.com\/wp-content\/uploads\/imatge-empresa-1024x487.jpg\" class=\"attachment-large size-large wp-image-10768\" alt=\"empresa\" srcset=\"https:\/\/jjbcn.com\/wp-content\/uploads\/imatge-empresa-1024x487.jpg 1024w, https:\/\/jjbcn.com\/wp-content\/uploads\/imatge-empresa-300x143.jpg 300w, https:\/\/jjbcn.com\/wp-content\/uploads\/imatge-empresa-768x365.jpg 768w, https:\/\/jjbcn.com\/wp-content\/uploads\/imatge-empresa-1536x731.jpg 1536w, https:\/\/jjbcn.com\/wp-content\/uploads\/imatge-empresa-2048x974.jpg 2048w, https:\/\/jjbcn.com\/wp-content\/uploads\/imatge-empresa-18x9.jpg 18w, https:\/\/jjbcn.com\/wp-content\/uploads\/imatge-empresa-482x229.jpg 482w\" sizes=\"(max-width: 1024px) 100vw, 1024px\" \/>\t\t\t\t\t\t\t\t\t\t\t\t\t\t\t<\/div>\n\t\t\t\t<\/div>\n\t\t\t\t\t<\/div>\n\t\t<\/div>\n\t\t\t\t<div class=\"elementor-column elementor-col-50 elementor-top-column elementor-element elementor-element-b56283f\" data-id=\"b56283f\" data-element_type=\"column\" data-e-type=\"column\">\n\t\t\t<div class=\"elementor-widget-wrap elementor-element-populated\">\n\t\t\t\t\t\t<div class=\"elementor-element elementor-element-afc7e4e elementor-widget elementor-widget-button\" data-id=\"afc7e4e\" data-element_type=\"widget\" data-e-type=\"widget\" data-widget_type=\"button.default\">\n\t\t\t\t<div class=\"elementor-widget-container\">\n\t\t\t\t\t\t\t\t\t<div class=\"elementor-button-wrapper\">\n\t\t\t\t\t<a class=\"elementor-button elementor-button-link elementor-size-sm\" href=\"https:\/\/jjbcn.com\/ca\/contacte\/\" rel=\"nofollow\">\n\t\t\t\t\t\t<span class=\"elementor-button-content-wrapper\">\n\t\t\t\t\t\t\t\t\t<span class=\"elementor-button-text\">Contacte directe amb JJ BCN Internacional<\/span>\n\t\t\t\t\t<\/span>\n\t\t\t\t\t<\/a>\n\t\t\t\t<\/div>\n\t\t\t\t\t\t\t\t<\/div>\n\t\t\t\t<\/div>\n\t\t\t\t<div class=\"elementor-element elementor-element-7442209 elementor-widget elementor-widget-button\" data-id=\"7442209\" data-element_type=\"widget\" data-e-type=\"widget\" data-widget_type=\"button.default\">\n\t\t\t\t<div class=\"elementor-widget-container\">\n\t\t\t\t\t\t\t\t\t<div class=\"elementor-button-wrapper\">\n\t\t\t\t\t<a class=\"elementor-button elementor-button-link elementor-size-sm\" href=\"https:\/\/www.youtube.com\/@jjbcninternacional2714\" canal=\"\" target=\"_blank\" rel=\"noopener\">\n\t\t\t\t\t\t<span class=\"elementor-button-content-wrapper\">\n\t\t\t\t\t\t\t\t\t<span class=\"elementor-button-text\">Canal Youtube JJ BCN Internacional<\/span>\n\t\t\t\t\t<\/span>\n\t\t\t\t\t<\/a>\n\t\t\t\t<\/div>\n\t\t\t\t\t\t\t\t<\/div>\n\t\t\t\t<\/div>\n\t\t\t\t\t<\/div>\n\t\t<\/div>\n\t\t\t\t\t<\/div>\n\t\t<\/section>\n\t\t\t\t<section class=\"elementor-section elementor-top-section elementor-element elementor-element-8fea2a0 elementor-hidden-desktop elementor-hidden-tablet elementor-hidden-mobile elementor-section-boxed elementor-section-height-default elementor-section-height-default\" data-id=\"8fea2a0\" data-element_type=\"section\" data-e-type=\"section\" data-settings=\"{&quot;jet_parallax_layout_list&quot;:[]}\">\n\t\t\t\t\t\t<div class=\"elementor-container elementor-column-gap-default\">\n\t\t\t\t\t<div class=\"elementor-column elementor-col-100 elementor-top-column elementor-element elementor-element-9e12a46\" data-id=\"9e12a46\" data-element_type=\"column\" data-e-type=\"column\">\n\t\t\t<div class=\"elementor-widget-wrap elementor-element-populated\">\n\t\t\t\t\t\t<div class=\"elementor-element elementor-element-274ee5d elementor-widget elementor-widget-text-editor\" data-id=\"274ee5d\" data-element_type=\"widget\" data-e-type=\"widget\" data-widget_type=\"text-editor.default\">\n\t\t\t\t<div class=\"elementor-widget-container\">\n\t\t\t\t\t\t\t\t\tA JJ BCN Internacional SA ens dediquem a dissenyar i produir actuadors el\u00e8ctrics d&#039;alta qualitat i fiabilitat per a aplicacions industrials i comercials. Els nostres productes es fan servir en una \u00e0mplia varietat de sectors, com l&#039;automatitzaci\u00f3 de processos industrials, l&#039;enginyeria civil i l&#039;energia renovable. Comptem amb un equip de professionals altament qualificats i compromesos amb l&#039;excel\u00b7l\u00e8ncia a cada etapa del proc\u00e9s de fabricaci\u00f3, des de la investigaci\u00f3 i el desenvolupament fins a la producci\u00f3 i el servei postvenda. Ens esforcem per oferir solucions personalitzades per a cada client, adaptant-nos a les vostres necessitats i requisits espec\u00edfics. A JJ BCN Internacional SA ens enorgulleix la nostra capacitat per oferir productes d&#039;alta qualitat a preus competitius, sense comprometre la qualitat o la fiabilitat. A m\u00e9s, la nostra empresa es compromet a proporcionar un servei excepcional a cadascun dels nostres clients, per garantir-ne la satisfacci\u00f3 i lleialtat a llarg termini. Agra\u00efm el vostre inter\u00e8s en els nostres productes i serveis, i esperem poder treballar amb vosaltres en el futur. Si us plau, no dubteu a posar-vos en contacte amb nosaltres si necessiteu m\u00e9s informaci\u00f3 sobre els nostres productes o serveis. JJ BCN Internacional SA \u00e9s una empresa capdavantera en la fabricaci\u00f3 d&#039;actuadors el\u00e8ctrics amb seu a Barcelona, Espanya. L&#039;empresa s&#039;ha destacat al mercat gr\u00e0cies a la qualitat dels seus productes i el seu enfocament al servei al client. Ara, JJ BCN Internacional SA s&#039;ha expandit cap a la sorra mundial, portant la seva experi\u00e8ncia i excel\u00b7l\u00e8ncia a nous mercats. L&#039;expansi\u00f3 mundial de JJ BCN Internacional SA ha estat un proc\u00e9s acuradament planificat que ha fet uns quants anys. L&#039;empresa ha establert una xarxa de distribu\u00efdors a tot el m\u00f3n, cosa que ha perm\u00e8s que els seus productes arribin a clients de tot arreu del m\u00f3n. Els distribu\u00efdors han estat seleccionats per la seva experi\u00e8ncia al mercat local i el seu comprom\u00eds amb la qualitat i el servei al client. L&#039;empresa ha estat treballant en l&#039;adaptaci\u00f3 dels seus productes per complir les normes i regulacions dels diferents pa\u00efsos on es troba. Els productes de JJ BCN Internacional SA s\u00f3n altament personalitzables, cosa que permet a l&#039;empresa adaptar els seus productes a les necessitats espec\u00edfiques de cada mercat. A m\u00e9s, JJ BCN Internacional SA ha invertit en la capacitaci\u00f3 del personal en idiomes i cultures locals per millorar la seva capacitat per treballar amb clients de tot el m\u00f3n. L&#039;expansi\u00f3 mundial de JJ BCN Internacional SA ha estat molt reeixida. L&#039;empresa ha aconseguit establir una pres\u00e8ncia global i ha guanyat una reputaci\u00f3 per la qualitat i el servei al client a tot el m\u00f3n. JJ BCN Internacional SA ha estat capa\u00e7 d&#039;aprofitar noves oportunitats de negoci a diferents mercats i ha aconseguit augmentar la seva participaci\u00f3 al mercat global. En resum, JJ BCN Internacional SA \u00e9s una empresa que ha aconseguit portar la seva experi\u00e8ncia i excel\u00b7l\u00e8ncia a la fabricaci\u00f3 d&#039;actuadors el\u00e8ctrics a mercats de tot el m\u00f3n. L&#039;empresa ha aconseguit una pres\u00e8ncia global gr\u00e0cies al seu enfocament en la qualitat, el servei al client i l&#039;adaptaci\u00f3 als mercats locals. JJ BCN Internacional SA \u00e9s una empresa l\u00edder al seu sector i una excel\u00b7lent opci\u00f3 per a qualsevol persona que busqui productes d&#039;alta qualitat i servei al client excepcional. Els actuadors el\u00e8ctrics s\u00f3n dispositius que converteixen lenergia el\u00e8ctrica en moviment mec\u00e0nic. S&#039;utilitzen \u00e0mpliament en una varietat d&#039;aplicacions, incloent-hi l&#039;automatitzaci\u00f3 industrial, la rob\u00f2tica, l&#039;enginyeria civil i l&#039;energia renovable. La tecnologia dels actuadors el\u00e8ctrics ha evolucionat significativament en les darreres d\u00e8cades, cosa que n&#039;ha millorat l&#039;efici\u00e8ncia, precisi\u00f3 i fiabilitat. En el passat, els actuadors el\u00e8ctrics eren simples motors el\u00e8ctrics connectats a un sistema mec\u00e0nic per generar moviment. No obstant aix\u00f2, la tecnologia ha avan\u00e7at per permetre la integraci\u00f3 de l&#039;electr\u00f2nica i la computaci\u00f3 en els actuadors el\u00e8ctrics, cosa que n&#039;ha millorat significativament el rendiment i la versatilitat. Avui dia, els actuadors el\u00e8ctrics s\u00f3n sistemes altament automatitzats i controlats per ordinador. S&#039;utilitzen sensors i algoritmes per controlar el moviment dels actuadors, cosa que permet un major nivell de precisi\u00f3 i efici\u00e8ncia en el moviment. L&#039;evoluci\u00f3 tecnol\u00f2gica tamb\u00e9 ha perm\u00e8s que els actuadors el\u00e8ctrics siguin m\u00e9s petits i lleugers, cosa que els fa ideals per a aplicacions en qu\u00e8 es requereix espai limitat o en aplicacions m\u00f2bils. A m\u00e9s, els actuadors el\u00e8ctrics moderns s\u00f3n m\u00e9s eficients energ\u00e8ticament, cosa que redueix el cost i la petjada de carboni del seu \u00fas. La tecnologia dels actuadors el\u00e8ctrics tamb\u00e9 ha millorat la capacitat per funcionar en ambients hostils. Per exemple, alguns actuadors el\u00e8ctrics moderns s\u00f3n capa\u00e7os de resistir l&#039;exposici\u00f3 a temperatures extremes, aigua, pols i altres factors ambientals que poden fer malb\u00e9 altres tipus d&#039;actuadors. En resum, la tecnologia dels actuadors el\u00e8ctrics ha evolucionat significativament en les darreres d\u00e8cades. La integraci\u00f3 de l&#039;electr\u00f2nica i la computaci\u00f3 en els actuadors el\u00e8ctrics ha millorat la seva efici\u00e8ncia, precisi\u00f3 i versatilitat, cosa que ha portat a una demanda m\u00e9s gran en una varietat d&#039;ind\u00fastries. L&#039;evoluci\u00f3 tecnol\u00f2gica tamb\u00e9 ha perm\u00e8s que els actuadors el\u00e8ctrics siguin m\u00e9s petits, lleugers i eficients energ\u00e8ticament, cosa que els fa ideals per a una \u00e0mplia gamma d&#039;aplicacions.\t\t\t\t\t\t\t\t<\/div>\n\t\t\t\t<\/div>\n\t\t\t\t\t<\/div>\n\t\t<\/div>\n\t\t\t\t\t<\/div>\n\t\t<\/section>\n\t\t\t\t<\/div>","protected":false},"excerpt":{"rendered":"<p>QUINESSOMOS JJ BCN INTERNACIONAL, SA \u00e9s una empresa amb seu a la prov\u00edncia de Barcelona, Espanya, especialitzada en la fabricaci\u00f3 i comercialitzaci\u00f3 d&#039;actuadors el\u00e8ctrics per a v\u00e0lvules i sistemes d&#039;automatitzaci\u00f3. L&#039;empresa va ser fundada l&#039;any 1998 pels germans J. i JM Chaves, amb l&#039;objectiu de fabricar i comercialitzar \u2026 <a title=\"Empresa\" class=\"read-more\" href=\"https:\/\/jjbcn.com\/ca\/empresa\/\" aria-label=\"M\u00e9s informaci\u00f3 sobre Empresa\">Llegir m\u00e9s<\/a><\/p>","protected":false},"author":5,"featured_media":0,"parent":0,"menu_order":1,"comment_status":"closed","ping_status":"closed","template":"elementor_header_footer","meta":{"_acf_changed":false,"footnotes":""},"class_list":["post-10766","page","type-page","status-publish"],"acf":[],"_links":{"self":[{"href":"https:\/\/jjbcn.com\/ca\/wp-json\/wp\/v2\/pages\/10766","targetHints":{"allow":["GET"]}}],"collection":[{"href":"https:\/\/jjbcn.com\/ca\/wp-json\/wp\/v2\/pages"}],"about":[{"href":"https:\/\/jjbcn.com\/ca\/wp-json\/wp\/v2\/types\/page"}],"author":[{"embeddable":true,"href":"https:\/\/jjbcn.com\/ca\/wp-json\/wp\/v2\/users\/5"}],"replies":[{"embeddable":true,"href":"https:\/\/jjbcn.com\/ca\/wp-json\/wp\/v2\/comments?post=10766"}],"version-history":[{"count":35,"href":"https:\/\/jjbcn.com\/ca\/wp-json\/wp\/v2\/pages\/10766\/revisions"}],"predecessor-version":[{"id":11913,"href":"https:\/\/jjbcn.com\/ca\/wp-json\/wp\/v2\/pages\/10766\/revisions\/11913"}],"wp:attachment":[{"href":"https:\/\/jjbcn.com\/ca\/wp-json\/wp\/v2\/media?parent=10766"}],"curies":[{"name":"wp","href":"https:\/\/api.w.org\/{rel}","templated":true}]}}