{"id":11698,"date":"2023-04-28T11:58:52","date_gmt":"2023-04-28T09:58:52","guid":{"rendered":"https:\/\/jjbcn.com\/?page_id=11698"},"modified":"2026-02-25T16:26:26","modified_gmt":"2026-02-25T14:26:26","slug":"descarregables","status":"publish","type":"page","link":"https:\/\/jjbcn.com\/ca\/descargables\/","title":{"rendered":"descarregables"},"content":{"rendered":"<div class=\"wp-block-cover alignfull\" style=\"min-height:100px;aspect-ratio:unset;\"><img fetchpriority=\"high\" decoding=\"async\" width=\"2454\" height=\"682\" class=\"wp-block-cover__image-background wp-image-10083\" alt=\"\" src=\"https:\/\/jjbcn.com\/wp-content\/uploads\/capcalera-descargables.jpg\" data-object-fit=\"cover\" srcset=\"https:\/\/jjbcn.com\/wp-content\/uploads\/capcalera-descargables.jpg 2454w, https:\/\/jjbcn.com\/wp-content\/uploads\/capcalera-descargables-300x83.jpg 300w, https:\/\/jjbcn.com\/wp-content\/uploads\/capcalera-descargables-1024x285.jpg 1024w, https:\/\/jjbcn.com\/wp-content\/uploads\/capcalera-descargables-768x213.jpg 768w, https:\/\/jjbcn.com\/wp-content\/uploads\/capcalera-descargables-1536x427.jpg 1536w, https:\/\/jjbcn.com\/wp-content\/uploads\/capcalera-descargables-2048x569.jpg 2048w, https:\/\/jjbcn.com\/wp-content\/uploads\/capcalera-descargables-18x5.jpg 18w, https:\/\/jjbcn.com\/wp-content\/uploads\/capcalera-descargables-482x134.jpg 482w\" sizes=\"(max-width: 2454px) 100vw, 2454px\" \/><span aria-hidden=\"true\" class=\"wp-block-cover__background has-background-dim-0 has-background-dim\"><\/span><div class=\"wp-block-cover__inner-container is-layout-flow wp-block-cover-is-layout-flow\">\n<div class=\"wp-block-group\"><div class=\"wp-block-group__inner-container is-layout-constrained wp-block-group-is-layout-constrained\">\n<div style=\"height:100px\" aria-hidden=\"true\" class=\"wp-block-spacer\"><\/div>\n\n\n\n<div class=\"wp-block-columns nomargin is-layout-flex wp-container-core-columns-is-layout-9d6595d7 wp-block-columns-is-layout-flex\">\n<div class=\"wp-block-column is-layout-flow wp-block-column-is-layout-flow\" style=\"flex-basis:50%\">\n<h2 class=\"wp-block-heading has-text-align-left nomargin translation-block\" style=\"font-size:54px\"><strong>DESCARREGA LA INFORMACI\u00d3 DE <em>PRODUCTES<\/em><\/strong><\/h2>\n<\/div>\n\n\n\n<div class=\"wp-block-column is-layout-flow wp-block-column-is-layout-flow\" style=\"flex-basis:50%\">\n<figure class=\"wp-block-image size-medium is-resized\"><img decoding=\"async\" width=\"300\" height=\"183\" src=\"https:\/\/jjbcn.com\/wp-content\/uploads\/Nubol-300x183.png\" alt=\"\" class=\"wp-image-10084\" style=\"width:400px\" srcset=\"https:\/\/jjbcn.com\/wp-content\/uploads\/Nubol-300x183.png 300w, https:\/\/jjbcn.com\/wp-content\/uploads\/Nubol-1024x625.png 1024w, https:\/\/jjbcn.com\/wp-content\/uploads\/Nubol-768x469.png 768w, https:\/\/jjbcn.com\/wp-content\/uploads\/Nubol-18x12.png 18w, https:\/\/jjbcn.com\/wp-content\/uploads\/Nubol-482x294.png 482w, https:\/\/jjbcn.com\/wp-content\/uploads\/Nubol.png 1204w\" sizes=\"(max-width: 300px) 100vw, 300px\" \/><\/figure>\n<\/div>\n<\/div>\n<\/div><\/div>\n<\/div><\/div>\n\n\n\n<div style=\"height:50px\" aria-hidden=\"true\" class=\"wp-block-spacer\"><\/div>\n\n\n\n<h2 class=\"wp-block-heading has-text-color\" style=\"color:#ad1e1f\"><strong>ACTUADORS EL\u00c8CTRICS<\/strong><\/h2>\n\n\n\n<div class=\"wp-block-cover alignfull\" style=\"min-height:50px;aspect-ratio:unset;\"><span aria-hidden=\"true\" class=\"wp-block-cover__background has-background-dim-100 has-background-dim\" style=\"background-color:#ad1e1f\"><\/span><div class=\"wp-block-cover__inner-container is-layout-flow wp-block-cover-is-layout-flow\">\n<div class=\"wp-block-group\"><div class=\"wp-block-group__inner-container is-layout-constrained wp-block-group-is-layout-constrained\">\n<div class=\"wp-block-columns is-layout-flex wp-container-core-columns-is-layout-9d6595d7 wp-block-columns-is-layout-flex\">\n<div class=\"wp-block-column is-layout-flow wp-block-column-is-layout-flow\" style=\"flex-basis:50%\">\n<h3 class=\"wp-block-heading has-text-align-left has-base-3-color has-text-color\" style=\"font-size:24px\"><strong>PRODUCTES RECENTS<\/strong><\/h3>\n\n\n\n<hr class=\"wp-block-separator has-text-color has-alpha-channel-opacity has-background\" style=\"background-color:#ffffff21;color:#ffffff21\"\/>\n\n\n\n<figure class=\"wp-block-image size-medium is-resized\"><img decoding=\"async\" width=\"300\" height=\"219\" src=\"https:\/\/jjbcn.com\/wp-content\/uploads\/J4C-300x219.png\" alt=\"\" class=\"wp-image-10072\" style=\"width:50px\" srcset=\"https:\/\/jjbcn.com\/wp-content\/uploads\/J4C-300x219.png 300w, https:\/\/jjbcn.com\/wp-content\/uploads\/J4C-1024x748.png 1024w, https:\/\/jjbcn.com\/wp-content\/uploads\/J4C-768x561.png 768w, https:\/\/jjbcn.com\/wp-content\/uploads\/J4C-16x12.png 16w, https:\/\/jjbcn.com\/wp-content\/uploads\/J4C-482x352.png 482w, https:\/\/jjbcn.com\/wp-content\/uploads\/J4C.png 1423w\" sizes=\"(max-width: 300px) 100vw, 300px\" \/><\/figure>\n\n\n\n<div style=\"height:20px\" aria-hidden=\"true\" class=\"wp-block-spacer\"><\/div>\n\n\n\n<ul class=\"wp-block-list has-white-color has-text-color\">\n<li><a href=\"https:\/\/jjbcn.com\/wp-content\/uploads\/Cataleg-J4C-J4CV2022.pdf\" target=\"_blank\" rel=\"noreferrer noopener\">Cat\u00e0leg \u2193<\/a><\/li>\n\n\n\n<li><a href=\"https:\/\/jjbcn.com\/wp-content\/uploads\/Handbook_J4C_EN_2024.pdf\" target=\"_blank\" rel=\"noreferrer noopener\">Handbook \u2013 A \u2193<\/a><\/li>\n\n\n\n<li><a href=\"https:\/\/jjbcn.com\/wp-content\/uploads\/HANDBOOK_J4C_SP.pdf\" target=\"_blank\" rel=\"noreferrer noopener\">Handbook &#8211; SP \u2193<\/a><\/li>\n\n\n\n<li><a href=\"https:\/\/jjbcn.com\/wp-content\/uploads\/J4C-20-300-INSTALLATION-INSTRUCTIONS-EN-ES-FR-IT-DE-1.pdf\" target=\"_blank\" rel=\"noreferrer noopener\">Instruccions \u2193<\/a><\/li>\n\n\n\n<li><a href=\"https:\/\/jjbcn.com\/wp-content\/uploads\/CERTIFICATIONS_J4C.pdf\" target=\"_blank\" rel=\"noreferrer noopener\">Certificats \u2193<\/a><\/li>\n<\/ul>\n\n\n\n<hr class=\"wp-block-separator has-text-color has-alpha-channel-opacity has-background\" style=\"background-color:#ffffff21;color:#ffffff21\"\/>\n\n\n\n<figure class=\"wp-block-image size-large is-resized\"><img loading=\"lazy\" decoding=\"async\" width=\"1024\" height=\"748\" src=\"https:\/\/jjbcn.com\/wp-content\/uploads\/J4M-1024x748.png\" alt=\"\" class=\"wp-image-10076\" style=\"width:50px\" srcset=\"https:\/\/jjbcn.com\/wp-content\/uploads\/J4M-1024x748.png 1024w, https:\/\/jjbcn.com\/wp-content\/uploads\/J4M-300x219.png 300w, https:\/\/jjbcn.com\/wp-content\/uploads\/J4M-768x561.png 768w, https:\/\/jjbcn.com\/wp-content\/uploads\/J4M-16x12.png 16w, https:\/\/jjbcn.com\/wp-content\/uploads\/J4M-482x352.png 482w, https:\/\/jjbcn.com\/wp-content\/uploads\/J4M.png 1423w\" sizes=\"(max-width: 1024px) 100vw, 1024px\" \/><\/figure>\n\n\n\n<div style=\"height:20px\" aria-hidden=\"true\" class=\"wp-block-spacer\"><\/div>\n\n\n\n<ul class=\"wp-block-list has-white-color has-text-color\">\n<li><a href=\"https:\/\/jjbcn.com\/wp-content\/uploads\/handbook-j4m.pdf\" target=\"_blank\" rel=\"noreferrer noopener\">Handbook \u2013 A \u2193<\/a><\/li>\n\n\n\n<li><a href=\"https:\/\/jjbcn.com\/wp-content\/uploads\/handbook-j4m.pdf\" target=\"_blank\" rel=\"noreferrer noopener\">Handbook \u2013 A \u2193<\/a><\/li>\n\n\n\n<li><a href=\"https:\/\/jjbcn.com\/wp-content\/uploads\/J4M_.pdf\" target=\"_blank\" rel=\"noreferrer noopener\">Cat\u00e0leg \u2193<\/a><\/li>\n\n\n\n<li><a href=\"https:\/\/jjbcn.com\/wp-content\/uploads\/J4M-2-40-INSTALLATION-INSTRUCTIONS-EN.pdf\" target=\"_blank\" rel=\"noreferrer noopener\">Instruccions \u2013 EN \u2193<\/a><\/li>\n\n\n\n<li><a href=\"https:\/\/jjbcn.com\/wp-content\/uploads\/CERTIFICATIONS_J4M.pdf\" target=\"_blank\" rel=\"noreferrer noopener\">Certificats \u2193<\/a><\/li>\n<\/ul>\n\n\n\n<hr class=\"wp-block-separator has-text-color has-alpha-channel-opacity has-background\" style=\"background-color:#ffffff21;color:#ffffff21\"\/>\n\n\n\n<figure class=\"wp-block-image size-full is-resized\"><img loading=\"lazy\" decoding=\"async\" width=\"2380\" height=\"1910\" src=\"https:\/\/jjbcn.com\/wp-content\/uploads\/LOGO-JII-10-blanc-e1739532080168.png\" alt=\"\" class=\"wp-image-13384\" style=\"width:64px;height:auto\" srcset=\"https:\/\/jjbcn.com\/wp-content\/uploads\/LOGO-JII-10-blanc-e1739532080168.png 2380w, https:\/\/jjbcn.com\/wp-content\/uploads\/LOGO-JII-10-blanc-e1739532080168-170x136.png 170w, https:\/\/jjbcn.com\/wp-content\/uploads\/LOGO-JII-10-blanc-e1739532080168-768x616.png 768w, https:\/\/jjbcn.com\/wp-content\/uploads\/LOGO-JII-10-blanc-e1739532080168-1536x1233.png 1536w, https:\/\/jjbcn.com\/wp-content\/uploads\/LOGO-JII-10-blanc-e1739532080168-2048x1644.png 2048w, https:\/\/jjbcn.com\/wp-content\/uploads\/LOGO-JII-10-blanc-e1739532080168-15x12.png 15w, https:\/\/jjbcn.com\/wp-content\/uploads\/LOGO-JII-10-blanc-e1739532080168-482x387.png 482w\" sizes=\"(max-width: 2380px) 100vw, 2380px\" \/><\/figure>\n\n\n\n<div style=\"height:20px\" aria-hidden=\"true\" class=\"wp-block-spacer\"><\/div>\n\n\n\n<ul class=\"wp-block-list has-white-color has-text-color\">\n<li><a href=\"https:\/\/jjbcn.com\/wp-content\/uploads\/J10NmH.pdf\" target=\"_blank\" rel=\"noreferrer noopener\">Cat\u00e0leg \u2193<\/a><\/li>\n\n\n\n<li><a href=\"https:\/\/jjbcn.com\/wp-content\/uploads\/CERTIFICATIONS_J10NM.pdf\" target=\"_blank\" rel=\"noreferrer noopener\">Certificats \u2193<\/a><\/li>\n<\/ul>\n<\/div>\n\n\n\n<div class=\"wp-block-column is-layout-flow wp-block-column-is-layout-flow\" style=\"flex-basis:50%\">\n<h3 class=\"wp-block-heading has-base-3-color has-text-color\" style=\"font-size:24px\"><strong>OPCIONS<\/strong><\/h3>\n\n\n\n<ul style=\"background-color:#ff6b6b54\" class=\"wp-block-list has-white-color has-text-color has-background\">\n<li><a href=\"https:\/\/jjbcn.com\/wp-content\/uploads\/DPS-KIT-25-300-DATASHEET-EN-ES.pdf\" target=\"_blank\" rel=\"noreferrer noopener\">DPS KIT \u2193<\/a><\/li>\n\n\n\n<li><a href=\"#\"><\/a><a href=\"https:\/\/jjbcn.com\/wp-content\/uploads\/DPS-KIT-MOUNTING-INSTRUCTIONS-EN-ES.pdf\" target=\"_blank\" rel=\"noreferrer noopener\">DPS KIT Instruccions \u2193<\/a><\/li>\n\n\n\n<li><a href=\"https:\/\/jjbcn.com\/wp-content\/uploads\/BSR-KIT-25-300-DATASHEET.pdf\" target=\"_blank\" rel=\"noreferrer noopener\">BSR KIT \u2193<\/a><\/li>\n\n\n\n<li><a href=\"https:\/\/jjbcn.com\/wp-content\/uploads\/BSR-KIT-MOUNTING-INSTRUCTIONS-EN-ES.pdf\" target=\"_blank\" rel=\"noreferrer noopener\">BSR KIT Instruccions \u2193<\/a><\/li>\n\n\n\n<li><a href=\"https:\/\/jjbcn.com\/wp-content\/uploads\/INTERFACE-J4C-EN.pdf\" target=\"_blank\" rel=\"noreferrer noopener\">Interf\u00edcie \u2193<\/a><\/li>\n\n\n\n<li><a href=\"https:\/\/jjbcn.com\/wp-content\/uploads\/MODBUS-J4C.pdf\" target=\"_blank\" rel=\"noreferrer noopener\">Modbus \u2193<\/a><\/li>\n\n\n\n<li><a href=\"https:\/\/jjbcn.com\/ca\/productes\/acoblaments\/\" target=\"_blank\" rel=\"noreferrer noopener\">Acoblaments \u2193<\/a><\/li>\n<\/ul>\n\n\n\n<div style=\"height:40px\" aria-hidden=\"true\" class=\"wp-block-spacer\"><\/div>\n\n\n\n<h3 class=\"wp-block-heading nomargin has-base-3-color has-text-color\" style=\"font-size:24px\"><strong><strong>FORA DE CAT\u00c0LEG<\/strong><\/strong><\/h3>\n\n\n\n<hr class=\"wp-block-separator has-text-color has-alpha-channel-opacity has-background\" style=\"background-color:#ffffff21;color:#ffffff21\"\/>\n\n\n\n<div class=\"wp-block-columns is-layout-flex wp-container-core-columns-is-layout-9d6595d7 wp-block-columns-is-layout-flex\">\n<div class=\"wp-block-column is-layout-flow wp-block-column-is-layout-flow\">\n<div class=\"wp-block-group is-nowrap is-layout-flex wp-container-core-group-is-layout-ad2f72ca wp-block-group-is-layout-flex\">\n<figure class=\"wp-block-image size-large is-resized\"><img loading=\"lazy\" decoding=\"async\" width=\"1024\" height=\"748\" src=\"https:\/\/jjbcn.com\/wp-content\/uploads\/J3C-1024x748.png\" alt=\"\" class=\"wp-image-10113\" style=\"width:40px\" srcset=\"https:\/\/jjbcn.com\/wp-content\/uploads\/J3C-1024x748.png 1024w, https:\/\/jjbcn.com\/wp-content\/uploads\/J3C-300x219.png 300w, https:\/\/jjbcn.com\/wp-content\/uploads\/J3C-768x561.png 768w, https:\/\/jjbcn.com\/wp-content\/uploads\/J3C-16x12.png 16w, https:\/\/jjbcn.com\/wp-content\/uploads\/J3C-482x352.png 482w, https:\/\/jjbcn.com\/wp-content\/uploads\/J3C.png 1423w\" sizes=\"(max-width: 1024px) 100vw, 1024px\" \/><\/figure>\n\n\n\n<p class=\"has-white-color has-text-color\">  <a href=\"https:\/\/jjbcn.com\/wp-content\/uploads\/2017\/08\/ficha-tecnica-j3c-H-L.pdf\" target=\"_blank\" rel=\"noreferrer noopener\">Cat\u00e0leg \u2193<\/a><\/p>\n<\/div>\n\n\n\n<div style=\"height:10px\" aria-hidden=\"true\" class=\"wp-block-spacer\"><\/div>\n\n\n\n<div class=\"wp-block-group is-nowrap is-layout-flex wp-container-core-group-is-layout-ad2f72ca wp-block-group-is-layout-flex\">\n<figure class=\"wp-block-image size-large is-resized\"><img loading=\"lazy\" decoding=\"async\" width=\"1024\" height=\"470\" src=\"https:\/\/jjbcn.com\/wp-content\/uploads\/J3C-S-1024x470.png\" alt=\"\" class=\"wp-image-10112\" style=\"width:45px\" srcset=\"https:\/\/jjbcn.com\/wp-content\/uploads\/J3C-S-1024x470.png 1024w, https:\/\/jjbcn.com\/wp-content\/uploads\/J3C-S-300x138.png 300w, https:\/\/jjbcn.com\/wp-content\/uploads\/J3C-S-768x352.png 768w, https:\/\/jjbcn.com\/wp-content\/uploads\/J3C-S-18x8.png 18w, https:\/\/jjbcn.com\/wp-content\/uploads\/J3C-S-482x221.png 482w, https:\/\/jjbcn.com\/wp-content\/uploads\/J3C-S.png 1423w\" sizes=\"(max-width: 1024px) 100vw, 1024px\" \/><\/figure>\n\n\n\n<p class=\"has-white-color has-text-color\"><a href=\"https:\/\/jjbcn.com\/wp-content\/uploads\/2018\/04\/cataleg-J3CS-SB-pdf-4_2018.pdf\" target=\"_blank\" rel=\"noreferrer noopener\">Cat\u00e0leg \u2193<\/a><\/p>\n\n\n\n<p class=\"has-white-color has-text-color\"><a href=\"https:\/\/jjbcn.com\/wp-content\/uploads\/2017\/08\/Cata%CC%81logo-Se%CC%81rie-J3C-S20S85-ESP.pdf\" target=\"_blank\" rel=\"noreferrer noopener\">Handbook \u00c9S \u2193<\/a><\/p>\n<\/div>\n\n\n\n<div style=\"height:10px\" aria-hidden=\"true\" class=\"wp-block-spacer\"><\/div>\n\n\n\n<div class=\"wp-block-group is-nowrap is-layout-flex wp-container-core-group-is-layout-ad2f72ca wp-block-group-is-layout-flex\">\n<figure class=\"wp-block-image size-large is-resized\"><img decoding=\"async\" src=\"https:\/\/jjbcn.com\/wp-content\/uploads\/J2-1024x748.png\" alt=\"\" style=\"width:45px\"\/><\/figure>\n\n\n\n<p class=\"has-white-color has-text-color\"><a href=\"https:\/\/jjbcn.com\/wp-content\/uploads\/CATALOGO-J2.pdf\" target=\"_blank\" rel=\"noreferrer noopener\">Cat\u00e0leg \u2193<\/a><\/p>\n\n\n\n<p class=\"has-white-color has-text-color\"><a href=\"https:\/\/jjbcn.com\/wp-content\/uploads\/ESQUEMAS-J2.pdf\" target=\"_blank\" rel=\"noreferrer noopener\">Esquema \u2193<\/a><\/p>\n<\/div>\n\n\n\n<div style=\"height:10px\" aria-hidden=\"true\" class=\"wp-block-spacer\"><\/div>\n\n\n\n<div class=\"wp-block-group is-nowrap is-layout-flex wp-container-core-group-is-layout-ad2f72ca wp-block-group-is-layout-flex\">\n<figure class=\"wp-block-image size-large is-resized\"><img decoding=\"async\" src=\"https:\/\/jjbcn.com\/wp-content\/uploads\/RC-1024x748.png\" alt=\"\" style=\"width:45px\"\/><\/figure>\n\n\n\n<p class=\"has-white-color has-text-color\"><a href=\"https:\/\/jjbcn.com\/wp-content\/uploads\/DATASHEETS-RC.pdf\" target=\"_blank\" rel=\"noreferrer noopener\">Fitxa t\u00e8cnica \u2193<\/a><\/p>\n\n\n\n<div style=\"height:10px;width:0px\" aria-hidden=\"true\" class=\"wp-block-spacer wp-container-content-728072c3\"><\/div>\n<\/div>\n\n\n\n<hr class=\"wp-block-separator has-text-color has-alpha-channel-opacity has-background\" style=\"background-color:#ffffff21;color:#ffffff21\"\/>\n\n\n\n<div style=\"height:10px\" aria-hidden=\"true\" class=\"wp-block-spacer\"><\/div>\n<\/div>\n<\/div>\n<\/div>\n<\/div>\n<\/div><\/div>\n<\/div><\/div>\n\n\n\n<div style=\"height:50px\" aria-hidden=\"true\" class=\"wp-block-spacer\"><\/div>\n\n\n\n<h2 class=\"wp-block-heading has-contrast-2-color has-text-color translation-block\"><span>ACTUADORS<\/span> PNEUM\u00c0TICS<\/h2>\n\n\n\n<div class=\"wp-block-cover alignfull\" style=\"min-height:50px;aspect-ratio:unset;\"><span aria-hidden=\"true\" class=\"wp-block-cover__background has-contrast-2-background-color has-background-dim-100 has-background-dim\"><\/span><div class=\"wp-block-cover__inner-container is-layout-flow wp-block-cover-is-layout-flow\">\n<div class=\"wp-block-group\"><div class=\"wp-block-group__inner-container is-layout-constrained wp-block-group-is-layout-constrained\">\n<div class=\"wp-block-columns is-layout-flex wp-container-core-columns-is-layout-9d6595d7 wp-block-columns-is-layout-flex\">\n<div class=\"wp-block-column is-layout-flow wp-block-column-is-layout-flow\">\n<h3 class=\"wp-block-heading has-text-align-left has-base-3-color has-text-color\" style=\"font-size:24px\"><strong>PRODUCTES RECENTS<\/strong><\/h3>\n\n\n\n<hr class=\"wp-block-separator has-text-color has-alpha-channel-opacity has-background\" style=\"background-color:#ffffff21;color:#ffffff21\"\/>\n\n\n\n<figure class=\"wp-block-image size-full is-resized\"><img loading=\"lazy\" decoding=\"async\" width=\"399\" height=\"175\" src=\"https:\/\/jjbcn.com\/wp-content\/uploads\/CH-AIR.png\" alt=\"\" class=\"wp-image-10180\" style=\"width:130px\" srcset=\"https:\/\/jjbcn.com\/wp-content\/uploads\/CH-AIR.png 399w, https:\/\/jjbcn.com\/wp-content\/uploads\/CH-AIR-300x132.png 300w, https:\/\/jjbcn.com\/wp-content\/uploads\/CH-AIR-18x8.png 18w\" sizes=\"(max-width: 399px) 100vw, 399px\" \/><\/figure>\n\n\n\n<div style=\"height:20px\" aria-hidden=\"true\" class=\"wp-block-spacer\"><\/div>\n\n\n\n<ul class=\"wp-block-list has-white-color has-text-color\">\n<li><a href=\"https:\/\/jjbcn.com\/wp-content\/uploads\/CATALOGO-NEUMATICOS-A-1.pdf\" target=\"_blank\" rel=\"noreferrer noopener\">Cat\u00e0leg A S\u00e8ries \u2193<\/a><\/li>\n\n\n\n<li><a href=\"https:\/\/jjbcn.com\/wp-content\/uploads\/CH-AIR-Manual.pdf\" target=\"_blank\" rel=\"noreferrer noopener\">Manual A S\u00e8ries \u2193<\/a><\/li>\n\n\n\n<li><a href=\"https:\/\/jjbcn.com\/wp-content\/uploads\/CN-catalog.pdf\" target=\"_blank\" rel=\"noreferrer noopener\">Cat\u00e0leg CN Series \u2193<\/a><\/li>\n<\/ul>\n<\/div>\n\n\n\n<div class=\"wp-block-column is-layout-flow wp-block-column-is-layout-flow\">\n<h3 class=\"wp-block-heading has-base-3-color has-text-color\" style=\"font-size:24px\"><strong>ACCESSORIS<\/strong><\/h3>\n\n\n\n<ul style=\"background-color:#f0f0f029\" class=\"wp-block-list has-white-color has-text-color has-background\">\n<li><a href=\"https:\/\/jjbcn.com\/ca\/productes\/accessoris-pneumatics\/electrovalvules\/\">V\u00e0lvules de Solenoide <a href=\"https:\/\/jjbcn.com\/wp-admin\/post.php?post=11698&amp;action=edit#\">\u2193<\/a><\/a><\/li>\n\n\n\n<li><a href=\"#\"><\/a><a href=\"https:\/\/jjbcn.com\/ca\/productes\/accessoris-pneumatics\/reductors-desembragables\/\">Reductors desembragables \u2193<\/a><\/li>\n\n\n\n<li><a href=\"https:\/\/jjbcn.com\/ca\/productes\/accessoris-pneumatics\/posicionadors\/\">Posicionadors \u2193<\/a><\/li>\n\n\n\n<li><a href=\"https:\/\/jjbcn.com\/ca\/productes\/accessoris-pneumatics\/filtre-regulador-aire\/\">Filtre regulador d&#039;aire \u2193<\/a><\/li>\n\n\n\n<li><a href=\"https:\/\/jjbcn.com\/ca\/productes\/accessoris-pneumatics\/augmentador-de-pressio\/\">Augmentador de pressi\u00f3 \u2193<\/a><\/li>\n\n\n\n<li><a href=\"https:\/\/jjbcn.com\/ca\/productes\/accessoris-pneumatics\/look-up\/\">Look Up \u2193<\/a><\/li>\n<\/ul>\n<\/div>\n<\/div>\n<\/div><\/div>\n<\/div><\/div>\n\n\n\n<div style=\"height:50px\" aria-hidden=\"true\" class=\"wp-block-spacer\"><\/div>\n\n\n\n<h2 class=\"wp-block-heading has-text-color\" style=\"color:#b2b2b2\"><strong>CAIXES DE SENYALITZACI\u00d3 FINALS DE CARRERA<\/strong><\/h2>\n\n\n\n<div class=\"wp-block-cover alignfull is-light\" style=\"min-height:50px;aspect-ratio:unset;\"><span aria-hidden=\"true\" class=\"wp-block-cover__background has-background-dim-100 has-background-dim\" style=\"background-color:#b2b2b2\"><\/span><div class=\"wp-block-cover__inner-container is-layout-flow wp-block-cover-is-layout-flow\">\n<div class=\"wp-block-group\"><div class=\"wp-block-group__inner-container is-layout-constrained wp-block-group-is-layout-constrained\">\n<div class=\"wp-block-columns is-layout-flex wp-container-core-columns-is-layout-9d6595d7 wp-block-columns-is-layout-flex\">\n<div class=\"wp-block-column is-layout-flow wp-block-column-is-layout-flow\">\n<h3 class=\"wp-block-heading has-text-align-left has-base-3-color has-text-color\" style=\"font-size:24px\"><strong>EST\u00c0NDARD<\/strong><\/h3>\n\n\n\n<hr class=\"wp-block-separator has-text-color has-alpha-channel-opacity has-background\" style=\"background-color:#ffffff21;color:#ffffff21\"\/>\n\n\n\n<div style=\"height:20px\" aria-hidden=\"true\" class=\"wp-block-spacer\"><\/div>\n\n\n\n<ul class=\"wp-block-list has-white-color has-text-color\">\n<li><a href=\"https:\/\/jjbcn.com\/wp-content\/uploads\/CAJA-FINAL-DE-CARRERA-CB.pdf\" target=\"_blank\" rel=\"noreferrer noopener\">CB Series \u2193<\/a><\/li>\n\n\n\n<li><a href=\"https:\/\/jjbcn.com\/wp-content\/uploads\/CAJAS-DE-SEN%CC%83ALIZACIO%CC%81N-CA-CP.pdf\" target=\"_blank\" rel=\"noreferrer noopener\">CA\/CP Series \u2193<\/a><\/li>\n<\/ul>\n<\/div>\n\n\n\n<div class=\"wp-block-column is-layout-flow wp-block-column-is-layout-flow\">\n<div class=\"wp-block-group is-nowrap is-layout-flex wp-container-core-group-is-layout-ad2f72ca wp-block-group-is-layout-flex\">\n<figure class=\"wp-block-image size-full is-resized\"><img loading=\"lazy\" decoding=\"async\" width=\"680\" height=\"608\" src=\"https:\/\/jjbcn.com\/wp-content\/uploads\/EX.png\" alt=\"\" class=\"wp-image-10189\" style=\"width:40px\" srcset=\"https:\/\/jjbcn.com\/wp-content\/uploads\/EX.png 680w, https:\/\/jjbcn.com\/wp-content\/uploads\/EX-300x268.png 300w, https:\/\/jjbcn.com\/wp-content\/uploads\/EX-13x12.png 13w, https:\/\/jjbcn.com\/wp-content\/uploads\/EX-482x431.png 482w\" sizes=\"(max-width: 680px) 100vw, 680px\" \/><\/figure>\n\n\n\n<h3 class=\"wp-block-heading has-base-3-color has-text-color\" style=\"font-size:24px\"><strong>ATEX<\/strong><\/h3>\n<\/div>\n\n\n\n<hr class=\"wp-block-separator has-text-color has-alpha-channel-opacity has-background\" style=\"background-color:#ffffff21;color:#ffffff21\"\/>\n\n\n\n<ul class=\"wp-block-list has-white-color has-text-color\">\n<li><a href=\"https:\/\/jjbcn.com\/wp-content\/uploads\/CAJAS%20DE%20SENALIZACION%20ATEX.pdf\" target=\"_blank\" rel=\"noreferrer noopener\">ATEX CA\/CP \u2193<\/a><\/li>\n\n\n\n<li><a href=\"https:\/\/jjbcn.com\/wp-content\/uploads\/SK_BOX.pdf\" target=\"_blank\" rel=\"noreferrer noopener\">SK-SQ \u2193<\/a><\/li>\n<\/ul>\n<\/div>\n<\/div>\n<\/div><\/div>\n<\/div><\/div>","protected":false},"excerpt":{"rendered":"<p>ACTUADORS EL\u00c8CTRICS ACTUADORS PNEUM\u00c0TICS CAIXES DE SENYALITZACI\u00d3 FINALS DE CARRERA<\/p>","protected":false},"author":6,"featured_media":0,"parent":0,"menu_order":3,"comment_status":"closed","ping_status":"closed","template":"elementor_theme","meta":{"_acf_changed":false,"footnotes":""},"class_list":["post-11698","page","type-page","status-publish"],"acf":[],"_links":{"self":[{"href":"https:\/\/jjbcn.com\/ca\/wp-json\/wp\/v2\/pages\/11698","targetHints":{"allow":["GET"]}}],"collection":[{"href":"https:\/\/jjbcn.com\/ca\/wp-json\/wp\/v2\/pages"}],"about":[{"href":"https:\/\/jjbcn.com\/ca\/wp-json\/wp\/v2\/types\/page"}],"author":[{"embeddable":true,"href":"https:\/\/jjbcn.com\/ca\/wp-json\/wp\/v2\/users\/6"}],"replies":[{"embeddable":true,"href":"https:\/\/jjbcn.com\/ca\/wp-json\/wp\/v2\/comments?post=11698"}],"version-history":[{"count":123,"href":"https:\/\/jjbcn.com\/ca\/wp-json\/wp\/v2\/pages\/11698\/revisions"}],"predecessor-version":[{"id":13826,"href":"https:\/\/jjbcn.com\/ca\/wp-json\/wp\/v2\/pages\/11698\/revisions\/13826"}],"wp:attachment":[{"href":"https:\/\/jjbcn.com\/ca\/wp-json\/wp\/v2\/media?parent=11698"}],"curies":[{"name":"wp","href":"https:\/\/api.w.org\/{rel}","templated":true}]}}