{"id":7038,"date":"2021-01-28T23:20:23","date_gmt":"2021-01-28T21:20:23","guid":{"rendered":"http:\/\/jjbcn.com\/?page_id=7038"},"modified":"2023-05-29T11:55:20","modified_gmt":"2023-05-29T09:55:20","slug":"augmentador-de-pressio","status":"publish","type":"page","link":"https:\/\/jjbcn.com\/ca\/productos\/accesorios-neumaticos\/aumentador-de-presion\/","title":{"rendered":"Augmentador de Pressi\u00f3"},"content":{"rendered":"<div data-elementor-type=\"wp-page\" data-elementor-id=\"7038\" class=\"elementor elementor-7038\" data-elementor-post-type=\"page\">\n\t\t\t\t\t\t<section class=\"elementor-section elementor-inner-section elementor-element elementor-element-4583974e elementor-section-height-min-height elementor-section-boxed elementor-section-height-default\" data-id=\"4583974e\" data-element_type=\"section\" data-e-type=\"section\" data-settings=\"{&quot;jet_parallax_layout_list&quot;:[]}\">\n\t\t\t\t\t\t<div class=\"elementor-container elementor-column-gap-default\">\n\t\t\t\t\t<div class=\"elementor-column elementor-col-100 elementor-inner-column elementor-element elementor-element-d3017ec\" data-id=\"d3017ec\" data-element_type=\"column\" data-e-type=\"column\">\n\t\t\t<div class=\"elementor-widget-wrap elementor-element-populated\">\n\t\t\t\t\t\t<div class=\"elementor-element elementor-element-471f5ab6 elementor-icon-list--layout-inline elementor-align-end elementor-list-item-link-full_width elementor-widget elementor-widget-icon-list\" data-id=\"471f5ab6\" data-element_type=\"widget\" data-e-type=\"widget\" data-widget_type=\"icon-list.default\">\n\t\t\t\t<div class=\"elementor-widget-container\">\n\t\t\t\t\t\t\t<ul class=\"elementor-icon-list-items elementor-inline-items\">\n\t\t\t\t\t\t\t<li class=\"elementor-icon-list-item elementor-inline-item\">\n\t\t\t\t\t\t\t\t\t\t<span class=\"elementor-icon-list-text\">productes<\/span>\n\t\t\t\t\t\t\t\t\t<\/li>\n\t\t\t\t\t\t\t\t<li class=\"elementor-icon-list-item elementor-inline-item\">\n\t\t\t\t\t\t\t\t\t\t\t<span class=\"elementor-icon-list-icon\">\n\t\t\t\t\t\t\t<i aria-hidden=\"true\" class=\"fas fa-angle-right\"><\/i>\t\t\t\t\t\t<\/span>\n\t\t\t\t\t\t\t\t\t\t<span class=\"elementor-icon-list-text\">actuadors pneum\u00e0tics<\/span>\n\t\t\t\t\t\t\t\t\t<\/li>\n\t\t\t\t\t\t\t\t<li class=\"elementor-icon-list-item elementor-inline-item\">\n\t\t\t\t\t\t\t\t\t\t\t<span class=\"elementor-icon-list-icon\">\n\t\t\t\t\t\t\t<i aria-hidden=\"true\" class=\"fas fa-angle-right\"><\/i>\t\t\t\t\t\t<\/span>\n\t\t\t\t\t\t\t\t\t\t<span class=\"elementor-icon-list-text\">accessoris<\/span>\n\t\t\t\t\t\t\t\t\t<\/li>\n\t\t\t\t\t\t\t\t<li class=\"elementor-icon-list-item elementor-inline-item\">\n\t\t\t\t\t\t\t\t\t\t\t<span class=\"elementor-icon-list-icon\">\n\t\t\t\t\t\t\t<i aria-hidden=\"true\" class=\"fas fa-angle-right\"><\/i>\t\t\t\t\t\t<\/span>\n\t\t\t\t\t\t\t\t\t\t<span class=\"elementor-icon-list-text\">Augmentador de Pressi\u00f3<\/span>\n\t\t\t\t\t\t\t\t\t<\/li>\n\t\t\t\t\t\t<\/ul>\n\t\t\t\t\t\t<\/div>\n\t\t\t\t<\/div>\n\t\t\t\t\t<\/div>\n\t\t<\/div>\n\t\t\t\t\t<\/div>\n\t\t<\/section>\n\t\t\t\t<section class=\"elementor-section elementor-top-section elementor-element elementor-element-2ca7bdf8 elementor-section-boxed elementor-section-height-default elementor-section-height-default\" data-id=\"2ca7bdf8\" data-element_type=\"section\" data-e-type=\"section\" data-settings=\"{&quot;jet_parallax_layout_list&quot;:[]}\">\n\t\t\t\t\t\t<div class=\"elementor-container elementor-column-gap-default\">\n\t\t\t\t\t<div class=\"elementor-column elementor-col-100 elementor-top-column elementor-element elementor-element-55f7501c\" data-id=\"55f7501c\" data-element_type=\"column\" data-e-type=\"column\">\n\t\t\t<div class=\"elementor-widget-wrap elementor-element-populated\">\n\t\t\t\t\t\t<section class=\"elementor-section elementor-inner-section elementor-element elementor-element-40646be6 elementor-section-height-min-height elementor-section-boxed elementor-section-height-default\" data-id=\"40646be6\" data-element_type=\"section\" data-e-type=\"section\" data-settings=\"{&quot;jet_parallax_layout_list&quot;:[]}\">\n\t\t\t\t\t\t<div class=\"elementor-container elementor-column-gap-default\">\n\t\t\t\t\t<div class=\"elementor-column elementor-col-100 elementor-inner-column elementor-element elementor-element-6b2240a4\" data-id=\"6b2240a4\" data-element_type=\"column\" data-e-type=\"column\">\n\t\t\t<div class=\"elementor-widget-wrap elementor-element-populated\">\n\t\t\t\t\t\t<div class=\"elementor-element elementor-element-69894aa0 hover-titulo-productos elementor-widget elementor-widget-heading\" data-id=\"69894aa0\" data-element_type=\"widget\" data-e-type=\"widget\" data-widget_type=\"heading.default\">\n\t\t\t\t<div class=\"elementor-widget-container\">\n\t\t\t\t\t<h2 class=\"elementor-heading-title elementor-size-default\"><a href=\"#\">Augmentador de Pressi\u00f3<\/a><\/h2>\t\t\t\t<\/div>\n\t\t\t\t<\/div>\n\t\t\t\t\t<\/div>\n\t\t<\/div>\n\t\t\t\t\t<\/div>\n\t\t<\/section>\n\t\t\t\t\t<\/div>\n\t\t<\/div>\n\t\t\t\t\t<\/div>\n\t\t<\/section>\n\t\t\t\t<section class=\"elementor-section elementor-top-section elementor-element elementor-element-55c0635c elementor-section-boxed elementor-section-height-default elementor-section-height-default\" data-id=\"55c0635c\" data-element_type=\"section\" data-e-type=\"section\" data-settings=\"{&quot;jet_parallax_layout_list&quot;:[]}\">\n\t\t\t\t\t\t<div class=\"elementor-container elementor-column-gap-default\">\n\t\t\t\t\t<div class=\"elementor-column elementor-col-100 elementor-top-column elementor-element elementor-element-6d1a84de\" data-id=\"6d1a84de\" data-element_type=\"column\" data-e-type=\"column\">\n\t\t\t<div class=\"elementor-widget-wrap elementor-element-populated\">\n\t\t\t\t\t\t<section class=\"elementor-section elementor-inner-section elementor-element elementor-element-180227f7 elementor-section-boxed elementor-section-height-default elementor-section-height-default\" data-id=\"180227f7\" data-element_type=\"section\" data-e-type=\"section\" data-settings=\"{&quot;jet_parallax_layout_list&quot;:[]}\">\n\t\t\t\t\t\t<div class=\"elementor-container elementor-column-gap-default\">\n\t\t\t\t\t<div class=\"elementor-column elementor-col-25 elementor-inner-column elementor-element elementor-element-54f5bbf5\" data-id=\"54f5bbf5\" data-element_type=\"column\" data-e-type=\"column\">\n\t\t\t<div class=\"elementor-widget-wrap elementor-element-populated\">\n\t\t\t\t\t\t<div class=\"elementor-element elementor-element-44b2fec elementor-widget elementor-widget-heading\" data-id=\"44b2fec\" data-element_type=\"widget\" data-e-type=\"widget\" data-widget_type=\"heading.default\">\n\t\t\t\t<div class=\"elementor-widget-container\">\n\t\t\t\t\t<h2 class=\"elementor-heading-title elementor-size-default\">YT-300<\/h2>\t\t\t\t<\/div>\n\t\t\t\t<\/div>\n\t\t\t\t<div class=\"elementor-element elementor-element-5705fb4 elementor-widget elementor-widget-text-editor\" data-id=\"5705fb4\" data-element_type=\"widget\" data-e-type=\"widget\" data-widget_type=\"text-editor.default\">\n\t\t\t\t<div class=\"elementor-widget-container\">\n\t\t\t\t\t\t\t\t\t<p><strong>Augmentador de pressi\u00f3 YT-300<\/strong><br \/>SKU: 172.502<\/p>\t\t\t\t\t\t\t\t<\/div>\n\t\t\t\t<\/div>\n\t\t\t\t\t<\/div>\n\t\t<\/div>\n\t\t\t\t<div class=\"elementor-column elementor-col-50 elementor-inner-column elementor-element elementor-element-77adb6fd\" data-id=\"77adb6fd\" data-element_type=\"column\" data-e-type=\"column\">\n\t\t\t<div class=\"elementor-widget-wrap elementor-element-populated\">\n\t\t\t\t\t\t<div class=\"elementor-element elementor-element-5d1f4938 elementor-widget elementor-widget-image\" data-id=\"5d1f4938\" data-element_type=\"widget\" data-e-type=\"widget\" data-widget_type=\"image.default\">\n\t\t\t\t<div class=\"elementor-widget-container\">\n\t\t\t\t\t\t\t\t\t\t\t\t\t\t\t<img fetchpriority=\"high\" decoding=\"async\" width=\"1024\" height=\"918\" src=\"https:\/\/jjbcn.com\/wp-content\/uploads\/YT-300-1024x918.jpg\" class=\"attachment-large size-large wp-image-7040\" alt=\"\" srcset=\"https:\/\/jjbcn.com\/wp-content\/uploads\/YT-300-1024x918.jpg 1024w, https:\/\/jjbcn.com\/wp-content\/uploads\/YT-300-300x269.jpg 300w, https:\/\/jjbcn.com\/wp-content\/uploads\/YT-300-768x689.jpg 768w, https:\/\/jjbcn.com\/wp-content\/uploads\/YT-300-1536x1377.jpg 1536w, https:\/\/jjbcn.com\/wp-content\/uploads\/YT-300-482x432.jpg 482w, https:\/\/jjbcn.com\/wp-content\/uploads\/YT-300.jpg 2043w\" sizes=\"(max-width: 1024px) 100vw, 1024px\" \/>\t\t\t\t\t\t\t\t\t\t\t\t\t\t\t<\/div>\n\t\t\t\t<\/div>\n\t\t\t\t\t<\/div>\n\t\t<\/div>\n\t\t\t\t<div class=\"elementor-column elementor-col-25 elementor-inner-column elementor-element elementor-element-7a811b71\" data-id=\"7a811b71\" data-element_type=\"column\" data-e-type=\"column\">\n\t\t\t<div class=\"elementor-widget-wrap\">\n\t\t\t\t\t\t\t<\/div>\n\t\t<\/div>\n\t\t\t\t\t<\/div>\n\t\t<\/section>\n\t\t\t\t\t<\/div>\n\t\t<\/div>\n\t\t\t\t\t<\/div>\n\t\t<\/section>\n\t\t\t\t<section class=\"elementor-section elementor-top-section elementor-element elementor-element-416178f5 elementor-hidden-desktop elementor-hidden-tablet elementor-hidden-mobile elementor-section-boxed elementor-section-height-default elementor-section-height-default\" data-id=\"416178f5\" data-element_type=\"section\" data-e-type=\"section\" data-settings=\"{&quot;jet_parallax_layout_list&quot;:[]}\">\n\t\t\t\t\t\t<div class=\"elementor-container elementor-column-gap-default\">\n\t\t\t\t\t<div class=\"elementor-column elementor-col-100 elementor-top-column elementor-element elementor-element-7afdd351\" data-id=\"7afdd351\" data-element_type=\"column\" data-e-type=\"column\">\n\t\t\t<div class=\"elementor-widget-wrap elementor-element-populated\">\n\t\t\t\t\t\t<div class=\"elementor-element elementor-element-76179361 elementor-widget elementor-widget-button\" data-id=\"76179361\" data-element_type=\"widget\" data-e-type=\"widget\" data-widget_type=\"button.default\">\n\t\t\t\t<div class=\"elementor-widget-container\">\n\t\t\t\t\t\t\t\t\t<div class=\"elementor-button-wrapper\">\n\t\t\t\t\t<a class=\"elementor-button elementor-button-link elementor-size-sm\" href=\"https:\/\/jjbcn.com\/ca\/contacte\/\" contacto=\"\">\n\t\t\t\t\t\t<span class=\"elementor-button-content-wrapper\">\n\t\t\t\t\t\t\t\t\t<span class=\"elementor-button-text\">Formulari de contacte<\/span>\n\t\t\t\t\t<\/span>\n\t\t\t\t\t<\/a>\n\t\t\t\t<\/div>\n\t\t\t\t\t\t\t\t<\/div>\n\t\t\t\t<\/div>\n\t\t\t\t<div class=\"elementor-element elementor-element-50288156 elementor-widget elementor-widget-button\" data-id=\"50288156\" data-element_type=\"widget\" data-e-type=\"widget\" data-widget_type=\"button.default\">\n\t\t\t\t<div class=\"elementor-widget-container\">\n\t\t\t\t\t\t\t\t\t<div class=\"elementor-button-wrapper\">\n\t\t\t\t\t<a class=\"elementor-button elementor-button-link elementor-size-sm\" href=\"https:\/\/www.linkedin.com\/company\/j-j-bcn-internacional\/\" perfil=\"\" target=\"_blank\" rel=\"noopener\">\n\t\t\t\t\t\t<span class=\"elementor-button-content-wrapper\">\n\t\t\t\t\t\t\t\t\t<span class=\"elementor-button-text\">Perfil de Linkedin de JJ BCN Internacional<\/span>\n\t\t\t\t\t<\/span>\n\t\t\t\t\t<\/a>\n\t\t\t\t<\/div>\n\t\t\t\t\t\t\t\t<\/div>\n\t\t\t\t<\/div>\n\t\t\t\t<div class=\"elementor-element elementor-element-40739fff elementor-widget elementor-widget-text-editor\" data-id=\"40739fff\" data-element_type=\"widget\" data-e-type=\"widget\" data-widget_type=\"text-editor.default\">\n\t\t\t\t<div class=\"elementor-widget-container\">\n\t\t\t\t\t\t\t\t\tQualitat i durabilitat: Quan es tracta dels productes JJ, la qualitat \u00e9s una prioritat indiscutible. JJ BCN Internacional es compromet a oferir productes duradors i fiables que superin les expectatives dels seus clients. Cada article passa per rigorosos controls de qualitat per garantir-ne la resist\u00e8ncia i el rendiment a llarg termini. La marca s&#039;enorgulleix de la seva reputaci\u00f3 de produir productes que resisteixen el pas del temps i es converteixen en inversions valuoses per als usuaris. Varietat de productes: La gamma de productes JJ \u00e9s \u00e0mplia i diversa, abastant diverses categories per satisfer les necessitats de diferents segments de mercat. Des d&#039;electr\u00f2nica de consum fins a productes per a la cura personal, la marca ofereix una \u00e0mplia selecci\u00f3 que abasta des del b\u00e0sic fins al que est\u00e0 especialitzat. Els productes JJ s&#039;adapten a les necessitats dels consumidors moderns, brindant solucions efectives i vers\u00e0tils per a cada situaci\u00f3. Sostenibilitat: JJ BCN Internacional es preocupa per l&#039;impacte mediambiental de les operacions i s&#039;esfor\u00e7a per ser una empresa sostenible. En l\u00ednia amb aquesta visi\u00f3, els productes JJ estan dissenyats tenint en compte la sostenibilitat. La marca s&#039;enfoca a la utilitzaci\u00f3 de materials ecol\u00f2gics, processos de producci\u00f3 eficients i embalatges reciclables. En triar un producte JJ, els consumidors poden estar segurs que estan contribuint a un futur m\u00e9s verd i sostenible. Conclusi\u00f3: Els productes JJ de JJ BCN Internacional s\u00f3n sin\u00f2nim de qualitat, innovaci\u00f3 i confian\u00e7a. Des del seu enfocament en la tecnologia i el disseny fins al seu comprom\u00eds amb la durabilitat i la sostenibilitat, la marca ha establert un est\u00e0ndard alt a la ind\u00fastria. Els productes JJ han esdevingut\t\t\t\t\t\t\t\t<\/div>\n\t\t\t\t<\/div>\n\t\t\t\t<div class=\"elementor-element elementor-element-2645fe0 elementor-widget elementor-widget-text-editor\" data-id=\"2645fe0\" data-element_type=\"widget\" data-e-type=\"widget\" data-widget_type=\"text-editor.default\">\n\t\t\t\t<div class=\"elementor-widget-container\">\n\t\t\t\t\t\t\t\t\t<p>JJ BCN Internacional SA \u00e9s una empresa l\u00edder al camp dels sistemes d&#039;augment de pressi\u00f3. Amb anys d&#039;experi\u00e8ncia a la ind\u00fastria, la companyia s&#039;ha guanyat una reputaci\u00f3 s\u00f2lida per la seva innovaci\u00f3, qualitat i comprom\u00eds amb la satisfacci\u00f3 del client.<\/p><p>Un augmentador de pressi\u00f3 \u00e9s un dispositiu essencial en nombroses aplicacions industrials i comercials on es requereix un flux de l\u00edquid constant i una pressi\u00f3 adequada. Aquests dispositius sutilitzen per augmentar la pressi\u00f3 de laigua, oli o altres fluids, assegurant un subministrament fiable i eficient en tot moment.<\/p><p>JJ BCN Internacional SA s&#039;enorgulleix d&#039;oferir una \u00e0mplia gamma d&#039;augmentadors de pressi\u00f3 dissenyats amb els est\u00e0ndards m\u00e9s alts de qualitat i rendiment. El vostre equip d&#039;enginyers altament capacitats treballa en estreta col\u00b7laboraci\u00f3 amb els clients per comprendre les vostres necessitats espec\u00edfiques i brindar solucions personalitzades que s&#039;adaptin als vostres requisits individuals.<\/p>\t\t\t\t\t\t\t\t<\/div>\n\t\t\t\t<\/div>\n\t\t\t\t<div class=\"elementor-element elementor-element-bda5d83 elementor-widget elementor-widget-text-editor\" data-id=\"bda5d83\" data-element_type=\"widget\" data-e-type=\"widget\" data-widget_type=\"text-editor.default\">\n\t\t\t\t<div class=\"elementor-widget-container\">\n\t\t\t\t\t\t\t\t\t<p>L&#039;empresa utilitza tecnologia d&#039;avantguarda i els darrers aven\u00e7os al camp per fabricar augmentadors de pressi\u00f3 d&#039;alta efici\u00e8ncia energ\u00e8tica i funcionament silenci\u00f3s. A m\u00e9s, es dediquen a la investigaci\u00f3 i al desenvolupament continu per assegurar-se que els seus productes estiguin a l&#039;avantguarda de la innovaci\u00f3, superant les expectatives del mercat.<\/p><p>La qualitat \u00e9s una prioritat fonamental per a JJ BCN Internacional SA. Tots els augmentadors de pressi\u00f3 passen per rigoroses proves de qualitat per garantir un rendiment \u00f2ptim i una llarga vida \u00fatil. A m\u00e9s, l&#039;empresa compleix totes les normatives i est\u00e0ndards de seguretat rellevants, cosa que garanteix la fiabilitat i la seguretat dels seus productes.<\/p>\t\t\t\t\t\t\t\t<\/div>\n\t\t\t\t<\/div>\n\t\t\t\t<div class=\"elementor-element elementor-element-5d10f07 elementor-widget elementor-widget-text-editor\" data-id=\"5d10f07\" data-element_type=\"widget\" data-e-type=\"widget\" data-widget_type=\"text-editor.default\">\n\t\t\t\t<div class=\"elementor-widget-container\">\n\t\t\t\t\t\t\t\t\t<p>L&#039;empresa utilitza tecnologia d&#039;avantguarda i els darrers aven\u00e7os al camp per fabricar augmentadors de pressi\u00f3 d&#039;alta efici\u00e8ncia energ\u00e8tica i funcionament silenci\u00f3s. A m\u00e9s, es dediquen a la investigaci\u00f3 i al desenvolupament continu per assegurar-se que els seus productes estiguin a l&#039;avantguarda de la innovaci\u00f3, superant les expectatives del mercat.<\/p><p>La qualitat \u00e9s una prioritat fonamental per a JJ BCN Internacional SA. Tots els augmentadors de pressi\u00f3 passen per rigoroses proves de qualitat per garantir un rendiment \u00f2ptim i una llarga vida \u00fatil. A m\u00e9s, l&#039;empresa compleix totes les normatives i est\u00e0ndards de seguretat rellevants, cosa que garanteix la fiabilitat i la seguretat dels seus productes.<\/p>\t\t\t\t\t\t\t\t<\/div>\n\t\t\t\t<\/div>\n\t\t\t\t<div class=\"elementor-element elementor-element-bed3e6d elementor-widget elementor-widget-text-editor\" data-id=\"bed3e6d\" data-element_type=\"widget\" data-e-type=\"widget\" data-widget_type=\"text-editor.default\">\n\t\t\t\t<div class=\"elementor-widget-container\">\n\t\t\t\t\t\t\t\t\t<p>A m\u00e9s del seu comprom\u00eds amb la qualitat, JJ BCN Internacional SA tamb\u00e9 es destaca pel seu servei al client. El seu equip datenci\u00f3 al client altament capacitat i amigable est\u00e0 sempre disposat a brindar assessorament expert i respondre a qualsevol pregunta o inquietud que els clients puguin tenir. L&#039;empresa s&#039;enorgulleix d&#039;establir relacions s\u00f2lides i duradores amb els seus clients, brindant-los suport a cada etapa, des de la selecci\u00f3 inicial del producte fins a la instal\u00b7laci\u00f3 i el manteniment continu.<\/p><p>En resum, JJ BCN Internacional SA \u00e9s una empresa l\u00edder en la fabricaci\u00f3 d&#039;augmentadors de pressi\u00f3, brindant solucions d&#039;alta qualitat i de confian\u00e7a per a diverses aplicacions. Amb el seu enfocament a la innovaci\u00f3, la qualitat i el servei al client, l&#039;empresa s&#039;ha guanyat la confian\u00e7a dels seus clients a tot el m\u00f3n.<\/p>\t\t\t\t\t\t\t\t<\/div>\n\t\t\t\t<\/div>\n\t\t\t\t<div class=\"elementor-element elementor-element-557cb6e7 elementor-widget elementor-widget-image\" data-id=\"557cb6e7\" data-element_type=\"widget\" data-e-type=\"widget\" data-widget_type=\"image.default\">\n\t\t\t\t<div class=\"elementor-widget-container\">\n\t\t\t\t\t\t\t\t\t\t\t\t\t\t\t<img decoding=\"async\" width=\"1024\" height=\"918\" src=\"https:\/\/jjbcn.com\/wp-content\/uploads\/2017\/07\/YT-300-1024x918.jpg\" class=\"attachment-large size-large wp-image-682\" alt=\"Augmentador de Pressi\u00f3\" srcset=\"https:\/\/jjbcn.com\/wp-content\/uploads\/2017\/07\/YT-300-1024x918.jpg 1024w, https:\/\/jjbcn.com\/wp-content\/uploads\/2017\/07\/YT-300-482x432.jpg 482w, https:\/\/jjbcn.com\/wp-content\/uploads\/2017\/07\/YT-300-300x269.jpg 300w, https:\/\/jjbcn.com\/wp-content\/uploads\/2017\/07\/YT-300-768x689.jpg 768w, https:\/\/jjbcn.com\/wp-content\/uploads\/2017\/07\/YT-300.jpg 2043w\" sizes=\"(max-width: 1024px) 100vw, 1024px\" \/>\t\t\t\t\t\t\t\t\t\t\t\t\t\t\t<\/div>\n\t\t\t\t<\/div>\n\t\t\t\t\t<\/div>\n\t\t<\/div>\n\t\t\t\t\t<\/div>\n\t\t<\/section>\n\t\t\t\t<\/div>","protected":false},"excerpt":{"rendered":"<p>Productes actuadors pneum\u00e0tics accessoris Augmentador de Pressi\u00f3 Augmentador de Pressi\u00f3 YT-300 Augmentador de pressi\u00f3 YT-300SKU: 172502 Formulari de contacte Perfil de Linkedin de JJ BCN Internacional Qualitat i Durabilitat: Quan es tracta dels productes JJ, la qualitat \u00e9s una prioritat indiscutible. JJ BCN Internacional es compromet a oferir productes duradors i fiables que \u2026 <a title=\"Augmentador de Pressi\u00f3\" class=\"read-more\" href=\"https:\/\/jjbcn.com\/ca\/productos\/accesorios-neumaticos\/aumentador-de-presion\/\" aria-label=\"M\u00e9s informaci\u00f3 sobre Augmentador de Pressi\u00f3\">Llegir m\u00e9s<\/a><\/p>","protected":false},"author":5,"featured_media":0,"parent":7062,"menu_order":0,"comment_status":"closed","ping_status":"closed","template":"elementor_header_footer","meta":{"_acf_changed":false,"footnotes":""},"class_list":["post-7038","page","type-page","status-publish"],"acf":[],"_links":{"self":[{"href":"https:\/\/jjbcn.com\/ca\/wp-json\/wp\/v2\/pages\/7038","targetHints":{"allow":["GET"]}}],"collection":[{"href":"https:\/\/jjbcn.com\/ca\/wp-json\/wp\/v2\/pages"}],"about":[{"href":"https:\/\/jjbcn.com\/ca\/wp-json\/wp\/v2\/types\/page"}],"author":[{"embeddable":true,"href":"https:\/\/jjbcn.com\/ca\/wp-json\/wp\/v2\/users\/5"}],"replies":[{"embeddable":true,"href":"https:\/\/jjbcn.com\/ca\/wp-json\/wp\/v2\/comments?post=7038"}],"version-history":[{"count":35,"href":"https:\/\/jjbcn.com\/ca\/wp-json\/wp\/v2\/pages\/7038\/revisions"}],"predecessor-version":[{"id":11990,"href":"https:\/\/jjbcn.com\/ca\/wp-json\/wp\/v2\/pages\/7038\/revisions\/11990"}],"up":[{"embeddable":true,"href":"https:\/\/jjbcn.com\/ca\/wp-json\/wp\/v2\/pages\/7062"}],"wp:attachment":[{"href":"https:\/\/jjbcn.com\/ca\/wp-json\/wp\/v2\/media?parent=7038"}],"curies":[{"name":"wp","href":"https:\/\/api.w.org\/{rel}","templated":true}]}}