{"id":8406,"date":"2021-08-30T12:54:18","date_gmt":"2021-08-30T10:54:18","guid":{"rendered":"https:\/\/jjbcn.com\/?page_id=8406"},"modified":"2023-03-27T11:38:32","modified_gmt":"2023-03-27T09:38:32","slug":"avis-legal","status":"publish","type":"page","link":"https:\/\/jjbcn.com\/ca\/aviso-legal\/","title":{"rendered":"Av\u00eds Legal"},"content":{"rendered":"<div data-elementor-type=\"wp-page\" data-elementor-id=\"8406\" class=\"elementor elementor-8406\" data-elementor-post-type=\"page\">\n\t\t\t\t\t\t<section class=\"elementor-section elementor-top-section elementor-element elementor-element-af6d809 elementor-section-boxed elementor-section-height-default elementor-section-height-default\" data-id=\"af6d809\" data-element_type=\"section\" data-e-type=\"section\" data-settings=\"{&quot;jet_parallax_layout_list&quot;:[]}\">\n\t\t\t\t\t\t<div class=\"elementor-container elementor-column-gap-default\">\n\t\t\t\t\t<div class=\"elementor-column elementor-col-100 elementor-top-column elementor-element elementor-element-498ba81\" data-id=\"498ba81\" data-element_type=\"column\" data-e-type=\"column\">\n\t\t\t<div class=\"elementor-widget-wrap elementor-element-populated\">\n\t\t\t\t\t\t<div class=\"elementor-element elementor-element-e912961 elementor-widget elementor-widget-text-editor\" data-id=\"e912961\" data-element_type=\"widget\" data-e-type=\"widget\" data-widget_type=\"text-editor.default\">\n\t\t\t\t<div class=\"elementor-widget-container\">\n\t\t\t\t\t\t\t\t\t<p>Amb la finalitat de donar compliment a l&#039;article 10 de la Llei 34\/2002 de Serveis de la Societat de la Informaci\u00f3 i de Comer\u00e7 Electr\u00f2nic, informem als usuaris de les nostres dades:<\/p><p>Denominaci\u00f3 Social: JJ BCN INTERNACIONAL, SA<br \/>Domicili Social: Pol. Ind. Sud. C \/ de l&#039;Orfe\u00f3 Catal\u00e0, 7. 08440, Cardedeu (Barcelona).<br \/>NIF: A-61617767<br \/>Adre\u00e7a de correu electr\u00f2nic: <a href=\"mailto:info@jjbcn.com\">info@jjbcn.com<\/a><br \/>Tel\u00e8fon: 93 871 33 04<br \/>Lloc Web: <a href=\"https:\/\/jjbcn.com\/ca\/\">www.jjbcn.com<\/a><\/p><p><strong>OBJECTE de l&#039;AV\u00cdS LEGAL<\/strong><\/p><p>El present Av\u00eds Legal t\u00e9 com a objectiu informar a tots els usuaris sobre la configuraci\u00f3 i condicions d&#039;\u00fas del Lloc Web (www.jjbcn.com) de JJ BCN INTERNACIONAL, SA D&#039;aquesta manera, JJ BCN INTERNACIONAL, SA compleix amb les obligacions previstes en la Llei 34\/2002, de Serveis de la Societat de la Informaci\u00f3 i de Comer\u00e7 Electr\u00f2nic (LSSICE).<\/p><p>A trav\u00e9s del nostre lloc web posem a disposici\u00f3 dels usuaris tota la informaci\u00f3 necess\u00e0ria perqu\u00e8 coneguin els productes que oferim.<\/p><p>El present Av\u00eds Legal est\u00e0 subjecte a revisi\u00f3 cont\u00ednua per part de JJ BCN INTERNACIONAL, SA, modificant sempre que sigui necessari per tal d&#039;adaptar-lo a l&#039;actualitat legislativa de cada moment oa qualsevol variaci\u00f3 en el nostre lloc web. Per aix\u00f2, li recomanem revisar peri\u00f2dicament aquest document per mantenir-se informat sobre qualsevol novetat relacionada amb la configuraci\u00f3 i \u00fas del Lloc Web.<\/p><p><strong>ACCEPTACI\u00d3 DE L&#039;USUARI<\/strong><\/p><p>L&#039;acc\u00e9s i \u00fas del nostre lloc web li atribueix la condici\u00f3 d &#039; &quot;usuari&quot;. Des d&#039;aquest acc\u00e9s i \/ o \u00fas, es considera que l&#039;usuari accepta de manera absoluta i sense reserves les normes i condicions d&#039;\u00fas previstes en el present Av\u00eds Legal. Si l&#039;usuari decideix no acceptar qualsevol de les referides normes o condicions, o manifesta algun tipus de reserva, s&#039;ha d&#039;abstenir d&#039;accedir i \/ o utilitzar el nostre lloc web.<\/p><p><strong>CONDICIONS D&#039;ACC\u00c9S I \u00daS DEL LLOC WEB<\/strong><\/p><p>Car\u00e0cter gratu\u00eft d&#039;acc\u00e9s a la Web<\/p><p>L&#039;acc\u00e9s i \u00fas del Lloc Web de JJ BCN INTERNACIONAL, SA t\u00e9 car\u00e0cter gratu\u00eft per a tots els usuaris. En cas que els productes i serveis oferts a trav\u00e9s del Lloc Web estiguessin sotmesos a l&#039;pagament d&#039;algun preu, els usuaris seran pr\u00e8via i degudament informats a trav\u00e9s del Lloc Web per a la seva acceptaci\u00f3 en els termes econ\u00f2mics que corresponguin en cada moment.<\/p><p>Obligaci\u00f3 de fer un \u00fas correcte del Lloc Web<\/p><p>L&#039;usuari es compromet a utilitzar el Lloc Web d&#039;acord amb les disposicions de el present Av\u00eds Legal i condicions d&#039;\u00fas, havent d&#039;abstenir de realitzar les seg\u00fcents accions:<\/p><p>dur a terme activitats contr\u00e0ries a la llei vigent, moral, als bons costums oa l&#039;ordre p\u00fablic establert, o amb fins il\u00b7l\u00edcits, prohibits o lesius de drets i interessos de JJ BCN INTERNACIONAL, SA o de tercers (especialment, drets de propietat intel\u00b7lectual, industrial o an\u00e0legs).<br \/>utilitzar el Lloc Web o part d&#039;ell mateix en altres llocs web privats o comercials, aix\u00ed com enlla\u00e7ar o hipervincles a el Lloc Web oa algun dels seus continguts (excepte autoritzaci\u00f3 expressa i per escrit de JJ BCN INTERNACIONAL, SA).<br \/>falsejar la identitat de l&#039;usuari o suplantar la d&#039;un tercer, aix\u00ed com facilitar dades falses en l&#039;emplenament de formularis i altres documents d&#039;an\u00e0loga naturalesa. Ser\u00e0 responsabilitat de l&#039;usuari mantenir tota la informaci\u00f3 facilitada a JJ BCN INTERNACIONAL, SA permanentment actualitzada, sent a m\u00e9s l&#039;\u00fanic responsable de les manifestacions falses o inexactes que realitzi i dels prejudicis que pogu\u00e9s causar a JJ BCN INTERNACIONAL, SA oa tercers per aix\u00f2.<br \/>utilitzar codis maliciosos o programes inform\u00e0tics que puguin interrompre, obstaculitzar, inutilitzar o directament danyar el Lloc Web, els seus continguts o serveis i els equips, sistemes i xarxes que els donen suport.<\/p><p>Els continguts i serveis oferts a trav\u00e9s del Lloc Web estan destinats per a ser utilitzats per persones majors d&#039;edat. \u00danicament es permet l&#039;acc\u00e9s i \u00fas del Lloc Web per part de menors d&#039;edat si aquests \u00faltims compten amb l&#039;autoritzaci\u00f3 pr\u00e8via dels seus pares, tutors o representants legals, que seran responsables de tots els actes realitzats a trav\u00e9s del Lloc Web pels menors al seu c\u00e0rrec.<\/p><p>JJ BCN INTERNACIONAL, SA es reserva el dret a denegar discrecionalment a qualsevol usuari l&#039;acc\u00e9s a la Web, els seus contingut i serveis, si hi ha indicis que els ha utilitzat o els utilitzar\u00e0 infringint les disposicions de el present Av\u00eds Legal i condicions d&#039;\u00fas. JJ BCN INTERNACIONAL, SA conservar\u00e0 tots els altres drets addicionals que poguessin correspondre davant de l&#039;usuari, especialment els referents a l&#039;inici de procediments judicials penals o civils.<\/p><p><strong>RESPONSABILIDADADES<\/strong><\/p><p>L&#039;usuari utilitza el lloc web pel seu propi compte i risc. Mitjan\u00e7ant el seu acc\u00e9s, l&#039;usuari s&#039;obliga a utilitzar el Lloc Web de conformitat amb la Llei i les disposicions de el present Av\u00eds Legal, responent davant de JJ BCN INTERNACIONAL, SA i davant de tercers de qualsevol dany o perjudici que pogu\u00e9s causar com a conseq\u00fc\u00e8ncia de l&#039;incompliment d&#039;aquesta obligaci\u00f3.<\/p><p>JJ BCN INTERNACIONAL, SA proporciona als seus usuaris l&#039;acc\u00e9s a aquest Lloc Web, els seus continguts i serveis amb un nivell de compet\u00e8ncia i dilig\u00e8ncia raonable. En aquest sentit, el present lloc web ha estat revisat i provat perqu\u00e8 funcioni correctament els 365 dies de l&#039;any, 24 hores a el dia. A m\u00e9s, el lloc web fa servir galetes per dur a terme determinades funcions que s\u00f3n considerades imprescindibles per al seu correcte funcionament i visualitzaci\u00f3. Per obtenir m\u00e9s informaci\u00f3 sobre les cookies que gestiona JJ BCN INTERNACIONAL, SA, l&#039;usuari pot accedir a la nostra Pol\u00edtica de Cookies.<\/p><p>No obstant aix\u00f2, JJ BCN INTERNACIONAL, SA no pot oferir garanties ni fer-se responsable dels danys i perjudicis de qualsevol naturalesa que poguessin derivar-se de:<\/p><p>la falta de disponibilitat o efectiu funcionament del Lloc Web, dels seus serveis i continguts, per causes alienes a l&#039;control de JJ BCN INTERNACIONAL, SA<br \/>accions necess\u00e0ries per dur a terme operacions de millora, manteniment o an\u00e0logues del Lloc Web.<br \/>fallades o desconnexions a les xarxes de telecomunicacions que interrompin el servei, aix\u00ed com altres circumst\u00e0ncies esdevingudes per cas fortu\u00eft o for\u00e7a major.<br \/>continguts publicitaris o ofertes que pogu\u00e9s albergar el Lloc Web, sent els anunciants o oferents els \u00fanics responsables d&#039;assegurar que el material rem\u00e8s per a la seva inclusi\u00f3 en el Lloc Web compleix amb la normativa legal aplicable. JJ BCN INTERNACIONAL, SA no ser\u00e0 responsable de qualsevol error, inexactitud o irregularitat que puguin presentar aquests continguts.<br \/>informaci\u00f3 publicada al lloc web, sempre que aquesta informaci\u00f3 hagi estat manipulada o introdu\u00efda per un tercer ali\u00e8.<br \/>errors de seguretat que es puguin causar al sistema inform\u00e0tic de l&#039;usuari (maquinari i programari), com a conseq\u00fc\u00e8ncia de la pres\u00e8ncia de virus en el dispositiu de l&#039;usuari utilitzat per a la connexi\u00f3 a l&#039;Lloc Web.<br \/>un \u00fas del Lloc Web, dels seus serveis i continguts, il\u00b7l\u00edcit, negligent, fraudulent o contrari a aquest av\u00eds legal i condicions d&#039;\u00fas.<br \/>l&#039;incompliment o la falta de licitud, qualitat, fiabilitat, utilitat i disponibilitat dels productes o serveis prestats per tercers i posats a disposici\u00f3 dels usuaris a trav\u00e9s del Lloc Web.<\/p><p>El lloc web pot contenir enlla\u00e7os a altres llocs web i incorporar informaci\u00f3 o serveis de tercers, a fi de facilitar l&#039;acc\u00e9s de l&#039;usuari a informaci\u00f3 d&#039;empreses col\u00b7laboradores. JJ BCN INTERNACIONAL, SA no exerceix cap control sobre els mateixos i no es responsabilitza del seu contingut ni funcionament. JJ BCN INTERNACIONAL, SA \u00fanicament ofereix a l&#039;usuari aquests enlla\u00e7os i informaci\u00f3 o serveis per a la seva comoditat, i \u00e9s responsabilitat d&#039;ell mateix llegir i acceptar les condicions d&#039;\u00fas i pol\u00edtiques de privacitat publicats en els llocs web o aplicacions vinculats.<\/p><p><strong>Protecci\u00f3 de dades personals<\/strong><\/p><p>JJ BCN INTERNACIONAL, SA en qualitat de titular i responsable d&#039;aquest lloc web, informa a tots els usuaris que hagin facilitat o tinguin intenci\u00f3 de facilitar les seves dades personals, que aquestes seran tractades per JJ BCN INTERNACIONAL, SA d&#039;acord amb la normativa legal de refer\u00e8ncia en mat\u00e8ria de protecci\u00f3 de dades, \u00e9s a dir, el Reglament (UE) 2016\/679 de el Parlament Europeu i de Consell de 27 d&#039;abril de 2016 i la Llei Org\u00e0nica 3\/2018, de 5 de desembre.<\/p><p>A aquest efecte, les dades personals dels usuaris seran tractades de conformitat amb els principis de licitud, lleialtat, transpar\u00e8ncia, limitaci\u00f3 de la finalitat, minimitzaci\u00f3 de dades, exactitud, integritat i confidencialitat, respectant a el mateix temps la resta de les obligacions i garanties establertes en l&#039;esmentada normativa legal.<\/p><p>Per obtenir m\u00e9s informaci\u00f3 sobre com gestionem les dades personals dels nostres usuaris, consulteu la nostra Pol\u00edtica de Privacitat.<\/p><p><strong>Propietat industrial i intel\u00b7lectual<\/strong><\/p><p>La totalitat dels continguts del Lloc Web (textos, fotografies, gr\u00e0fics, imatges, tecnologia, programari, links, continguts audiovisuals, disseny gr\u00e0fic, codi font, etc.), aix\u00ed com les marques i altres signes distintius s\u00f3n propietat de JJ BCN INTERNACIONAL , SA o de tercers, sent aquests els titulars dels corresponents drets de propietat intel\u00b7lectual i industrial, no adquirint l&#039;usuari cap facultat sobre ells pel simple acc\u00e9s i \u00fas del Lloc Web.<\/p><p>Queda prohibida la utilitzaci\u00f3, reproducci\u00f3, distribuci\u00f3, comunicaci\u00f3 p\u00fablica i transformaci\u00f3 dels continguts del Lloc Web de qualsevol manera per part de l&#039;usuari, excepte en els casos previstos legalment o expressament autoritzats per JJ BCN INTERNACIONAL, SA En aquest sentit, s&#039;exceptua l&#039;explotaci\u00f3 dels continguts que sigui expressament autoritzada per JJ BCN INTERNACIONAL, SA als seus clients o prove\u00efdors en virtut de l&#039;corresponent contracte, aix\u00ed com l&#039;\u00fas personal i privat dels continguts d&#039;acc\u00e9s lliure i gratu\u00eft existents en el Lloc Web.<\/p><p>Qualsevol \u00fas dels continguts del Lloc Web que incompleixi l&#039;obligaci\u00f3 anterior, es considerar\u00e0 un incompliment greu dels drets de propietat intel\u00b7lectual o industrial de JJ BCN INTERNACIONAL, SA o de tercers, i pot ser denunciat i perseguit per tots els mitjans legals.<\/p><p>Per tal de poder realitzar qualsevol tipus d&#039;observaci\u00f3 respecte a possibles vulneracions dels drets de propietat intel\u00b7lectual o industrial de JJ BCN INTERNACIONAL, SA o dels seus leg\u00edtims titulars, pot fer-ho a trav\u00e9s de l&#039;adre\u00e7a de correu electr\u00f2nic info@jjbcn.com.<\/p><p><strong>Llei aplicable i jurisdicci\u00f3<\/strong><\/p><p>El present Av\u00eds Legal es regeix per la legislaci\u00f3 espanyola, sent competents els jutjats i tribunals de Barcelona per con\u00e8ixer de quantes q\u00fcestions se suscitin sobre la seva interpretaci\u00f3, aplicaci\u00f3 i compliment. L&#039;usuari, en virtut de l&#039;acceptaci\u00f3 de les previsions recollides en aquest Av\u00eds legal, renuncia expressament a qualsevol fur diferent que per aplicaci\u00f3 de la Llei vigent pogu\u00e9s correspondre-li.<\/p><p>Aix\u00f2 no obstant, si l&#039;usuari presenta la condici\u00f3 de consumidor, les disposicions de l&#039;Av\u00eds Legal estaran igualment subjectes a la corresponent legislaci\u00f3 local aplicable, sotmetent conseq\u00fcentment qualsevol controv\u00e8rsia als tribunals competents de el domicili de l&#039;usuari.<\/p>\t\t\t\t\t\t\t\t<\/div>\n\t\t\t\t<\/div>\n\t\t\t\t\t<\/div>\n\t\t<\/div>\n\t\t\t\t\t<\/div>\n\t\t<\/section>\n\t\t\t\t<\/div>","protected":false},"excerpt":{"rendered":"<p>Amb la finalitat de donar compliment a l&#039;article 10 de la Llei 34\/2002 de Serveis de la Societat de la Informaci\u00f3 i del Comer\u00e7 Electr\u00f2nic, informem els usuaris de les nostres dades: Denominaci\u00f3 Social: JJ BCN INTERNACIONAL, SADomicili Social: Pol. Ind. Sud. C\/de l&#039;Orfeo Catal\u00e0, 7. 08440, Cardedeu (Barcelona).NIF: A-61617767Adre\u00e7a de correu electr\u00f2nic: info@jjbcn.comTel\u00e8fon: 93 \u2026 <a title=\"Av\u00eds Legal\" class=\"read-more\" href=\"https:\/\/jjbcn.com\/ca\/aviso-legal\/\" aria-label=\"M\u00e9s informaci\u00f3 sobre Av\u00eds Legal\">Llegir m\u00e9s<\/a><\/p>","protected":false},"author":5,"featured_media":0,"parent":0,"menu_order":999,"comment_status":"closed","ping_status":"closed","template":"","meta":{"_acf_changed":false,"footnotes":""},"class_list":["post-8406","page","type-page","status-publish"],"acf":[],"_links":{"self":[{"href":"https:\/\/jjbcn.com\/ca\/wp-json\/wp\/v2\/pages\/8406","targetHints":{"allow":["GET"]}}],"collection":[{"href":"https:\/\/jjbcn.com\/ca\/wp-json\/wp\/v2\/pages"}],"about":[{"href":"https:\/\/jjbcn.com\/ca\/wp-json\/wp\/v2\/types\/page"}],"author":[{"embeddable":true,"href":"https:\/\/jjbcn.com\/ca\/wp-json\/wp\/v2\/users\/5"}],"replies":[{"embeddable":true,"href":"https:\/\/jjbcn.com\/ca\/wp-json\/wp\/v2\/comments?post=8406"}],"version-history":[{"count":16,"href":"https:\/\/jjbcn.com\/ca\/wp-json\/wp\/v2\/pages\/8406\/revisions"}],"predecessor-version":[{"id":9085,"href":"https:\/\/jjbcn.com\/ca\/wp-json\/wp\/v2\/pages\/8406\/revisions\/9085"}],"wp:attachment":[{"href":"https:\/\/jjbcn.com\/ca\/wp-json\/wp\/v2\/media?parent=8406"}],"curies":[{"name":"wp","href":"https:\/\/api.w.org\/{rel}","templated":true}]}}