{"id":425,"date":"2017-07-28T12:29:13","date_gmt":"2017-07-28T10:29:13","guid":{"rendered":"http:\/\/jjbcn.com\/producto\/j2-l-10\/"},"modified":"2021-02-21T18:18:41","modified_gmt":"2021-02-21T16:18:41","slug":"j2-l-10","status":"publish","type":"product","link":"https:\/\/jjbcn.com\/ca\/serie\/j2-l-10\/","title":{"rendered":"J2 L-10"},"content":{"rendered":"","protected":false},"excerpt":{"rendered":"<p align=\"justify\">Aquest actuador fabricat majorit\u00e0riament en pl\u00e0stic (cos i base a PA Anticorrosiva), \u00e9s lleuger i petit. Molt indicat per a v\u00e0lvules m\u00e9s petites, ja que el seu parell no \u00e9s superior a <strong>12Nm<\/strong>.<br \/>\nEs tracta del petit dels nostres actuadors que, opera a un voltatge de <strong>24VDC\/VAC<\/strong>.<br \/>\nLa seva connexi\u00f3 a la xarxa es realitza a trav\u00e9s dels seus connectors DIN, tant per a voltatge com per a les confirmacions de posici\u00f3.<br \/>\nUna <strong>resist\u00e8ncia calefactora<\/strong> s&#039;inclou de forma est\u00e0ndard com a protecci\u00f3 anticondensaci\u00f3.<br \/>\nEl <strong>indicador de posici\u00f3<\/strong> \u00e9s una palanca en forma de T, situada a la tapa.<br \/>\nL&#039;actuador es pot situar de manera manual o autom\u00e0tica, utilitzant la <strong>palanca selectora<\/strong>, situada a un dels costats de la base de l actuador.<br \/>\nAquest model es munta a la v\u00e0lvula usant una brida multi F-ISO5211 de pl\u00e0stic amb rosca met\u00e0l\u00b7lica.<br \/>\nL&#039;actuador est\u00e0 protegit davant de qualsevol dany mec\u00e0nic produ\u00eft per un exc\u00e9s de parell, utilitzant el seu <strong>sistema electr\u00f2nic de limitador de parell<\/strong>.<\/p>","protected":false},"featured_media":4796,"template":"","meta":{"_acf_changed":false},"product_brand":[],"product_cat":[28,31],"product_tag":[],"class_list":{"0":"post-425","1":"product","2":"type-product","3":"status-publish","4":"has-post-thumbnail","6":"product_cat-actuadores-electricos-multivoltaje","7":"product_cat-serie-j2","9":"first","10":"instock","11":"product-type-simple"},"acf":[],"_links":{"self":[{"href":"https:\/\/jjbcn.com\/ca\/wp-json\/wp\/v2\/product\/425","targetHints":{"allow":["GET"]}}],"collection":[{"href":"https:\/\/jjbcn.com\/ca\/wp-json\/wp\/v2\/product"}],"about":[{"href":"https:\/\/jjbcn.com\/ca\/wp-json\/wp\/v2\/types\/product"}],"version-history":[{"count":5,"href":"https:\/\/jjbcn.com\/ca\/wp-json\/wp\/v2\/product\/425\/revisions"}],"predecessor-version":[{"id":7573,"href":"https:\/\/jjbcn.com\/ca\/wp-json\/wp\/v2\/product\/425\/revisions\/7573"}],"wp:featuredmedia":[{"embeddable":true,"href":"https:\/\/jjbcn.com\/ca\/wp-json\/wp\/v2\/media\/4796"}],"wp:attachment":[{"href":"https:\/\/jjbcn.com\/ca\/wp-json\/wp\/v2\/media?parent=425"}],"wp:term":[{"taxonomy":"product_brand","embeddable":true,"href":"https:\/\/jjbcn.com\/ca\/wp-json\/wp\/v2\/product_brand?post=425"},{"taxonomy":"product_cat","embeddable":true,"href":"https:\/\/jjbcn.com\/ca\/wp-json\/wp\/v2\/product_cat?post=425"},{"taxonomy":"product_tag","embeddable":true,"href":"https:\/\/jjbcn.com\/ca\/wp-json\/wp\/v2\/product_tag?post=425"}],"curies":[{"name":"wp","href":"https:\/\/api.w.org\/{rel}","templated":true}]}}