{"id":429,"date":"2017-07-28T12:29:13","date_gmt":"2017-07-28T10:29:13","guid":{"rendered":"http:\/\/jjbcn.com\/producto\/rc20\/"},"modified":"2021-09-10T13:22:07","modified_gmt":"2021-09-10T11:22:07","slug":"rc20","status":"publish","type":"product","link":"https:\/\/jjbcn.com\/ca\/serie\/rc20\/","title":{"rendered":"RC20"},"content":{"rendered":"","protected":false},"excerpt":{"rendered":"<p align=\"justify\"><span style=\"font-size: xx-small;\">\u00c9s un actuador el\u00e8ctric de \u00bc de volta b\u00e0sic (ON-OFF). Aquest model de la s\u00e8rie RC t\u00e9 un <strong>parell m\u00e0xim de 25Nm<\/strong> i pot treballar a un sol voltatge (12VDC\/VAC, 24VDC\/VAC, 48VDC\/VAC, 110VDC\/VAC, 240VAC).<br \/>\nDisposa de prestacions comunes a la s\u00e8rie d&#039;actuadors el\u00e8ctrics J3C com la palanca autom\u00e0tic\/manual <strong>(MDL)<\/strong>, l&#039;indicador visual de posici\u00f3 <strong>(VPI)<\/strong>, comandament manual d&#039;emerg\u00e8ncia <strong>(EMO)<\/strong> i un grau de protecci\u00f3 IP67.<br \/>\n<\/span><\/p>","protected":false},"featured_media":8485,"template":"","meta":{"_acf_changed":false},"product_brand":[],"product_cat":[28,32],"product_tag":[],"class_list":{"0":"post-429","1":"product","2":"type-product","3":"status-publish","4":"has-post-thumbnail","6":"product_cat-actuadores-electricos-multivoltaje","7":"product_cat-serie-rc","9":"first","10":"instock","11":"product-type-simple"},"acf":[],"_links":{"self":[{"href":"https:\/\/jjbcn.com\/ca\/wp-json\/wp\/v2\/product\/429","targetHints":{"allow":["GET"]}}],"collection":[{"href":"https:\/\/jjbcn.com\/ca\/wp-json\/wp\/v2\/product"}],"about":[{"href":"https:\/\/jjbcn.com\/ca\/wp-json\/wp\/v2\/types\/product"}],"version-history":[{"count":6,"href":"https:\/\/jjbcn.com\/ca\/wp-json\/wp\/v2\/product\/429\/revisions"}],"predecessor-version":[{"id":7620,"href":"https:\/\/jjbcn.com\/ca\/wp-json\/wp\/v2\/product\/429\/revisions\/7620"}],"wp:featuredmedia":[{"embeddable":true,"href":"https:\/\/jjbcn.com\/ca\/wp-json\/wp\/v2\/media\/8485"}],"wp:attachment":[{"href":"https:\/\/jjbcn.com\/ca\/wp-json\/wp\/v2\/media?parent=429"}],"wp:term":[{"taxonomy":"product_brand","embeddable":true,"href":"https:\/\/jjbcn.com\/ca\/wp-json\/wp\/v2\/product_brand?post=429"},{"taxonomy":"product_cat","embeddable":true,"href":"https:\/\/jjbcn.com\/ca\/wp-json\/wp\/v2\/product_cat?post=429"},{"taxonomy":"product_tag","embeddable":true,"href":"https:\/\/jjbcn.com\/ca\/wp-json\/wp\/v2\/product_tag?post=429"}],"curies":[{"name":"wp","href":"https:\/\/api.w.org\/{rel}","templated":true}]}}