{"id":664,"date":"2017-07-28T16:12:25","date_gmt":"2017-07-28T14:12:25","guid":{"rendered":"http:\/\/jjbcn.com\/producto\/no-namur-pneumatrol\/"},"modified":"2017-08-30T11:39:49","modified_gmt":"2017-08-30T09:39:49","slug":"no-namur-pneumatrol","status":"publish","type":"product","link":"https:\/\/jjbcn.com\/ca\/serie\/no-namur-pneumatrol\/","title":{"rendered":"No Namur Pneumatrol"},"content":{"rendered":"","protected":false},"excerpt":{"rendered":"<p>La electrov\u00e0lvula No Namur Pneumatrol est\u00e0 fabricada en cos de. A continuaci\u00f3 es detallen les seves especificacions t\u00e8cniques.<\/p>","protected":false},"featured_media":0,"template":"","meta":{"_acf_changed":false},"product_brand":[],"product_cat":[46,72],"product_tag":[],"class_list":{"0":"post-664","1":"product","2":"type-product","3":"status-publish","5":"product_cat-actuadores-pneumaticos","6":"product_cat-electrovalvulas-actuadores-pneumaticos","8":"first","9":"instock","10":"product-type-simple"},"acf":[],"_links":{"self":[{"href":"https:\/\/jjbcn.com\/ca\/wp-json\/wp\/v2\/product\/664","targetHints":{"allow":["GET"]}}],"collection":[{"href":"https:\/\/jjbcn.com\/ca\/wp-json\/wp\/v2\/product"}],"about":[{"href":"https:\/\/jjbcn.com\/ca\/wp-json\/wp\/v2\/types\/product"}],"version-history":[{"count":0,"href":"https:\/\/jjbcn.com\/ca\/wp-json\/wp\/v2\/product\/664\/revisions"}],"wp:attachment":[{"href":"https:\/\/jjbcn.com\/ca\/wp-json\/wp\/v2\/media?parent=664"}],"wp:term":[{"taxonomy":"product_brand","embeddable":true,"href":"https:\/\/jjbcn.com\/ca\/wp-json\/wp\/v2\/product_brand?post=664"},{"taxonomy":"product_cat","embeddable":true,"href":"https:\/\/jjbcn.com\/ca\/wp-json\/wp\/v2\/product_cat?post=664"},{"taxonomy":"product_tag","embeddable":true,"href":"https:\/\/jjbcn.com\/ca\/wp-json\/wp\/v2\/product_tag?post=664"}],"curies":[{"name":"wp","href":"https:\/\/api.w.org\/{rel}","templated":true}]}}