{"id":10766,"date":"2022-11-29T09:55:37","date_gmt":"2022-11-29T07:55:37","guid":{"rendered":"https:\/\/jjbcn.com\/?page_id=10766"},"modified":"2023-05-08T13:29:06","modified_gmt":"2023-05-08T11:29:06","slug":"entreprise","status":"publish","type":"page","link":"https:\/\/jjbcn.com\/fr\/empresa\/","title":{"rendered":"Entreprise"},"content":{"rendered":"<div data-elementor-type=\"wp-page\" data-elementor-id=\"10766\" class=\"elementor elementor-10766\" data-elementor-post-type=\"page\">\n\t\t\t\t\t\t<section class=\"elementor-section elementor-top-section elementor-element elementor-element-432e86cc elementor-section-height-min-height elementor-section-content-middle elementor-section-boxed elementor-section-height-default elementor-section-items-middle\" data-id=\"432e86cc\" data-element_type=\"section\" data-e-type=\"section\" data-settings=\"{&quot;background_background&quot;:&quot;classic&quot;,&quot;jet_parallax_layout_list&quot;:[]}\">\n\t\t\t\t\t\t<div class=\"elementor-container elementor-column-gap-default\">\n\t\t\t\t\t<div class=\"elementor-column elementor-col-50 elementor-top-column elementor-element elementor-element-29ae318c\" data-id=\"29ae318c\" data-element_type=\"column\" data-e-type=\"column\">\n\t\t\t<div class=\"elementor-widget-wrap elementor-element-populated\">\n\t\t\t\t\t\t<div class=\"elementor-element elementor-element-8748c48 elementor-widget elementor-widget-spacer\" data-id=\"8748c48\" data-element_type=\"widget\" data-e-type=\"widget\" data-widget_type=\"spacer.default\">\n\t\t\t\t<div class=\"elementor-widget-container\">\n\t\t\t\t\t\t\t<div class=\"elementor-spacer\">\n\t\t\t<div class=\"elementor-spacer-inner\"><\/div>\n\t\t<\/div>\n\t\t\t\t\t\t<\/div>\n\t\t\t\t<\/div>\n\t\t\t\t<div class=\"elementor-element elementor-element-6a0bd412 elementor-widget elementor-widget-heading\" data-id=\"6a0bd412\" data-element_type=\"widget\" data-e-type=\"widget\" data-widget_type=\"heading.default\">\n\t\t\t\t<div class=\"elementor-widget-container\">\n\t\t\t\t\t<p class=\"elementor-heading-title elementor-size-default\">QUI EST-CE<br><span class=\"color-h1-home-jj\">NOUS SOMMES<\/span><\/p>\t\t\t\t<\/div>\n\t\t\t\t<\/div>\n\t\t\t\t<div class=\"elementor-element elementor-element-57d76d68 elementor-widget elementor-widget-image\" data-id=\"57d76d68\" data-element_type=\"widget\" data-e-type=\"widget\" data-widget_type=\"image.default\">\n\t\t\t\t<div class=\"elementor-widget-container\">\n\t\t\t\t\t\t\t\t\t\t\t\t\t\t\t<img fetchpriority=\"high\" decoding=\"async\" width=\"1024\" height=\"108\" src=\"https:\/\/jjbcn.com\/wp-content\/uploads\/FILETE-1024x108.png\" class=\"attachment-large size-large wp-image-9953\" alt=\"\" srcset=\"https:\/\/jjbcn.com\/wp-content\/uploads\/FILETE-1024x108.png 1024w, https:\/\/jjbcn.com\/wp-content\/uploads\/FILETE-300x32.png 300w, https:\/\/jjbcn.com\/wp-content\/uploads\/FILETE-768x81.png 768w, https:\/\/jjbcn.com\/wp-content\/uploads\/FILETE-18x2.png 18w, https:\/\/jjbcn.com\/wp-content\/uploads\/FILETE-482x51.png 482w, https:\/\/jjbcn.com\/wp-content\/uploads\/FILETE.png 1071w\" sizes=\"(max-width: 1024px) 100vw, 1024px\" \/>\t\t\t\t\t\t\t\t\t\t\t\t\t\t\t<\/div>\n\t\t\t\t<\/div>\n\t\t\t\t\t<\/div>\n\t\t<\/div>\n\t\t\t\t<div class=\"elementor-column elementor-col-50 elementor-top-column elementor-element elementor-element-5f0479dd\" data-id=\"5f0479dd\" data-element_type=\"column\" data-e-type=\"column\">\n\t\t\t<div class=\"elementor-widget-wrap\">\n\t\t\t\t\t\t\t<\/div>\n\t\t<\/div>\n\t\t\t\t\t<\/div>\n\t\t<\/section>\n\t\t\t\t<section class=\"elementor-section elementor-top-section elementor-element elementor-element-bdbd840 elementor-section-height-min-height elementor-section-boxed elementor-section-height-default elementor-section-items-middle\" data-id=\"bdbd840\" data-element_type=\"section\" data-e-type=\"section\" data-settings=\"{&quot;jet_parallax_layout_list&quot;:[],&quot;background_background&quot;:&quot;classic&quot;}\">\n\t\t\t\t\t\t<div class=\"elementor-container elementor-column-gap-default\">\n\t\t\t\t\t<div class=\"elementor-column elementor-col-100 elementor-top-column elementor-element elementor-element-6c2ddc0\" data-id=\"6c2ddc0\" data-element_type=\"column\" data-e-type=\"column\">\n\t\t\t<div class=\"elementor-widget-wrap elementor-element-populated\">\n\t\t\t\t\t\t<div class=\"elementor-element elementor-element-55f8832 elementor-widget elementor-widget-text-editor\" data-id=\"55f8832\" data-element_type=\"widget\" data-e-type=\"widget\" data-widget_type=\"text-editor.default\">\n\t\t\t\t<div class=\"elementor-widget-container\">\n\t\t\t\t\t\t\t\t\t<div title=\"Page 1\"><p><b>\u00a0<\/b><\/p><p><b>J.J. BCN INTERNACIONAL, S.A.<\/b> est une entreprise bas\u00e9e dans la province de Barcelone, en Espagne, sp\u00e9cialis\u00e9e dans la fabrication et la vente d&#039;actionneurs \u00e9lectriques pour vannes et syst\u00e8mes d&#039;automatisation. La soci\u00e9t\u00e9 a \u00e9t\u00e9 fond\u00e9e en 1998 par les fr\u00e8res J. et JM Chaves, dans le but de fabriquer et de commercialiser des actionneurs \u00e9lectriques quart de tour. L&#039;exp\u00e9rience des fondateurs dans le domaine de l&#039;automatisation des vannes remonte \u00e0 de nombreuses ann\u00e9es, gr\u00e2ce \u00e0 son pr\u00e9d\u00e9cesseur, DITEICO SL<\/p><p>DITEICO SL a \u00e9t\u00e9 fond\u00e9e en 1967 et est devenue l&#039;une des entreprises pionni\u00e8res dans le domaine de l&#039;automatisation des vannes. Depuis plus de 30 ans, l&#039;entreprise a apport\u00e9 son exp\u00e9rience dans la conception et la fabrication d&#039;actionneurs \u00e9lectriques pour vannes, ce qui a permis aux fondateurs de JJ BCN INTERNACIONAL, SA d&#039;avoir une connaissance approfondie du march\u00e9 et des besoins de ses clients.<\/p><p>Au fil des ans, JJ BCN INTERNACIONAL, SA a \u00e9tendu sa pr\u00e9sence dans le monde entier et ses produits sont actuellement distribu\u00e9s dans plus de 70 pays \u00e0 travers le monde. L&#039;entreprise dispose d&#039;un r\u00e9seau de ses propres distributeurs, ainsi que d&#039;un vaste r\u00e9seau de distributeurs officiels \u00e0 travers le monde, ce qui lui permet d&#039;offrir un service client rapide et efficace.<\/p><p>L&#039;une des principales valeurs de JJ BCN INTERNACIONAL, SA est la qualit\u00e9 de ses produits et services. Pour cette raison, l&#039;entreprise dispose d&#039;un syst\u00e8me de qualit\u00e9 qui englobe toutes les phases du processus de conception et de production de ses actionneurs \u00e9lectriques, ainsi que l&#039;emballage et le service apr\u00e8s-vente. Ce syst\u00e8me qualit\u00e9 a \u00e9t\u00e9 certifi\u00e9 par la norme <b>ISO 9001:2015<\/b>, ce qui garantit que l&#039;entreprise respecte les normes de qualit\u00e9 internationales.<\/p><p>De plus, JJ BCN INTERNACIONAL, SA poss\u00e8de une marque d\u00e9pos\u00e9e internationalement : J+J\u00ae. Cette marque est consid\u00e9r\u00e9e comme l&#039;un des leaders dans le domaine de l&#039;automatisation \u00e9lectrique des vannes 1\/4 de tour, gr\u00e2ce \u00e0 la qualit\u00e9 et la fiabilit\u00e9 de ses produits.<\/p><p>Enfin, JJ BCN INTERNACIONAL, SA appr\u00e9cie la confiance plac\u00e9e dans ses produits par ses clients et fournisseurs, ce qui les oblige \u00e0 s&#039;am\u00e9liorer chaque jour pour continuer \u00e0 offrir des produits et services de qualit\u00e9 dans le domaine de l&#039;automatisation des vannes.<\/p><\/div>\t\t\t\t\t\t\t\t<\/div>\n\t\t\t\t<\/div>\n\t\t\t\t\t<\/div>\n\t\t<\/div>\n\t\t\t\t\t<\/div>\n\t\t<\/section>\n\t\t\t\t<section class=\"elementor-section elementor-top-section elementor-element elementor-element-5c9835a elementor-hidden-desktop elementor-hidden-tablet elementor-hidden-mobile elementor-section-boxed elementor-section-height-default elementor-section-height-default\" data-id=\"5c9835a\" data-element_type=\"section\" data-e-type=\"section\" data-settings=\"{&quot;jet_parallax_layout_list&quot;:[]}\">\n\t\t\t\t\t\t<div class=\"elementor-container elementor-column-gap-default\">\n\t\t\t\t\t<div class=\"elementor-column elementor-col-100 elementor-top-column elementor-element elementor-element-f8870f1\" data-id=\"f8870f1\" data-element_type=\"column\" data-e-type=\"column\">\n\t\t\t<div class=\"elementor-widget-wrap elementor-element-populated\">\n\t\t\t\t\t\t<div class=\"elementor-element elementor-element-b8e67bd elementor-widget elementor-widget-heading\" data-id=\"b8e67bd\" data-element_type=\"widget\" data-e-type=\"widget\" data-widget_type=\"heading.default\">\n\t\t\t\t<div class=\"elementor-widget-container\">\n\t\t\t\t\t<h1 class=\"elementor-heading-title elementor-size-default\">Entreprise<\/h1>\t\t\t\t<\/div>\n\t\t\t\t<\/div>\n\t\t\t\t<div class=\"elementor-element elementor-element-c98f142 elementor-widget elementor-widget-heading\" data-id=\"c98f142\" data-element_type=\"widget\" data-e-type=\"widget\" data-widget_type=\"heading.default\">\n\t\t\t\t<div class=\"elementor-widget-container\">\n\t\t\t\t\t<h2 class=\"elementor-heading-title elementor-size-default\">soci\u00e9t\u00e9 JJ BCN INTERNATIONAL SA<\/h2>\t\t\t\t<\/div>\n\t\t\t\t<\/div>\n\t\t\t\t<div class=\"elementor-element elementor-element-5f025bb elementor-widget elementor-widget-heading\" data-id=\"5f025bb\" data-element_type=\"widget\" data-e-type=\"widget\" data-widget_type=\"heading.default\">\n\t\t\t\t<div class=\"elementor-widget-container\">\n\t\t\t\t\t<h2 class=\"elementor-heading-title elementor-size-default\">fabricant d&#039;actionneurs \u00e9lectriques<\/h2>\t\t\t\t<\/div>\n\t\t\t\t<\/div>\n\t\t\t\t<div class=\"elementor-element elementor-element-f1370d6 elementor-widget elementor-widget-heading\" data-id=\"f1370d6\" data-element_type=\"widget\" data-e-type=\"widget\" data-widget_type=\"heading.default\">\n\t\t\t\t<div class=\"elementor-widget-container\">\n\t\t\t\t\t<h2 class=\"elementor-heading-title elementor-size-default\">Qui sommes nous<\/h2>\t\t\t\t<\/div>\n\t\t\t\t<\/div>\n\t\t\t\t<div class=\"elementor-element elementor-element-2dd4181 elementor-widget elementor-widget-heading\" data-id=\"2dd4181\" data-element_type=\"widget\" data-e-type=\"widget\" data-widget_type=\"heading.default\">\n\t\t\t\t<div class=\"elementor-widget-container\">\n\t\t\t\t\t<h2 class=\"elementor-heading-title elementor-size-default\">Historique de la soci\u00e9t\u00e9 JJ BCN INTERNACIONAL SA<\/h2>\t\t\t\t<\/div>\n\t\t\t\t<\/div>\n\t\t\t\t\t<\/div>\n\t\t<\/div>\n\t\t\t\t\t<\/div>\n\t\t<\/section>\n\t\t\t\t<section class=\"elementor-section elementor-top-section elementor-element elementor-element-c73a2db elementor-hidden-desktop elementor-hidden-tablet elementor-hidden-mobile elementor-section-boxed elementor-section-height-default elementor-section-height-default\" data-id=\"c73a2db\" data-element_type=\"section\" data-e-type=\"section\" data-settings=\"{&quot;jet_parallax_layout_list&quot;:[]}\">\n\t\t\t\t\t\t<div class=\"elementor-container elementor-column-gap-default\">\n\t\t\t\t\t<div class=\"elementor-column elementor-col-50 elementor-top-column elementor-element elementor-element-efa86e4\" data-id=\"efa86e4\" data-element_type=\"column\" data-e-type=\"column\">\n\t\t\t<div class=\"elementor-widget-wrap elementor-element-populated\">\n\t\t\t\t\t\t<div class=\"elementor-element elementor-element-c1191b3 elementor-widget elementor-widget-image\" data-id=\"c1191b3\" data-element_type=\"widget\" data-e-type=\"widget\" data-widget_type=\"image.default\">\n\t\t\t\t<div class=\"elementor-widget-container\">\n\t\t\t\t\t\t\t\t\t\t\t\t\t\t\t<img decoding=\"async\" width=\"1024\" height=\"487\" src=\"https:\/\/jjbcn.com\/wp-content\/uploads\/imatge-empresa-1024x487.jpg\" class=\"attachment-large size-large wp-image-10768\" alt=\"entreprise\" srcset=\"https:\/\/jjbcn.com\/wp-content\/uploads\/imatge-empresa-1024x487.jpg 1024w, https:\/\/jjbcn.com\/wp-content\/uploads\/imatge-empresa-300x143.jpg 300w, https:\/\/jjbcn.com\/wp-content\/uploads\/imatge-empresa-768x365.jpg 768w, https:\/\/jjbcn.com\/wp-content\/uploads\/imatge-empresa-1536x731.jpg 1536w, https:\/\/jjbcn.com\/wp-content\/uploads\/imatge-empresa-2048x974.jpg 2048w, https:\/\/jjbcn.com\/wp-content\/uploads\/imatge-empresa-18x9.jpg 18w, https:\/\/jjbcn.com\/wp-content\/uploads\/imatge-empresa-482x229.jpg 482w\" sizes=\"(max-width: 1024px) 100vw, 1024px\" \/>\t\t\t\t\t\t\t\t\t\t\t\t\t\t\t<\/div>\n\t\t\t\t<\/div>\n\t\t\t\t\t<\/div>\n\t\t<\/div>\n\t\t\t\t<div class=\"elementor-column elementor-col-50 elementor-top-column elementor-element elementor-element-b56283f\" data-id=\"b56283f\" data-element_type=\"column\" data-e-type=\"column\">\n\t\t\t<div class=\"elementor-widget-wrap elementor-element-populated\">\n\t\t\t\t\t\t<div class=\"elementor-element elementor-element-afc7e4e elementor-widget elementor-widget-button\" data-id=\"afc7e4e\" data-element_type=\"widget\" data-e-type=\"widget\" data-widget_type=\"button.default\">\n\t\t\t\t<div class=\"elementor-widget-container\">\n\t\t\t\t\t\t\t\t\t<div class=\"elementor-button-wrapper\">\n\t\t\t\t\t<a class=\"elementor-button elementor-button-link elementor-size-sm\" href=\"https:\/\/jjbcn.com\/fr\/contact\/\" rel=\"nofollow\">\n\t\t\t\t\t\t<span class=\"elementor-button-content-wrapper\">\n\t\t\t\t\t\t\t\t\t<span class=\"elementor-button-text\">Contact direct avec JJ BCN International<\/span>\n\t\t\t\t\t<\/span>\n\t\t\t\t\t<\/a>\n\t\t\t\t<\/div>\n\t\t\t\t\t\t\t\t<\/div>\n\t\t\t\t<\/div>\n\t\t\t\t<div class=\"elementor-element elementor-element-7442209 elementor-widget elementor-widget-button\" data-id=\"7442209\" data-element_type=\"widget\" data-e-type=\"widget\" data-widget_type=\"button.default\">\n\t\t\t\t<div class=\"elementor-widget-container\">\n\t\t\t\t\t\t\t\t\t<div class=\"elementor-button-wrapper\">\n\t\t\t\t\t<a class=\"elementor-button elementor-button-link elementor-size-sm\" href=\"https:\/\/www.youtube.com\/@jjbcninternacional2714\" canal=\"\" target=\"_blank\" rel=\"noopener\">\n\t\t\t\t\t\t<span class=\"elementor-button-content-wrapper\">\n\t\t\t\t\t\t\t\t\t<span class=\"elementor-button-text\">Cha\u00eene Youtube JJ BCN International<\/span>\n\t\t\t\t\t<\/span>\n\t\t\t\t\t<\/a>\n\t\t\t\t<\/div>\n\t\t\t\t\t\t\t\t<\/div>\n\t\t\t\t<\/div>\n\t\t\t\t\t<\/div>\n\t\t<\/div>\n\t\t\t\t\t<\/div>\n\t\t<\/section>\n\t\t\t\t<section class=\"elementor-section elementor-top-section elementor-element elementor-element-8fea2a0 elementor-hidden-desktop elementor-hidden-tablet elementor-hidden-mobile elementor-section-boxed elementor-section-height-default elementor-section-height-default\" data-id=\"8fea2a0\" data-element_type=\"section\" data-e-type=\"section\" data-settings=\"{&quot;jet_parallax_layout_list&quot;:[]}\">\n\t\t\t\t\t\t<div class=\"elementor-container elementor-column-gap-default\">\n\t\t\t\t\t<div class=\"elementor-column elementor-col-100 elementor-top-column elementor-element elementor-element-9e12a46\" data-id=\"9e12a46\" data-element_type=\"column\" data-e-type=\"column\">\n\t\t\t<div class=\"elementor-widget-wrap elementor-element-populated\">\n\t\t\t\t\t\t<div class=\"elementor-element elementor-element-274ee5d elementor-widget elementor-widget-text-editor\" data-id=\"274ee5d\" data-element_type=\"widget\" data-e-type=\"widget\" data-widget_type=\"text-editor.default\">\n\t\t\t\t<div class=\"elementor-widget-container\">\n\t\t\t\t\t\t\t\t\tChez JJ BCN Internacional SA, nous nous consacrons \u00e0 la conception et \u00e0 la production d&#039;actionneurs \u00e9lectriques fiables et de haute qualit\u00e9 pour des applications industrielles et commerciales. Nos produits sont utilis\u00e9s dans une grande vari\u00e9t\u00e9 de secteurs, tels que l&#039;automatisation des processus industriels, le g\u00e9nie civil et les \u00e9nergies renouvelables. Nous avons une \u00e9quipe de professionnels hautement qualifi\u00e9s engag\u00e9s envers l&#039;excellence \u00e0 chaque \u00e9tape du processus de fabrication, de la recherche et du d\u00e9veloppement \u00e0 la production et au service apr\u00e8s-vente. Nous nous effor\u00e7ons d&#039;offrir des solutions personnalis\u00e9es pour chaque client, en nous adaptant \u00e0 leurs besoins et exigences sp\u00e9cifiques. Chez JJ BCN Internacional SA, nous sommes fiers de notre capacit\u00e9 \u00e0 offrir des produits de haute qualit\u00e9 \u00e0 des prix comp\u00e9titifs, sans compromettre la qualit\u00e9 ou la fiabilit\u00e9. De plus, notre entreprise s&#039;engage \u00e0 fournir un service exceptionnel \u00e0 chacun de nos clients, afin d&#039;assurer leur satisfaction et leur fid\u00e9lit\u00e9 \u00e0 long terme. Nous appr\u00e9cions l&#039;int\u00e9r\u00eat que vous portez \u00e0 nos produits et services et nous nous r\u00e9jouissons de travailler avec vous \u00e0 l&#039;avenir. N&#039;h\u00e9sitez pas \u00e0 nous contacter si vous avez besoin de plus d&#039;informations sur nos produits ou services. JJ BCN Internacional SA est un fabricant leader d&#039;actionneurs \u00e9lectriques bas\u00e9 \u00e0 Barcelone, en Espagne. L&#039;entreprise s&#039;est d\u00e9marqu\u00e9e sur le march\u00e9 gr\u00e2ce \u00e0 la qualit\u00e9 de ses produits et \u00e0 son souci du service \u00e0 la client\u00e8le. Aujourd&#039;hui, JJ BCN Internacional SA s&#039;est \u00e9tendu sur la sc\u00e8ne mondiale, apportant son exp\u00e9rience et son excellence \u00e0 de nouveaux march\u00e9s. L&#039;expansion mondiale de JJ BCN Internacional SA a \u00e9t\u00e9 un processus soigneusement planifi\u00e9 qui a dur\u00e9 plusieurs ann\u00e9es. La soci\u00e9t\u00e9 a \u00e9tabli un r\u00e9seau de distributeurs \u00e0 travers le monde, ce qui a permis \u00e0 ses produits d&#039;atteindre des clients dans toutes les r\u00e9gions du monde. Les distributeurs ont \u00e9t\u00e9 s\u00e9lectionn\u00e9s pour leur exp\u00e9rience du march\u00e9 local et leur engagement envers la qualit\u00e9 et le service client. L&#039;entreprise a travaill\u00e9 sur l&#039;adaptation de ses produits pour se conformer aux r\u00e8gles et r\u00e9glementations des diff\u00e9rents pays o\u00f9 elle est implant\u00e9e. Les produits JJ BCN Internacional SA sont hautement personnalisables, ce qui permet \u00e0 l&#039;entreprise d&#039;adapter ses produits aux besoins sp\u00e9cifiques de chaque march\u00e9. De plus, JJ BCN Internacional SA a investi dans la formation de son personnel dans les langues et cultures locales afin d&#039;am\u00e9liorer leur capacit\u00e9 \u00e0 travailler avec des clients du monde entier. L&#039;expansion mondiale de JJ BCN Internacional SA a \u00e9t\u00e9 tr\u00e8s r\u00e9ussie. La soci\u00e9t\u00e9 a r\u00e9ussi \u00e0 \u00e9tablir une pr\u00e9sence mondiale et a acquis une r\u00e9putation de qualit\u00e9 et de service \u00e0 la client\u00e8le dans le monde entier. JJ BCN Internacional SA a pu profiter de nouvelles opportunit\u00e9s commerciales sur diff\u00e9rents march\u00e9s et a r\u00e9ussi \u00e0 augmenter sa part sur le march\u00e9 mondial. En r\u00e9sum\u00e9, JJ BCN Internacional SA est une entreprise qui a r\u00e9ussi \u00e0 apporter son exp\u00e9rience et son excellence dans la fabrication d&#039;actionneurs \u00e9lectriques sur les march\u00e9s du monde entier. L&#039;entreprise a atteint une pr\u00e9sence mondiale gr\u00e2ce \u00e0 l&#039;accent mis sur la qualit\u00e9, le service client et l&#039;adaptation aux march\u00e9s locaux. JJ BCN Internacional SA est une entreprise leader dans son secteur et une excellente option pour tous ceux qui recherchent des produits de haute qualit\u00e9 et un service client exceptionnel. Les actionneurs \u00e9lectriques sont des dispositifs qui convertissent l&#039;\u00e9nergie \u00e9lectrique en mouvement m\u00e9canique. Ils sont largement utilis\u00e9s dans une vari\u00e9t\u00e9 d&#039;applications, y compris l&#039;automatisation industrielle, la robotique, le g\u00e9nie civil et les \u00e9nergies renouvelables. La technologie des actionneurs \u00e9lectriques a consid\u00e9rablement \u00e9volu\u00e9 au cours des derni\u00e8res d\u00e9cennies, am\u00e9liorant son efficacit\u00e9, sa pr\u00e9cision et sa fiabilit\u00e9. Dans le pass\u00e9, les actionneurs \u00e9lectriques \u00e9taient de simples moteurs \u00e9lectriques connect\u00e9s \u00e0 un syst\u00e8me m\u00e9canique pour g\u00e9n\u00e9rer un mouvement. Cependant, la technologie a \u00e9volu\u00e9 pour permettre l&#039;int\u00e9gration de l&#039;\u00e9lectronique et de l&#039;informatique dans les actionneurs \u00e9lectriques, ce qui a consid\u00e9rablement am\u00e9lior\u00e9 leurs performances et leur polyvalence. Aujourd&#039;hui, les actionneurs \u00e9lectriques sont des syst\u00e8mes hautement automatis\u00e9s et contr\u00f4l\u00e9s par ordinateur. Des capteurs et des algorithmes sont utilis\u00e9s pour contr\u00f4ler le mouvement des actionneurs, permettant un niveau sup\u00e9rieur de pr\u00e9cision et d&#039;efficacit\u00e9 dans le mouvement. L&#039;\u00e9volution technologique a \u00e9galement permis aux actionneurs \u00e9lectriques d&#039;\u00eatre plus petits et plus l\u00e9gers, ce qui les rend id\u00e9aux pour les applications n\u00e9cessitant un espace limit\u00e9 ou dans les applications mobiles. De plus, les actionneurs \u00e9lectriques modernes sont plus \u00e9conomes en \u00e9nergie, ce qui r\u00e9duit le co\u00fbt et l&#039;empreinte carbone de leur utilisation. La technologie des actionneurs \u00e9lectriques a \u00e9galement am\u00e9lior\u00e9 leur capacit\u00e9 \u00e0 fonctionner dans des environnements difficiles. Par exemple, certains actionneurs \u00e9lectriques modernes sont capables de r\u00e9sister \u00e0 une exposition \u00e0 des temp\u00e9ratures extr\u00eames, \u00e0 l&#039;eau, \u00e0 la poussi\u00e8re et \u00e0 d&#039;autres facteurs environnementaux qui peuvent endommager d&#039;autres types d&#039;actionneurs. En r\u00e9sum\u00e9, la technologie des actionneurs \u00e9lectriques a consid\u00e9rablement \u00e9volu\u00e9 au cours des derni\u00e8res d\u00e9cennies. L&#039;int\u00e9gration de l&#039;\u00e9lectronique et de l&#039;informatique dans les actionneurs \u00e9lectriques a am\u00e9lior\u00e9 leur efficacit\u00e9, leur pr\u00e9cision et leur polyvalence, entra\u00eenant une demande accrue dans une vari\u00e9t\u00e9 d&#039;industries. L&#039;\u00e9volution technologique a \u00e9galement permis aux actionneurs \u00e9lectriques d&#039;\u00eatre plus petits, plus l\u00e9gers et plus \u00e9conomes en \u00e9nergie, ce qui les rend id\u00e9aux pour une large gamme d&#039;applications.\t\t\t\t\t\t\t\t<\/div>\n\t\t\t\t<\/div>\n\t\t\t\t\t<\/div>\n\t\t<\/div>\n\t\t\t\t\t<\/div>\n\t\t<\/section>\n\t\t\t\t<\/div>","protected":false},"excerpt":{"rendered":"<p>QUI NOUS SOMMES JJ BCN INTERNACIONAL, SA est une entreprise bas\u00e9e dans la province de Barcelone, en Espagne, sp\u00e9cialis\u00e9e dans la fabrication et la commercialisation d&#039;actionneurs \u00e9lectriques pour vannes et syst\u00e8mes d&#039;automatisation. L&#039;entreprise a \u00e9t\u00e9 fond\u00e9e en 1998 par les fr\u00e8res J. et JM Chaves, avec pour objectif de fabriquer et commercialiser des actionneurs... <a title=\"Entreprise\" class=\"read-more\" href=\"https:\/\/jjbcn.com\/fr\/empresa\/\" aria-label=\"En savoir plus sur Empresa\">Lire plus<\/a><\/p>","protected":false},"author":5,"featured_media":0,"parent":0,"menu_order":1,"comment_status":"closed","ping_status":"closed","template":"elementor_header_footer","meta":{"_acf_changed":false,"footnotes":""},"class_list":["post-10766","page","type-page","status-publish"],"acf":[],"_links":{"self":[{"href":"https:\/\/jjbcn.com\/fr\/wp-json\/wp\/v2\/pages\/10766","targetHints":{"allow":["GET"]}}],"collection":[{"href":"https:\/\/jjbcn.com\/fr\/wp-json\/wp\/v2\/pages"}],"about":[{"href":"https:\/\/jjbcn.com\/fr\/wp-json\/wp\/v2\/types\/page"}],"author":[{"embeddable":true,"href":"https:\/\/jjbcn.com\/fr\/wp-json\/wp\/v2\/users\/5"}],"replies":[{"embeddable":true,"href":"https:\/\/jjbcn.com\/fr\/wp-json\/wp\/v2\/comments?post=10766"}],"version-history":[{"count":35,"href":"https:\/\/jjbcn.com\/fr\/wp-json\/wp\/v2\/pages\/10766\/revisions"}],"predecessor-version":[{"id":11913,"href":"https:\/\/jjbcn.com\/fr\/wp-json\/wp\/v2\/pages\/10766\/revisions\/11913"}],"wp:attachment":[{"href":"https:\/\/jjbcn.com\/fr\/wp-json\/wp\/v2\/media?parent=10766"}],"curies":[{"name":"wp","href":"https:\/\/api.w.org\/{rel}","templated":true}]}}