{"id":6392,"date":"2020-12-18T12:38:49","date_gmt":"2020-12-18T10:38:49","guid":{"rendered":"http:\/\/jjbcn.com\/?page_id=6392"},"modified":"2026-02-03T12:54:04","modified_gmt":"2026-02-03T10:54:04","slug":"actionneurs-electriques","status":"publish","type":"page","link":"https:\/\/jjbcn.com\/fr\/productos\/actuadores-electricos\/","title":{"rendered":"Actionneurs \u00e9lectriques"},"content":{"rendered":"<div data-elementor-type=\"wp-page\" data-elementor-id=\"6392\" class=\"elementor elementor-6392\" data-elementor-post-type=\"page\">\n\t\t\t\t\t\t<section class=\"elementor-section elementor-inner-section elementor-element elementor-element-6b6abe0d elementor-section-boxed elementor-section-height-default elementor-section-height-default\" data-id=\"6b6abe0d\" data-element_type=\"section\" data-e-type=\"section\" data-settings=\"{&quot;jet_parallax_layout_list&quot;:[]}\">\n\t\t\t\t\t\t<div class=\"elementor-container elementor-column-gap-default\">\n\t\t\t\t\t<div class=\"elementor-column elementor-col-100 elementor-inner-column elementor-element elementor-element-44308f7c\" data-id=\"44308f7c\" data-element_type=\"column\" data-e-type=\"column\">\n\t\t\t<div class=\"elementor-widget-wrap elementor-element-populated\">\n\t\t\t\t\t\t<div class=\"elementor-element elementor-element-5831c5ef hover-titulo-productos elementor-widget elementor-widget-heading\" data-id=\"5831c5ef\" data-element_type=\"widget\" data-e-type=\"widget\" data-widget_type=\"heading.default\">\n\t\t\t\t<div class=\"elementor-widget-container\">\n\t\t\t\t\t<h1 class=\"elementor-heading-title elementor-size-default\"><a href=\"#\">Actionneurs \u00e9lectriques<\/a><\/h1>\t\t\t\t<\/div>\n\t\t\t\t<\/div>\n\t\t\t\t<div class=\"elementor-element elementor-element-e8cd519 hover-titulo-productos elementor-hidden-desktop elementor-hidden-tablet elementor-hidden-mobile elementor-widget elementor-widget-heading\" data-id=\"e8cd519\" data-element_type=\"widget\" data-e-type=\"widget\" data-widget_type=\"heading.default\">\n\t\t\t\t<div class=\"elementor-widget-container\">\n\t\t\t\t\t<h2 class=\"elementor-heading-title elementor-size-default\"><a href=\"#\">Actionneur de vanne motoris\u00e9<\/a><\/h2>\t\t\t\t<\/div>\n\t\t\t\t<\/div>\n\t\t\t\t<div class=\"elementor-element elementor-element-46dc5a14 elementor-icon-list--layout-inline elementor-align-center elementor-hidden-desktop elementor-hidden-tablet elementor-hidden-mobile elementor-list-item-link-full_width elementor-widget elementor-widget-icon-list\" data-id=\"46dc5a14\" data-element_type=\"widget\" data-e-type=\"widget\" data-widget_type=\"icon-list.default\">\n\t\t\t\t<div class=\"elementor-widget-container\">\n\t\t\t\t\t\t\t<ul class=\"elementor-icon-list-items elementor-inline-items\">\n\t\t\t\t\t\t\t<li class=\"elementor-icon-list-item elementor-inline-item\">\n\t\t\t\t\t\t\t\t\t\t<span class=\"elementor-icon-list-text\">S\u00c9RIE J4M \/<\/span>\n\t\t\t\t\t\t\t\t\t<\/li>\n\t\t\t\t\t\t\t\t<li class=\"elementor-icon-list-item elementor-inline-item\">\n\t\t\t\t\t\t\t\t\t\t<span class=\"elementor-icon-list-text\">S\u00c9RIE J4C <\/span>\n\t\t\t\t\t\t\t\t\t<\/li>\n\t\t\t\t\t\t<\/ul>\n\t\t\t\t\t\t<\/div>\n\t\t\t\t<\/div>\n\t\t\t\t\t<\/div>\n\t\t<\/div>\n\t\t\t\t\t<\/div>\n\t\t<\/section>\n\t\t\t\t<section class=\"elementor-section elementor-top-section elementor-element elementor-element-222dd2a3 elementor-section-boxed elementor-section-height-default elementor-section-height-default\" data-id=\"222dd2a3\" data-element_type=\"section\" data-e-type=\"section\" data-settings=\"{&quot;jet_parallax_layout_list&quot;:[]}\">\n\t\t\t\t\t\t<div class=\"elementor-container elementor-column-gap-default\">\n\t\t\t\t\t<div class=\"elementor-column elementor-col-33 elementor-top-column elementor-element elementor-element-1f89419a\" data-id=\"1f89419a\" data-element_type=\"column\" data-e-type=\"column\">\n\t\t\t<div class=\"elementor-widget-wrap elementor-element-populated\">\n\t\t\t\t\t\t<section class=\"elementor-section elementor-inner-section elementor-element elementor-element-1d91350e elementor-section-boxed elementor-section-height-default elementor-section-height-default\" data-id=\"1d91350e\" data-element_type=\"section\" data-e-type=\"section\" data-settings=\"{&quot;jet_parallax_layout_list&quot;:[]}\">\n\t\t\t\t\t\t<div class=\"elementor-container elementor-column-gap-default\">\n\t\t\t\t\t<div class=\"elementor-column elementor-col-100 elementor-inner-column elementor-element elementor-element-469876f9\" data-id=\"469876f9\" data-element_type=\"column\" data-e-type=\"column\" data-settings=\"{&quot;background_background&quot;:&quot;classic&quot;}\">\n\t\t\t<div class=\"elementor-widget-wrap elementor-element-populated\">\n\t\t\t\t\t<div class=\"elementor-background-overlay\"><\/div>\n\t\t\t\t\t\t<div class=\"elementor-element elementor-element-1e9b3c5 elementor-widget elementor-widget-spacer\" data-id=\"1e9b3c5\" data-element_type=\"widget\" data-e-type=\"widget\" data-widget_type=\"spacer.default\">\n\t\t\t\t<div class=\"elementor-widget-container\">\n\t\t\t\t\t\t\t<div class=\"elementor-spacer\">\n\t\t\t<div class=\"elementor-spacer-inner\"><\/div>\n\t\t<\/div>\n\t\t\t\t\t\t<\/div>\n\t\t\t\t<\/div>\n\t\t\t\t<div class=\"elementor-element elementor-element-57a3a8d0 elementor-widget elementor-widget-image\" data-id=\"57a3a8d0\" data-element_type=\"widget\" data-e-type=\"widget\" data-widget_type=\"image.default\">\n\t\t\t\t<div class=\"elementor-widget-container\">\n\t\t\t\t\t\t\t\t\t\t\t\t\t\t\t\t<a href=\"https:\/\/jjbcn.com\/wp-content\/uploads\/J10NmH.pdf\">\n\t\t\t\t\t\t\t<img fetchpriority=\"high\" decoding=\"async\" width=\"2380\" height=\"1780\" src=\"https:\/\/jjbcn.com\/wp-content\/uploads\/LOGO-J-10Nm-e1739362612975.png\" class=\"attachment-large size-large wp-image-13371\" alt=\"\" srcset=\"https:\/\/jjbcn.com\/wp-content\/uploads\/LOGO-J-10Nm-e1739362612975.png 2380w, https:\/\/jjbcn.com\/wp-content\/uploads\/LOGO-J-10Nm-e1739362612975-170x127.png 170w, https:\/\/jjbcn.com\/wp-content\/uploads\/LOGO-J-10Nm-e1739362612975-768x574.png 768w, https:\/\/jjbcn.com\/wp-content\/uploads\/LOGO-J-10Nm-e1739362612975-1536x1149.png 1536w, https:\/\/jjbcn.com\/wp-content\/uploads\/LOGO-J-10Nm-e1739362612975-2048x1532.png 2048w, https:\/\/jjbcn.com\/wp-content\/uploads\/LOGO-J-10Nm-e1739362612975-16x12.png 16w, https:\/\/jjbcn.com\/wp-content\/uploads\/LOGO-J-10Nm-e1739362612975-482x360.png 482w\" sizes=\"(max-width: 2380px) 100vw, 2380px\" \/>\t\t\t\t\t\t\t\t<\/a>\n\t\t\t\t\t\t\t\t\t\t\t\t\t\t\t<\/div>\n\t\t\t\t<\/div>\n\t\t\t\t<div class=\"elementor-element elementor-element-23ead20 elementor-widget elementor-widget-heading\" data-id=\"23ead20\" data-element_type=\"widget\" data-e-type=\"widget\" data-widget_type=\"heading.default\">\n\t\t\t\t<div class=\"elementor-widget-container\">\n\t\t\t\t\t<h2 class=\"elementor-heading-title elementor-size-default\"><a href=\"https:\/\/jjbcn.com\/wp-content\/uploads\/J10NmH.pdf\">ACTIONNEUR <br>1\/4 DE TOUR<\/a><\/h2>\t\t\t\t<\/div>\n\t\t\t\t<\/div>\n\t\t\t\t<div class=\"elementor-element elementor-element-6043932 elementor-align-center elementor-widget elementor-widget-button\" data-id=\"6043932\" data-element_type=\"widget\" data-e-type=\"widget\" data-widget_type=\"button.default\">\n\t\t\t\t<div class=\"elementor-widget-container\">\n\t\t\t\t\t\t\t\t\t<div class=\"elementor-button-wrapper\">\n\t\t\t\t\t<a class=\"elementor-button elementor-button-link elementor-size-sm\" href=\"https:\/\/jjbcn.com\/wp-content\/uploads\/J10NmH.pdf\">\n\t\t\t\t\t\t<span class=\"elementor-button-content-wrapper\">\n\t\t\t\t\t\t\t\t\t<span class=\"elementor-button-text\">voir plus<\/span>\n\t\t\t\t\t<\/span>\n\t\t\t\t\t<\/a>\n\t\t\t\t<\/div>\n\t\t\t\t\t\t\t\t<\/div>\n\t\t\t\t<\/div>\n\t\t\t\t<div class=\"elementor-element elementor-element-44aab0f elementor-widget elementor-widget-spacer\" data-id=\"44aab0f\" data-element_type=\"widget\" data-e-type=\"widget\" data-widget_type=\"spacer.default\">\n\t\t\t\t<div class=\"elementor-widget-container\">\n\t\t\t\t\t\t\t<div class=\"elementor-spacer\">\n\t\t\t<div class=\"elementor-spacer-inner\"><\/div>\n\t\t<\/div>\n\t\t\t\t\t\t<\/div>\n\t\t\t\t<\/div>\n\t\t\t\t\t<\/div>\n\t\t<\/div>\n\t\t\t\t\t<\/div>\n\t\t<\/section>\n\t\t\t\t\t<\/div>\n\t\t<\/div>\n\t\t\t\t<div class=\"elementor-column elementor-col-33 elementor-top-column elementor-element elementor-element-8eccfb0\" data-id=\"8eccfb0\" data-element_type=\"column\" data-e-type=\"column\">\n\t\t\t<div class=\"elementor-widget-wrap elementor-element-populated\">\n\t\t\t\t\t\t<section class=\"elementor-section elementor-inner-section elementor-element elementor-element-fc45782 elementor-section-boxed elementor-section-height-default elementor-section-height-default\" data-id=\"fc45782\" data-element_type=\"section\" data-e-type=\"section\" data-settings=\"{&quot;jet_parallax_layout_list&quot;:[]}\">\n\t\t\t\t\t\t<div class=\"elementor-container elementor-column-gap-default\">\n\t\t\t\t\t<div class=\"elementor-column elementor-col-100 elementor-inner-column elementor-element elementor-element-2d58c8b\" data-id=\"2d58c8b\" data-element_type=\"column\" data-e-type=\"column\" data-settings=\"{&quot;background_background&quot;:&quot;classic&quot;}\">\n\t\t\t<div class=\"elementor-widget-wrap elementor-element-populated\">\n\t\t\t\t\t\t<div class=\"elementor-element elementor-element-2e4801f elementor-widget elementor-widget-spacer\" data-id=\"2e4801f\" data-element_type=\"widget\" data-e-type=\"widget\" data-widget_type=\"spacer.default\">\n\t\t\t\t<div class=\"elementor-widget-container\">\n\t\t\t\t\t\t\t<div class=\"elementor-spacer\">\n\t\t\t<div class=\"elementor-spacer-inner\"><\/div>\n\t\t<\/div>\n\t\t\t\t\t\t<\/div>\n\t\t\t\t<\/div>\n\t\t\t\t<div class=\"elementor-element elementor-element-a334934 elementor-widget elementor-widget-image\" data-id=\"a334934\" data-element_type=\"widget\" data-e-type=\"widget\" data-widget_type=\"image.default\">\n\t\t\t\t<div class=\"elementor-widget-container\">\n\t\t\t\t\t\t\t\t\t\t\t\t\t\t\t\t<a href=\"https:\/\/jjbcn.com\/fr\/produits\/actionneurs-electriques\/serie-j4c\/\">\n\t\t\t\t\t\t\t<img decoding=\"async\" width=\"500\" height=\"500\" src=\"https:\/\/jjbcn.com\/wp-content\/uploads\/LOGO-J4C-2.png\" class=\"attachment-large size-large wp-image-13191\" alt=\"\" srcset=\"https:\/\/jjbcn.com\/wp-content\/uploads\/LOGO-J4C-2.png 500w, https:\/\/jjbcn.com\/wp-content\/uploads\/LOGO-J4C-2-170x170.png 170w, https:\/\/jjbcn.com\/wp-content\/uploads\/LOGO-J4C-2-12x12.png 12w, https:\/\/jjbcn.com\/wp-content\/uploads\/LOGO-J4C-2-255x255.png 255w, https:\/\/jjbcn.com\/wp-content\/uploads\/LOGO-J4C-2-482x482.png 482w, https:\/\/jjbcn.com\/wp-content\/uploads\/LOGO-J4C-2-100x100.png 100w\" sizes=\"(max-width: 500px) 100vw, 500px\" \/>\t\t\t\t\t\t\t\t<\/a>\n\t\t\t\t\t\t\t\t\t\t\t\t\t\t\t<\/div>\n\t\t\t\t<\/div>\n\t\t\t\t<div class=\"elementor-element elementor-element-91740e3 elementor-widget elementor-widget-heading\" data-id=\"91740e3\" data-element_type=\"widget\" data-e-type=\"widget\" data-widget_type=\"heading.default\">\n\t\t\t\t<div class=\"elementor-widget-container\">\n\t\t\t\t\t<h2 class=\"elementor-heading-title elementor-size-default\"><a href=\"https:\/\/jjbcn.com\/fr\/produits\/actionneurs-electriques\/serie-j4c\/\">ACTIONNEUR <br>1\/4 DE TOUR<\/a><\/h2>\t\t\t\t<\/div>\n\t\t\t\t<\/div>\n\t\t\t\t<div class=\"elementor-element elementor-element-ae545b3 elementor-align-center elementor-widget elementor-widget-button\" data-id=\"ae545b3\" data-element_type=\"widget\" data-e-type=\"widget\" data-widget_type=\"button.default\">\n\t\t\t\t<div class=\"elementor-widget-container\">\n\t\t\t\t\t\t\t\t\t<div class=\"elementor-button-wrapper\">\n\t\t\t\t\t<a class=\"elementor-button elementor-button-link elementor-size-sm\" href=\"https:\/\/jjbcn.com\/fr\/produits\/actionneurs-electriques\/serie-j4c\/\">\n\t\t\t\t\t\t<span class=\"elementor-button-content-wrapper\">\n\t\t\t\t\t\t\t\t\t<span class=\"elementor-button-text\">voir plus<\/span>\n\t\t\t\t\t<\/span>\n\t\t\t\t\t<\/a>\n\t\t\t\t<\/div>\n\t\t\t\t\t\t\t\t<\/div>\n\t\t\t\t<\/div>\n\t\t\t\t<div class=\"elementor-element elementor-element-0a73ea6 elementor-widget elementor-widget-spacer\" data-id=\"0a73ea6\" data-element_type=\"widget\" data-e-type=\"widget\" data-widget_type=\"spacer.default\">\n\t\t\t\t<div class=\"elementor-widget-container\">\n\t\t\t\t\t\t\t<div class=\"elementor-spacer\">\n\t\t\t<div class=\"elementor-spacer-inner\"><\/div>\n\t\t<\/div>\n\t\t\t\t\t\t<\/div>\n\t\t\t\t<\/div>\n\t\t\t\t\t<\/div>\n\t\t<\/div>\n\t\t\t\t\t<\/div>\n\t\t<\/section>\n\t\t\t\t\t<\/div>\n\t\t<\/div>\n\t\t\t\t<div class=\"elementor-column elementor-col-33 elementor-top-column elementor-element elementor-element-7d66178\" data-id=\"7d66178\" data-element_type=\"column\" data-e-type=\"column\">\n\t\t\t<div class=\"elementor-widget-wrap elementor-element-populated\">\n\t\t\t\t\t\t<section class=\"elementor-section elementor-inner-section elementor-element elementor-element-420aa98 elementor-section-boxed elementor-section-height-default elementor-section-height-default\" data-id=\"420aa98\" data-element_type=\"section\" data-e-type=\"section\" data-settings=\"{&quot;jet_parallax_layout_list&quot;:[]}\">\n\t\t\t\t\t\t\t<div class=\"elementor-background-overlay\"><\/div>\n\t\t\t\t\t\t\t<div class=\"elementor-container elementor-column-gap-default\">\n\t\t\t\t\t<div class=\"elementor-column elementor-col-100 elementor-inner-column elementor-element elementor-element-35b8bc1\" data-id=\"35b8bc1\" data-element_type=\"column\" data-e-type=\"column\" data-settings=\"{&quot;background_background&quot;:&quot;classic&quot;}\">\n\t\t\t<div class=\"elementor-widget-wrap elementor-element-populated\">\n\t\t\t\t\t\t<div class=\"elementor-element elementor-element-7b4f881 elementor-widget elementor-widget-spacer\" data-id=\"7b4f881\" data-element_type=\"widget\" data-e-type=\"widget\" data-widget_type=\"spacer.default\">\n\t\t\t\t<div class=\"elementor-widget-container\">\n\t\t\t\t\t\t\t<div class=\"elementor-spacer\">\n\t\t\t<div class=\"elementor-spacer-inner\"><\/div>\n\t\t<\/div>\n\t\t\t\t\t\t<\/div>\n\t\t\t\t<\/div>\n\t\t\t\t<div class=\"elementor-element elementor-element-aac403c elementor-widget elementor-widget-image\" data-id=\"aac403c\" data-element_type=\"widget\" data-e-type=\"widget\" data-widget_type=\"image.default\">\n\t\t\t\t<div class=\"elementor-widget-container\">\n\t\t\t\t\t\t\t\t\t\t\t\t\t\t\t\t<a href=\"https:\/\/jjbcn.com\/fr\/produits\/actionneurs-electriques\/serie-j4m\/\">\n\t\t\t\t\t\t\t<img decoding=\"async\" width=\"500\" height=\"500\" src=\"https:\/\/jjbcn.com\/wp-content\/uploads\/logo-j4m-1.png\" class=\"attachment-large size-large wp-image-13192\" alt=\"\" srcset=\"https:\/\/jjbcn.com\/wp-content\/uploads\/logo-j4m-1.png 500w, https:\/\/jjbcn.com\/wp-content\/uploads\/logo-j4m-1-170x170.png 170w, https:\/\/jjbcn.com\/wp-content\/uploads\/logo-j4m-1-12x12.png 12w, https:\/\/jjbcn.com\/wp-content\/uploads\/logo-j4m-1-255x255.png 255w, https:\/\/jjbcn.com\/wp-content\/uploads\/logo-j4m-1-482x482.png 482w, https:\/\/jjbcn.com\/wp-content\/uploads\/logo-j4m-1-100x100.png 100w\" sizes=\"(max-width: 500px) 100vw, 500px\" \/>\t\t\t\t\t\t\t\t<\/a>\n\t\t\t\t\t\t\t\t\t\t\t\t\t\t\t<\/div>\n\t\t\t\t<\/div>\n\t\t\t\t<div class=\"elementor-element elementor-element-d3d59a0 elementor-widget elementor-widget-heading\" data-id=\"d3d59a0\" data-element_type=\"widget\" data-e-type=\"widget\" data-widget_type=\"heading.default\">\n\t\t\t\t<div class=\"elementor-widget-container\">\n\t\t\t\t\t<h2 class=\"elementor-heading-title elementor-size-default\"><a href=\"https:\/\/jjbcn.com\/fr\/produits\/actionneurs-electriques\/serie-j4m\/\">ACTIONNEUR <br>MULTI-TOURS<\/a><\/h2>\t\t\t\t<\/div>\n\t\t\t\t<\/div>\n\t\t\t\t<div class=\"elementor-element elementor-element-b302639 elementor-align-center elementor-widget elementor-widget-button\" data-id=\"b302639\" data-element_type=\"widget\" data-e-type=\"widget\" data-widget_type=\"button.default\">\n\t\t\t\t<div class=\"elementor-widget-container\">\n\t\t\t\t\t\t\t\t\t<div class=\"elementor-button-wrapper\">\n\t\t\t\t\t<a class=\"elementor-button elementor-button-link elementor-size-sm\" href=\"https:\/\/jjbcn.com\/fr\/produits\/actionneurs-electriques\/serie-j4m\/\">\n\t\t\t\t\t\t<span class=\"elementor-button-content-wrapper\">\n\t\t\t\t\t\t\t\t\t<span class=\"elementor-button-text\">voir plus<\/span>\n\t\t\t\t\t<\/span>\n\t\t\t\t\t<\/a>\n\t\t\t\t<\/div>\n\t\t\t\t\t\t\t\t<\/div>\n\t\t\t\t<\/div>\n\t\t\t\t<div class=\"elementor-element elementor-element-aaf64f9 elementor-widget elementor-widget-spacer\" data-id=\"aaf64f9\" data-element_type=\"widget\" data-e-type=\"widget\" data-widget_type=\"spacer.default\">\n\t\t\t\t<div class=\"elementor-widget-container\">\n\t\t\t\t\t\t\t<div class=\"elementor-spacer\">\n\t\t\t<div class=\"elementor-spacer-inner\"><\/div>\n\t\t<\/div>\n\t\t\t\t\t\t<\/div>\n\t\t\t\t<\/div>\n\t\t\t\t\t<\/div>\n\t\t<\/div>\n\t\t\t\t\t<\/div>\n\t\t<\/section>\n\t\t\t\t\t<\/div>\n\t\t<\/div>\n\t\t\t\t\t<\/div>\n\t\t<\/section>\n\t\t\t\t<section class=\"elementor-section elementor-top-section elementor-element elementor-element-05de5ab elementor-hidden-desktop elementor-hidden-tablet elementor-hidden-mobile elementor-section-boxed elementor-section-height-default elementor-section-height-default\" data-id=\"05de5ab\" data-element_type=\"section\" data-e-type=\"section\" data-settings=\"{&quot;jet_parallax_layout_list&quot;:[]}\">\n\t\t\t\t\t\t<div class=\"elementor-container elementor-column-gap-default\">\n\t\t\t\t\t<div class=\"elementor-column elementor-col-100 elementor-top-column elementor-element elementor-element-eee3258\" data-id=\"eee3258\" data-element_type=\"column\" data-e-type=\"column\">\n\t\t\t<div class=\"elementor-widget-wrap elementor-element-populated\">\n\t\t\t\t\t\t<div class=\"elementor-element elementor-element-1e65773 elementor-widget elementor-widget-text-editor\" data-id=\"1e65773\" data-element_type=\"widget\" data-e-type=\"widget\" data-widget_type=\"text-editor.default\">\n\t\t\t\t<div class=\"elementor-widget-container\">\n\t\t\t\t\t\t\t\t\t<h2>Actuadores el\u00e9ctricos para v\u00e1lvulas industriales<\/h2><p>En <strong>JJ BCN International<\/strong> ofrecemos una gama completa de <strong>actionneurs \u00e9lectriques<\/strong> orientados a la<br \/>automatizaci\u00f3n de v\u00e1lvulas en entornos industriales. Estas soluciones permiten un control preciso, fiable y repetible<br \/>de los procesos, optimizando la eficiencia operativa y reduciendo la dependencia de la intervenci\u00f3n manual.<\/p><p>Los actuadores el\u00e9ctricos se consolidan como una opci\u00f3n estrat\u00e9gica cuando se requiere integraci\u00f3n con sistemas de control,<br \/>maniobras seguras y una automatizaci\u00f3n estable tanto en aplicaciones est\u00e1ndar como en proyectos industriales de mayor complejidad.<\/p><h2>\u00bfQu\u00e9 es un actuador el\u00e9ctrico y para qu\u00e9 se utiliza?<\/h2><p>Un <strong>actuador el\u00e9ctrico<\/strong> es un dispositivo que convierte la energ\u00eda el\u00e9ctrica en movimiento mec\u00e1nico para accionar<br \/>una v\u00e1lvula de forma autom\u00e1tica. Su funci\u00f3n principal es gestionar la apertura y el cierre del paso de fluidos,<br \/>mejorando el control del proceso y aumentando la seguridad de la instalaci\u00f3n.<\/p><p>Este tipo de actuadores se emplea habitualmente en sistemas industriales que requieren control remoto, repetibilidad<br \/>en las maniobras e integraci\u00f3n con cuadros el\u00e9ctricos y sistemas de automatizaci\u00f3n, tal como se describe en los principios<br \/>generales de automatizaci\u00f3n industrial recogidos por la<br \/><a href=\"https:\/\/es.wikipedia.org\/wiki\/Actuador\" target=\"_blank\" rel=\"noopener noreferrer\">documentaci\u00f3n t\u00e9cnica sobre actuadores<\/a>.<\/p><h2>Tipos de actuadores el\u00e9ctricos disponibles<\/h2><h3>Actuadores el\u00e9ctricos de 1\/4 de vuelta<\/h3><p>Los <strong>actuadores el\u00e9ctricos de 1\/4 de vuelta<\/strong> est\u00e1n dise\u00f1ados para v\u00e1lvulas que requieren un giro de 90\u00b0,<br \/>como las v\u00e1lvulas de bola o las v\u00e1lvulas de mariposa. Ofrecen una soluci\u00f3n compacta y eficiente para maniobras r\u00e1pidas<br \/>y repetitivas en sistemas industriales.<\/p><p>Son especialmente adecuados para aplicaciones donde se busca una automatizaci\u00f3n sencilla, fiable y f\u00e1cilmente integrable<br \/>en sistemas de control industrial, manteniendo una operativa estable y predecible.<\/p><h3>Actuadores el\u00e9ctricos multivuelta<\/h3><p>Los <strong>actuadores el\u00e9ctricos multivuelta<\/strong> est\u00e1n indicados para v\u00e1lvulas que requieren varias vueltas para completar<br \/>la apertura o el cierre. Este tipo de actuador permite un control progresivo del movimiento y una adaptaci\u00f3n precisa<br \/>a los requisitos del proceso.<\/p><p>Se utilizan habitualmente en instalaciones donde la regulaci\u00f3n, el recorrido y la precisi\u00f3n de la maniobra son factores cr\u00edticos,<br \/>especialmente en v\u00e1lvulas industriales de control y seccionamiento.<\/p><h2>Aspectos clave para elegir actuadores el\u00e9ctricos<\/h2><p>La correcta selecci\u00f3n de un actuador el\u00e9ctrico es determinante para garantizar el buen funcionamiento del sistema.<br \/>Entre los factores m\u00e1s relevantes se encuentran el tipo de v\u00e1lvula, el tipo de maniobra requerida, el par necesario,<br \/>la alimentaci\u00f3n disponible y el sistema de control.<\/p><p>Adem\u00e1s, es fundamental considerar las condiciones de trabajo del entorno industrial y las recomendaciones t\u00e9cnicas<br \/>definidas en normativas internacionales como la<br \/><a href=\"https:\/\/www.iso.org\/standards.html\" target=\"_blank\" rel=\"noopener noreferrer\">normativa ISO aplicable a equipos industriales<\/a>,<br \/>con el fin de asegurar una operaci\u00f3n fiable y duradera.<\/p><h2>Ventajas de la automatizaci\u00f3n con actuadores el\u00e9ctricos<\/h2><p>La incorporaci\u00f3n de <strong>actionneurs \u00e9lectriques<\/strong> en sistemas de v\u00e1lvulas aporta ventajas claras a nivel operativo,<br \/>como una mayor precisi\u00f3n en el control del proceso, reducci\u00f3n de errores humanos y un aumento de la seguridad en las maniobras.<\/p><p>Asimismo, facilitan la integraci\u00f3n con sistemas de automatizaci\u00f3n industrial y permiten escalar las instalaciones<br \/>sin necesidad de modificar la arquitectura base del sistema.<\/p><h2>Aplicaciones habituales de los actuadores el\u00e9ctricos<\/h2><p>Los actuadores el\u00e9ctricos se utilizan en una amplia variedad de aplicaciones industriales donde el control del flujo<br \/>es un elemento clave del proceso. Son habituales en l\u00edneas de producci\u00f3n, instalaciones t\u00e9cnicas y sistemas automatizados<br \/>que requieren maniobras fiables, repetitivas y controladas.<\/p><h2>Preguntas frecuentes sobre actuadores el\u00e9ctricos<\/h2><h3>\u00bfCu\u00e1l es la diferencia entre un actuador de 1\/4 de vuelta y uno multivuelta?<\/h3><p>La diferencia principal radica en el tipo de movimiento. El actuador de 1\/4 de vuelta realiza un giro de 90\u00b0,<br \/>mientras que el actuador multivuelta necesita varias vueltas para completar la maniobra.<br \/>La elecci\u00f3n depende del tipo de v\u00e1lvula y del control requerido en la instalaci\u00f3n.<\/p><h3>\u00bfQu\u00e9 informaci\u00f3n necesito para seleccionar un actuador el\u00e9ctrico?<\/h3><p>Es necesario conocer el tipo de v\u00e1lvula, el par requerido, la alimentaci\u00f3n disponible y el tipo de control deseado.<br \/>Con estos datos se puede definir una soluci\u00f3n alineada con las necesidades reales del proceso industrial.<\/p><h3>\u00bfSe pueden integrar los actuadores el\u00e9ctricos en sistemas de automatizaci\u00f3n?<\/h3><p>S\u00ed, los actuadores el\u00e9ctricos est\u00e1n dise\u00f1ados para integrarse con sistemas de control industrial,<br \/>permitiendo su operaci\u00f3n desde cuadros el\u00e9ctricos, PLC u otros sistemas de automatizaci\u00f3n.<\/p><h3>\u00bfQu\u00e9 mantenimiento requieren los actuadores el\u00e9ctricos?<\/h3><p>Requieren un mantenimiento preventivo b\u00e1sico y revisiones peri\u00f3dicas en funci\u00f3n de la frecuencia de uso<br \/>y las condiciones de trabajo. Un mantenimiento adecuado contribuye a prolongar la vida \u00fatil del actuador<br \/>y a mantener la fiabilidad del sistema.<\/p>\t\t\t\t\t\t\t\t<\/div>\n\t\t\t\t<\/div>\n\t\t\t\t<div class=\"elementor-element elementor-element-c35634c elementor-widget elementor-widget-image\" data-id=\"c35634c\" data-element_type=\"widget\" data-e-type=\"widget\" data-widget_type=\"image.default\">\n\t\t\t\t<div class=\"elementor-widget-container\">\n\t\t\t\t\t\t\t\t\t\t\t\t\t\t\t<img loading=\"lazy\" decoding=\"async\" width=\"826\" height=\"708\" src=\"https:\/\/jjbcn.com\/wp-content\/uploads\/banner-actuador-electrico.webp\" class=\"attachment-large size-large wp-image-13816\" alt=\"Actionneurs \u00e9lectriques\" srcset=\"https:\/\/jjbcn.com\/wp-content\/uploads\/banner-actuador-electrico.webp 826w, https:\/\/jjbcn.com\/wp-content\/uploads\/banner-actuador-electrico-170x146.webp 170w, https:\/\/jjbcn.com\/wp-content\/uploads\/banner-actuador-electrico-768x658.webp 768w, https:\/\/jjbcn.com\/wp-content\/uploads\/banner-actuador-electrico-14x12.webp 14w, https:\/\/jjbcn.com\/wp-content\/uploads\/banner-actuador-electrico-482x413.webp 482w\" sizes=\"(max-width: 826px) 100vw, 826px\" \/>\t\t\t\t\t\t\t\t\t\t\t\t\t\t\t<\/div>\n\t\t\t\t<\/div>\n\t\t\t\t\t<\/div>\n\t\t<\/div>\n\t\t\t\t\t<\/div>\n\t\t<\/section>\n\t\t\t\t<\/div>","protected":false},"excerpt":{"rendered":"<p>Actuadores el\u00e9ctricos Motorized valve actuator SERIE J4M \/ SERIE J4C ACTUADOR DE 1\/4 DE VUELTA Ver m\u00e1s ACTUADOR DE 1\/4 DE VUELTA Ver m\u00e1s ACTUADOR MULTIVUELTA Ver m\u00e1s Actuadores el\u00e9ctricos para v\u00e1lvulas industriales En JJ BCN Internacional ofrecemos una gama completa de actuadores el\u00e9ctricos orientados a la automatizaci\u00f3n de v\u00e1lvulas en entornos industriales. Estas soluciones &#8230; <a title=\"Actionneurs \u00e9lectriques\" class=\"read-more\" href=\"https:\/\/jjbcn.com\/fr\/productos\/actuadores-electricos\/\" aria-label=\"En savoir plus sur Actuadores El\u00e9ctricos\">Lire plus<\/a><\/p>","protected":false},"author":5,"featured_media":13816,"parent":5713,"menu_order":1,"comment_status":"closed","ping_status":"closed","template":"elementor_header_footer","meta":{"_acf_changed":false,"footnotes":""},"class_list":["post-6392","page","type-page","status-publish","has-post-thumbnail"],"acf":[],"_links":{"self":[{"href":"https:\/\/jjbcn.com\/fr\/wp-json\/wp\/v2\/pages\/6392","targetHints":{"allow":["GET"]}}],"collection":[{"href":"https:\/\/jjbcn.com\/fr\/wp-json\/wp\/v2\/pages"}],"about":[{"href":"https:\/\/jjbcn.com\/fr\/wp-json\/wp\/v2\/types\/page"}],"author":[{"embeddable":true,"href":"https:\/\/jjbcn.com\/fr\/wp-json\/wp\/v2\/users\/5"}],"replies":[{"embeddable":true,"href":"https:\/\/jjbcn.com\/fr\/wp-json\/wp\/v2\/comments?post=6392"}],"version-history":[{"count":124,"href":"https:\/\/jjbcn.com\/fr\/wp-json\/wp\/v2\/pages\/6392\/revisions"}],"predecessor-version":[{"id":13820,"href":"https:\/\/jjbcn.com\/fr\/wp-json\/wp\/v2\/pages\/6392\/revisions\/13820"}],"up":[{"embeddable":true,"href":"https:\/\/jjbcn.com\/fr\/wp-json\/wp\/v2\/pages\/5713"}],"wp:featuredmedia":[{"embeddable":true,"href":"https:\/\/jjbcn.com\/fr\/wp-json\/wp\/v2\/media\/13816"}],"wp:attachment":[{"href":"https:\/\/jjbcn.com\/fr\/wp-json\/wp\/v2\/media?parent=6392"}],"curies":[{"name":"wp","href":"https:\/\/api.w.org\/{rel}","templated":true}]}}