{"id":6779,"date":"2021-01-04T13:36:05","date_gmt":"2021-01-04T11:36:05","guid":{"rendered":"http:\/\/jjbcn.com\/?page_id=6779"},"modified":"2023-04-11T12:31:57","modified_gmt":"2023-04-11T10:31:57","slug":"serie-j2","status":"publish","type":"page","link":"https:\/\/jjbcn.com\/fr\/productos\/actuadores-electricos\/serie-j2\/","title":{"rendered":"S\u00e9rie J2"},"content":{"rendered":"<div data-elementor-type=\"wp-page\" data-elementor-id=\"6779\" class=\"elementor elementor-6779\" data-elementor-post-type=\"page\">\n\t\t\t\t\t\t<section class=\"elementor-section elementor-top-section elementor-element elementor-element-32e84748 elementor-section-height-min-height elementor-section-boxed elementor-section-height-default elementor-section-items-middle\" data-id=\"32e84748\" data-element_type=\"section\" data-e-type=\"section\" data-settings=\"{&quot;jet_parallax_layout_list&quot;:[]}\">\n\t\t\t\t\t\t<div class=\"elementor-container elementor-column-gap-default\">\n\t\t\t\t\t<div class=\"elementor-column elementor-col-33 elementor-top-column elementor-element elementor-element-1fa1acaa\" data-id=\"1fa1acaa\" data-element_type=\"column\" data-e-type=\"column\">\n\t\t\t<div class=\"elementor-widget-wrap elementor-element-populated\">\n\t\t\t\t\t\t<div class=\"elementor-element elementor-element-3048c9c3 elementor-widget elementor-widget-image\" data-id=\"3048c9c3\" data-element_type=\"widget\" data-e-type=\"widget\" data-widget_type=\"image.default\">\n\t\t\t\t<div class=\"elementor-widget-container\">\n\t\t\t\t\t\t\t\t\t\t\t\t\t\t\t<img fetchpriority=\"high\" decoding=\"async\" width=\"272\" height=\"486\" src=\"https:\/\/jjbcn.com\/wp-content\/uploads\/J2-ball-valve-electric-actuator.gif\" class=\"attachment-full size-full wp-image-8916\" alt=\"\" \/>\t\t\t\t\t\t\t\t\t\t\t\t\t\t\t<\/div>\n\t\t\t\t<\/div>\n\t\t\t\t\t<\/div>\n\t\t<\/div>\n\t\t\t\t<div class=\"elementor-column elementor-col-33 elementor-top-column elementor-element elementor-element-6ec10105\" data-id=\"6ec10105\" data-element_type=\"column\" data-e-type=\"column\">\n\t\t\t<div class=\"elementor-widget-wrap elementor-element-populated\">\n\t\t\t\t\t\t<section class=\"elementor-section elementor-inner-section elementor-element elementor-element-f3a7df elementor-section-boxed elementor-section-height-default elementor-section-height-default\" data-id=\"f3a7df\" data-element_type=\"section\" data-e-type=\"section\" data-settings=\"{&quot;jet_parallax_layout_list&quot;:[]}\">\n\t\t\t\t\t\t<div class=\"elementor-container elementor-column-gap-default\">\n\t\t\t\t\t<div class=\"elementor-column elementor-col-100 elementor-inner-column elementor-element elementor-element-7bb8cfea\" data-id=\"7bb8cfea\" data-element_type=\"column\" data-e-type=\"column\">\n\t\t\t<div class=\"elementor-widget-wrap elementor-element-populated\">\n\t\t\t\t\t\t<div class=\"elementor-element elementor-element-6954cb43 elementor-widget elementor-widget-image\" data-id=\"6954cb43\" data-element_type=\"widget\" data-e-type=\"widget\" data-widget_type=\"image.default\">\n\t\t\t\t<div class=\"elementor-widget-container\">\n\t\t\t\t\t\t\t\t\t\t\t\t\t\t\t<img decoding=\"async\" width=\"1024\" height=\"1024\" src=\"https:\/\/jjbcn.com\/wp-content\/uploads\/LOGO-J2-02-1024x1024.gif\" class=\"attachment-large size-large wp-image-4846\" alt=\"\" srcset=\"https:\/\/jjbcn.com\/wp-content\/uploads\/LOGO-J2-02-1024x1024.gif 1024w, https:\/\/jjbcn.com\/wp-content\/uploads\/LOGO-J2-02-300x300.gif 300w, https:\/\/jjbcn.com\/wp-content\/uploads\/LOGO-J2-02-150x150.gif 150w, https:\/\/jjbcn.com\/wp-content\/uploads\/LOGO-J2-02-768x768.gif 768w, https:\/\/jjbcn.com\/wp-content\/uploads\/LOGO-J2-02-75x75.gif 75w, https:\/\/jjbcn.com\/wp-content\/uploads\/LOGO-J2-02-600x600.gif 600w, https:\/\/jjbcn.com\/wp-content\/uploads\/LOGO-J2-02-255x255.gif 255w, https:\/\/jjbcn.com\/wp-content\/uploads\/LOGO-J2-02-482x482.gif 482w, https:\/\/jjbcn.com\/wp-content\/uploads\/LOGO-J2-02-100x100.gif 100w\" sizes=\"(max-width: 1024px) 100vw, 1024px\" \/>\t\t\t\t\t\t\t\t\t\t\t\t\t\t\t<\/div>\n\t\t\t\t<\/div>\n\t\t\t\t\t<\/div>\n\t\t<\/div>\n\t\t\t\t\t<\/div>\n\t\t<\/section>\n\t\t\t\t<section class=\"elementor-section elementor-inner-section elementor-element elementor-element-3d654a40 elementor-section-boxed elementor-section-height-default elementor-section-height-default\" data-id=\"3d654a40\" data-element_type=\"section\" data-e-type=\"section\" data-settings=\"{&quot;jet_parallax_layout_list&quot;:[]}\">\n\t\t\t\t\t\t<div class=\"elementor-container elementor-column-gap-default\">\n\t\t\t\t\t<div class=\"elementor-column elementor-col-100 elementor-inner-column elementor-element elementor-element-8361315\" data-id=\"8361315\" data-element_type=\"column\" data-e-type=\"column\">\n\t\t\t<div class=\"elementor-widget-wrap elementor-element-populated\">\n\t\t\t\t\t\t<div class=\"elementor-element elementor-element-2ca14213 elementor-widget elementor-widget-heading\" data-id=\"2ca14213\" data-element_type=\"widget\" data-e-type=\"widget\" data-widget_type=\"heading.default\">\n\t\t\t\t<div class=\"elementor-widget-container\">\n\t\t\t\t\t<h2 class=\"elementor-heading-title elementor-size-default\">ACTIONNEUR 1\/4 DE TOUR. ALLUM\u00c9 \u00c9TEINT.<\/h2>\t\t\t\t<\/div>\n\t\t\t\t<\/div>\n\t\t\t\t<div class=\"elementor-element elementor-element-730aa205 elementor-widget elementor-widget-text-editor\" data-id=\"730aa205\" data-element_type=\"widget\" data-e-type=\"widget\" data-widget_type=\"text-editor.default\">\n\t\t\t\t<div class=\"elementor-widget-container\">\n\t\t\t\t\t\t\t\t\t<p>TENSION VL (24 VDC \/ VAC) IH (85-240 VDC \/ VAC)<br \/>COUPLE DE 10NM.<\/p>\t\t\t\t\t\t\t\t<\/div>\n\t\t\t\t<\/div>\n\t\t\t\t\t<\/div>\n\t\t<\/div>\n\t\t\t\t\t<\/div>\n\t\t<\/section>\n\t\t\t\t\t<\/div>\n\t\t<\/div>\n\t\t\t\t<div class=\"elementor-column elementor-col-33 elementor-top-column elementor-element elementor-element-323bca25\" data-id=\"323bca25\" data-element_type=\"column\" data-e-type=\"column\">\n\t\t\t<div class=\"elementor-widget-wrap elementor-element-populated\">\n\t\t\t\t\t\t\t<\/div>\n\t\t<\/div>\n\t\t\t\t\t<\/div>\n\t\t<\/section>\n\t\t\t\t<section class=\"elementor-section elementor-top-section elementor-element elementor-element-7f4ddc06 elementor-section-full_width elementor-section-stretched elementor-section-height-default elementor-section-height-default\" data-id=\"7f4ddc06\" data-element_type=\"section\" data-e-type=\"section\" data-settings=\"{&quot;stretch_section&quot;:&quot;section-stretched&quot;,&quot;background_background&quot;:&quot;classic&quot;,&quot;jet_parallax_layout_list&quot;:[]}\">\n\t\t\t\t\t\t<div class=\"elementor-container elementor-column-gap-default\">\n\t\t\t\t\t<div class=\"elementor-column elementor-col-100 elementor-top-column elementor-element elementor-element-6ffeaa8a\" data-id=\"6ffeaa8a\" data-element_type=\"column\" data-e-type=\"column\" data-settings=\"{&quot;background_background&quot;:&quot;classic&quot;}\">\n\t\t\t<div class=\"elementor-widget-wrap elementor-element-populated\">\n\t\t\t\t\t\t<div class=\"elementor-element elementor-element-364d6df1 elementor-widget elementor-widget-heading\" data-id=\"364d6df1\" data-element_type=\"widget\" data-e-type=\"widget\" data-widget_type=\"heading.default\">\n\t\t\t\t<div class=\"elementor-widget-container\">\n\t\t\t\t\t<h2 class=\"elementor-heading-title elementor-size-default\">GAMME J2<\/h2>\t\t\t\t<\/div>\n\t\t\t\t<\/div>\n\t\t\t\t\t<\/div>\n\t\t<\/div>\n\t\t\t\t\t<\/div>\n\t\t<\/section>\n\t\t\t\t<section class=\"elementor-section elementor-top-section elementor-element elementor-element-35a511d2 elementor-section-height-min-height elementor-section-stretched elementor-section-boxed elementor-section-height-default elementor-section-items-middle\" data-id=\"35a511d2\" data-element_type=\"section\" data-e-type=\"section\" data-settings=\"{&quot;stretch_section&quot;:&quot;section-stretched&quot;,&quot;background_background&quot;:&quot;classic&quot;,&quot;jet_parallax_layout_list&quot;:[]}\">\n\t\t\t\t\t\t<div class=\"elementor-container elementor-column-gap-default\">\n\t\t\t\t\t<div class=\"elementor-column elementor-col-100 elementor-top-column elementor-element elementor-element-25c439a9\" data-id=\"25c439a9\" data-element_type=\"column\" data-e-type=\"column\">\n\t\t\t<div class=\"elementor-widget-wrap elementor-element-populated\">\n\t\t\t\t\t\t<div class=\"elementor-element elementor-element-7b6b4b7c elementor-widget elementor-widget-text-editor\" data-id=\"7b6b4b7c\" data-element_type=\"widget\" data-e-type=\"widget\" data-widget_type=\"text-editor.default\">\n\t\t\t\t<div class=\"elementor-widget-container\">\n\t\t\t\t\t\t\t\t\t<p>Actionneur majoritairement en plastique (corps et base en PA anticorrosion), l\u00e9ger et petit. Tr\u00e8s appropri\u00e9 pour les petites vannes, car son couple de fonctionnement ne d\u00e9passe pas 10 Nm. Il fonctionne sous une tension de 24 VDC\/VAC pour la version \u00ab L \u00bb et 85 VDC\/VAC - 240 VDC\/VAC pour la version \u00ab H \u00bb. L&#039;indicateur de position, contrairement aux autres s\u00e9ries, est une poign\u00e9e en forme de T situ\u00e9e sur son couvercle.<\/p>\t\t\t\t\t\t\t\t<\/div>\n\t\t\t\t<\/div>\n\t\t\t\t\t<\/div>\n\t\t<\/div>\n\t\t\t\t\t<\/div>\n\t\t<\/section>\n\t\t\t\t<section class=\"elementor-section elementor-top-section elementor-element elementor-element-6e2e0f4a elementor-section-boxed elementor-section-height-default elementor-section-height-default\" data-id=\"6e2e0f4a\" data-element_type=\"section\" data-e-type=\"section\" data-settings=\"{&quot;jet_parallax_layout_list&quot;:[]}\">\n\t\t\t\t\t\t<div class=\"elementor-container elementor-column-gap-default\">\n\t\t\t\t\t<div class=\"elementor-column elementor-col-100 elementor-top-column elementor-element elementor-element-35003e96\" data-id=\"35003e96\" data-element_type=\"column\" data-e-type=\"column\">\n\t\t\t<div class=\"elementor-widget-wrap elementor-element-populated\">\n\t\t\t\t\t\t<div class=\"elementor-element elementor-element-1731baee elementor-product-loop-item--align-center elementor-grid-tablet-5 elementor-grid-4 elementor-grid-mobile-2 elementor-products-grid elementor-wc-products elementor-widget elementor-widget-woocommerce-products\" data-id=\"1731baee\" data-element_type=\"widget\" data-e-type=\"widget\" data-widget_type=\"woocommerce-products.default\">\n\t\t\t\t<div class=\"elementor-widget-container\">\n\t\t\t\t\t<div class=\"woocommerce columns-4\"><ul class=\"products elementor-grid columns-4\">\n<li class=\"product type-product post-425 status-publish first instock product_cat-actuadores-electricos-multivoltaje product_cat-serie-j2 has-post-thumbnail product-type-simple\">\n\t<a href=\"https:\/\/jjbcn.com\/fr\/serie\/j2-l-10\/\" class=\"woocommerce-LoopProduct-link woocommerce-loop-product__link\"><img decoding=\"async\" width=\"255\" height=\"255\" src=\"https:\/\/jjbcn.com\/wp-content\/uploads\/J2-L10-frontal-255x255.png\" class=\"attachment-woocommerce_thumbnail size-woocommerce_thumbnail\" alt=\"J2 L-10\" srcset=\"https:\/\/jjbcn.com\/wp-content\/uploads\/J2-L10-frontal-255x255.png 255w, https:\/\/jjbcn.com\/wp-content\/uploads\/J2-L10-frontal-150x150.png 150w, https:\/\/jjbcn.com\/wp-content\/uploads\/J2-L10-frontal-75x75.png 75w, https:\/\/jjbcn.com\/wp-content\/uploads\/J2-L10-frontal-600x600.png 600w, https:\/\/jjbcn.com\/wp-content\/uploads\/J2-L10-frontal-100x100.png 100w\" sizes=\"(max-width: 255px) 100vw, 255px\" \/><h2 class=\"woocommerce-loop-product__title\">J2 L-10<\/h2>\n<\/a><a href=\"https:\/\/jjbcn.com\/fr\/serie\/j2-l-10\/\" aria-describedby=\"woocommerce_loop_add_to_cart_link_describedby_425\" data-quantity=\"1\" class=\"button product_type_simple\" data-product_id=\"425\" data-product_sku=\"171009\" aria-label=\"En savoir plus sur &ldquo;J2 L-10&rdquo;\" rel=\"nofollow\" data-success_message=\"\" data-no-translation=\"\" data-trp-gettext=\"\" data-no-translation-aria-label=\"\">Ver M\u00e1s <\/a>\t<span id=\"woocommerce_loop_add_to_cart_link_describedby_425\" class=\"screen-reader-text\">\n\t\t\t<\/span>\n<\/li>\n<li class=\"product type-product post-421 status-publish instock product_cat-actuadores-electricos-multivoltaje product_cat-serie-j2 has-post-thumbnail product-type-simple\">\n\t<a href=\"https:\/\/jjbcn.com\/fr\/serie\/j2-h-10\/\" class=\"woocommerce-LoopProduct-link woocommerce-loop-product__link\"><img loading=\"lazy\" decoding=\"async\" width=\"255\" height=\"255\" src=\"https:\/\/jjbcn.com\/wp-content\/uploads\/SERIE-J2-H10.jpeg\" class=\"attachment-woocommerce_thumbnail size-woocommerce_thumbnail\" alt=\"J2 H-10\" srcset=\"https:\/\/jjbcn.com\/wp-content\/uploads\/SERIE-J2-H10.jpeg 255w, https:\/\/jjbcn.com\/wp-content\/uploads\/SERIE-J2-H10-150x150.jpeg 150w, https:\/\/jjbcn.com\/wp-content\/uploads\/SERIE-J2-H10-12x12.jpeg 12w, https:\/\/jjbcn.com\/wp-content\/uploads\/SERIE-J2-H10-100x100.jpeg 100w\" sizes=\"(max-width: 255px) 100vw, 255px\" \/><h2 class=\"woocommerce-loop-product__title\">J2 H-10<\/h2>\n<\/a><a href=\"https:\/\/jjbcn.com\/fr\/serie\/j2-h-10\/\" aria-describedby=\"woocommerce_loop_add_to_cart_link_describedby_421\" data-quantity=\"1\" class=\"button product_type_simple\" data-product_id=\"421\" data-product_sku=\"171008\" aria-label=\"En savoir plus sur &ldquo;J2 H-10&rdquo;\" rel=\"nofollow\" data-success_message=\"\" data-no-translation=\"\" data-trp-gettext=\"\" data-no-translation-aria-label=\"\">Ver M\u00e1s <\/a>\t<span id=\"woocommerce_loop_add_to_cart_link_describedby_421\" class=\"screen-reader-text\">\n\t\t\t<\/span>\n<\/li>\n<\/ul>\n<\/div>\t\t\t\t<\/div>\n\t\t\t\t<\/div>\n\t\t\t\t\t<\/div>\n\t\t<\/div>\n\t\t\t\t\t<\/div>\n\t\t<\/section>\n\t\t\t\t<section class=\"elementor-section elementor-top-section elementor-element elementor-element-54590bc6 elementor-section-height-min-height elementor-section-boxed elementor-section-height-default elementor-section-items-middle\" data-id=\"54590bc6\" data-element_type=\"section\" data-e-type=\"section\" data-settings=\"{&quot;background_background&quot;:&quot;classic&quot;,&quot;jet_parallax_layout_list&quot;:[]}\">\n\t\t\t\t\t\t<div class=\"elementor-container elementor-column-gap-default\">\n\t\t\t\t\t<div class=\"elementor-column elementor-col-100 elementor-top-column elementor-element elementor-element-71cae432\" data-id=\"71cae432\" data-element_type=\"column\" data-e-type=\"column\">\n\t\t\t<div class=\"elementor-widget-wrap elementor-element-populated\">\n\t\t\t\t\t\t<section class=\"elementor-section elementor-inner-section elementor-element elementor-element-580ac86c elementor-section-height-min-height elementor-section-boxed elementor-section-height-default\" data-id=\"580ac86c\" data-element_type=\"section\" data-e-type=\"section\" data-settings=\"{&quot;jet_parallax_layout_list&quot;:[]}\">\n\t\t\t\t\t\t<div class=\"elementor-container elementor-column-gap-default\">\n\t\t\t\t\t<div class=\"elementor-column elementor-col-25 elementor-inner-column elementor-element elementor-element-5d343d32\" data-id=\"5d343d32\" data-element_type=\"column\" data-e-type=\"column\">\n\t\t\t<div class=\"elementor-widget-wrap elementor-element-populated\">\n\t\t\t\t\t\t<div class=\"elementor-element elementor-element-73993203 elementor-widget-divider--view-line elementor-widget elementor-widget-divider\" data-id=\"73993203\" data-element_type=\"widget\" data-e-type=\"widget\" data-widget_type=\"divider.default\">\n\t\t\t\t<div class=\"elementor-widget-container\">\n\t\t\t\t\t\t\t<div class=\"elementor-divider\">\n\t\t\t<span class=\"elementor-divider-separator\">\n\t\t\t\t\t\t<\/span>\n\t\t<\/div>\n\t\t\t\t\t\t<\/div>\n\t\t\t\t<\/div>\n\t\t\t\t\t<\/div>\n\t\t<\/div>\n\t\t\t\t<div class=\"elementor-column elementor-col-50 elementor-inner-column elementor-element elementor-element-a770056\" data-id=\"a770056\" data-element_type=\"column\" data-e-type=\"column\">\n\t\t\t<div class=\"elementor-widget-wrap elementor-element-populated\">\n\t\t\t\t\t\t<div class=\"elementor-element elementor-element-2792b4c elementor-widget elementor-widget-heading\" data-id=\"2792b4c\" data-element_type=\"widget\" data-e-type=\"widget\" data-widget_type=\"heading.default\">\n\t\t\t\t<div class=\"elementor-widget-container\">\n\t\t\t\t\t<h2 class=\"elementor-heading-title elementor-size-default\">NEWTONS OPTIMAUX RECOMMAND\u00c9S DE L&#039;USINE POUR LA FORCE EN COURSE<\/h2>\t\t\t\t<\/div>\n\t\t\t\t<\/div>\n\t\t\t\t\t<\/div>\n\t\t<\/div>\n\t\t\t\t<div class=\"elementor-column elementor-col-25 elementor-inner-column elementor-element elementor-element-3c0cd073\" data-id=\"3c0cd073\" data-element_type=\"column\" data-e-type=\"column\">\n\t\t\t<div class=\"elementor-widget-wrap elementor-element-populated\">\n\t\t\t\t\t\t<div class=\"elementor-element elementor-element-5c216bcf elementor-widget-divider--view-line elementor-widget elementor-widget-divider\" data-id=\"5c216bcf\" data-element_type=\"widget\" data-e-type=\"widget\" data-widget_type=\"divider.default\">\n\t\t\t\t<div class=\"elementor-widget-container\">\n\t\t\t\t\t\t\t<div class=\"elementor-divider\">\n\t\t\t<span class=\"elementor-divider-separator\">\n\t\t\t\t\t\t<\/span>\n\t\t<\/div>\n\t\t\t\t\t\t<\/div>\n\t\t\t\t<\/div>\n\t\t\t\t\t<\/div>\n\t\t<\/div>\n\t\t\t\t\t<\/div>\n\t\t<\/section>\n\t\t\t\t<div class=\"elementor-element elementor-element-5eb42397 elementor-widget elementor-widget-image\" data-id=\"5eb42397\" data-element_type=\"widget\" data-e-type=\"widget\" data-widget_type=\"image.default\">\n\t\t\t\t<div class=\"elementor-widget-container\">\n\t\t\t\t\t\t\t\t\t\t\t\t\t\t\t<img loading=\"lazy\" decoding=\"async\" width=\"1024\" height=\"355\" src=\"https:\/\/jjbcn.com\/wp-content\/uploads\/TABLA-J2-1024x355.png\" class=\"attachment-large size-large wp-image-7475\" alt=\"\" srcset=\"https:\/\/jjbcn.com\/wp-content\/uploads\/TABLA-J2-1024x355.png 1024w, https:\/\/jjbcn.com\/wp-content\/uploads\/TABLA-J2-300x104.png 300w, https:\/\/jjbcn.com\/wp-content\/uploads\/TABLA-J2-768x266.png 768w, https:\/\/jjbcn.com\/wp-content\/uploads\/TABLA-J2-1536x533.png 1536w, https:\/\/jjbcn.com\/wp-content\/uploads\/TABLA-J2-2048x711.png 2048w, https:\/\/jjbcn.com\/wp-content\/uploads\/TABLA-J2-482x167.png 482w\" sizes=\"(max-width: 1024px) 100vw, 1024px\" \/>\t\t\t\t\t\t\t\t\t\t\t\t\t\t\t<\/div>\n\t\t\t\t<\/div>\n\t\t\t\t\t<\/div>\n\t\t<\/div>\n\t\t\t\t\t<\/div>\n\t\t<\/section>\n\t\t\t\t<section class=\"elementor-section elementor-top-section elementor-element elementor-element-375455d8 elementor-section-height-min-height elementor-section-boxed elementor-section-height-default elementor-section-items-middle\" data-id=\"375455d8\" data-element_type=\"section\" data-e-type=\"section\" data-settings=\"{&quot;jet_parallax_layout_list&quot;:[]}\">\n\t\t\t\t\t\t<div class=\"elementor-container elementor-column-gap-default\">\n\t\t\t\t\t<div class=\"elementor-column elementor-col-16 elementor-top-column elementor-element elementor-element-11276e60\" data-id=\"11276e60\" data-element_type=\"column\" data-e-type=\"column\">\n\t\t\t<div class=\"elementor-widget-wrap elementor-element-populated\">\n\t\t\t\t\t\t<div class=\"elementor-element elementor-element-4d9c583b elementor-align-center elementor-widget elementor-widget-button\" data-id=\"4d9c583b\" data-element_type=\"widget\" data-e-type=\"widget\" data-widget_type=\"button.default\">\n\t\t\t\t<div class=\"elementor-widget-container\">\n\t\t\t\t\t\t\t\t\t<div class=\"elementor-button-wrapper\">\n\t\t\t\t\t<a class=\"elementor-button elementor-button-link elementor-size-sm\" href=\"https:\/\/jjbcn.com\/wp-content\/uploads\/CATALOGO-J2.pdf\">\n\t\t\t\t\t\t<span class=\"elementor-button-content-wrapper\">\n\t\t\t\t\t\t<span class=\"elementor-button-icon\">\n\t\t\t\t<i aria-hidden=\"true\" class=\"far fa-file-pdf\"><\/i>\t\t\t<\/span>\n\t\t\t\t\t\t\t\t\t<span class=\"elementor-button-text\">Catalogue<\/span>\n\t\t\t\t\t<\/span>\n\t\t\t\t\t<\/a>\n\t\t\t\t<\/div>\n\t\t\t\t\t\t\t\t<\/div>\n\t\t\t\t<\/div>\n\t\t\t\t\t<\/div>\n\t\t<\/div>\n\t\t\t\t<div class=\"elementor-column elementor-col-16 elementor-top-column elementor-element elementor-element-7bcc5298\" data-id=\"7bcc5298\" data-element_type=\"column\" data-e-type=\"column\">\n\t\t\t<div class=\"elementor-widget-wrap elementor-element-populated\">\n\t\t\t\t\t\t<div class=\"elementor-element elementor-element-36bb8859 elementor-align-center elementor-widget elementor-widget-button\" data-id=\"36bb8859\" data-element_type=\"widget\" data-e-type=\"widget\" data-widget_type=\"button.default\">\n\t\t\t\t<div class=\"elementor-widget-container\">\n\t\t\t\t\t\t\t\t\t<div class=\"elementor-button-wrapper\">\n\t\t\t\t\t<a class=\"elementor-button elementor-button-link elementor-size-sm\" href=\"https:\/\/jjbcn.com\/wp-content\/uploads\/ESQUEMAS-J2.pdf\">\n\t\t\t\t\t\t<span class=\"elementor-button-content-wrapper\">\n\t\t\t\t\t\t<span class=\"elementor-button-icon\">\n\t\t\t\t<i aria-hidden=\"true\" class=\"far fa-file-pdf\"><\/i>\t\t\t<\/span>\n\t\t\t\t\t\t\t\t\t<span class=\"elementor-button-text\">Sch\u00e9mas<\/span>\n\t\t\t\t\t<\/span>\n\t\t\t\t\t<\/a>\n\t\t\t\t<\/div>\n\t\t\t\t\t\t\t\t<\/div>\n\t\t\t\t<\/div>\n\t\t\t\t\t<\/div>\n\t\t<\/div>\n\t\t\t\t<div class=\"elementor-column elementor-col-16 elementor-top-column elementor-element elementor-element-386f9dd5 elementor-hidden-desktop elementor-hidden-tablet elementor-hidden-phone\" data-id=\"386f9dd5\" data-element_type=\"column\" data-e-type=\"column\">\n\t\t\t<div class=\"elementor-widget-wrap elementor-element-populated\">\n\t\t\t\t\t\t<div class=\"elementor-element elementor-element-2a8cbcef elementor-align-center elementor-widget elementor-widget-button\" data-id=\"2a8cbcef\" data-element_type=\"widget\" data-e-type=\"widget\" data-widget_type=\"button.default\">\n\t\t\t\t<div class=\"elementor-widget-container\">\n\t\t\t\t\t\t\t\t\t<div class=\"elementor-button-wrapper\">\n\t\t\t\t\t<a class=\"elementor-button elementor-button-link elementor-size-sm\" href=\"#\">\n\t\t\t\t\t\t<span class=\"elementor-button-content-wrapper\">\n\t\t\t\t\t\t<span class=\"elementor-button-icon\">\n\t\t\t\t<i aria-hidden=\"true\" class=\"far fa-file-pdf\"><\/i>\t\t\t<\/span>\n\t\t\t\t\t\t\t\t\t<span class=\"elementor-button-text\">Manuel<\/span>\n\t\t\t\t\t<\/span>\n\t\t\t\t\t<\/a>\n\t\t\t\t<\/div>\n\t\t\t\t\t\t\t\t<\/div>\n\t\t\t\t<\/div>\n\t\t\t\t\t<\/div>\n\t\t<\/div>\n\t\t\t\t<div class=\"elementor-column elementor-col-16 elementor-top-column elementor-element elementor-element-51f6a249 elementor-hidden-desktop elementor-hidden-tablet elementor-hidden-phone\" data-id=\"51f6a249\" data-element_type=\"column\" data-e-type=\"column\">\n\t\t\t<div class=\"elementor-widget-wrap elementor-element-populated\">\n\t\t\t\t\t\t<div class=\"elementor-element elementor-element-5c6dbb elementor-align-center elementor-widget elementor-widget-button\" data-id=\"5c6dbb\" data-element_type=\"widget\" data-e-type=\"widget\" data-widget_type=\"button.default\">\n\t\t\t\t<div class=\"elementor-widget-container\">\n\t\t\t\t\t\t\t\t\t<div class=\"elementor-button-wrapper\">\n\t\t\t\t\t<a class=\"elementor-button elementor-button-link elementor-size-sm\" href=\"#\">\n\t\t\t\t\t\t<span class=\"elementor-button-content-wrapper\">\n\t\t\t\t\t\t<span class=\"elementor-button-icon\">\n\t\t\t\t<i aria-hidden=\"true\" class=\"far fa-file-pdf\"><\/i>\t\t\t<\/span>\n\t\t\t\t\t\t\t\t\t<span class=\"elementor-button-text\">Instr. mise en marche<\/span>\n\t\t\t\t\t<\/span>\n\t\t\t\t\t<\/a>\n\t\t\t\t<\/div>\n\t\t\t\t\t\t\t\t<\/div>\n\t\t\t\t<\/div>\n\t\t\t\t\t<\/div>\n\t\t<\/div>\n\t\t\t\t<div class=\"elementor-column elementor-col-16 elementor-top-column elementor-element elementor-element-3af70fb3 elementor-hidden-desktop elementor-hidden-tablet elementor-hidden-phone\" data-id=\"3af70fb3\" data-element_type=\"column\" data-e-type=\"column\">\n\t\t\t<div class=\"elementor-widget-wrap elementor-element-populated\">\n\t\t\t\t\t\t<div class=\"elementor-element elementor-element-6f10c391 elementor-align-center elementor-widget elementor-widget-button\" data-id=\"6f10c391\" data-element_type=\"widget\" data-e-type=\"widget\" data-widget_type=\"button.default\">\n\t\t\t\t<div class=\"elementor-widget-container\">\n\t\t\t\t\t\t\t\t\t<div class=\"elementor-button-wrapper\">\n\t\t\t\t\t<a class=\"elementor-button elementor-button-link elementor-size-sm\" href=\"#\">\n\t\t\t\t\t\t<span class=\"elementor-button-content-wrapper\">\n\t\t\t\t\t\t<span class=\"elementor-button-icon\">\n\t\t\t\t<i aria-hidden=\"true\" class=\"far fa-file-pdf\"><\/i>\t\t\t<\/span>\n\t\t\t\t\t\t\t\t\t<span class=\"elementor-button-text\">Led visuel<\/span>\n\t\t\t\t\t<\/span>\n\t\t\t\t\t<\/a>\n\t\t\t\t<\/div>\n\t\t\t\t\t\t\t\t<\/div>\n\t\t\t\t<\/div>\n\t\t\t\t\t<\/div>\n\t\t<\/div>\n\t\t\t\t<div class=\"elementor-column elementor-col-16 elementor-top-column elementor-element elementor-element-66371305 elementor-hidden-desktop elementor-hidden-tablet elementor-hidden-phone\" data-id=\"66371305\" data-element_type=\"column\" data-e-type=\"column\">\n\t\t\t<div class=\"elementor-widget-wrap elementor-element-populated\">\n\t\t\t\t\t\t<div class=\"elementor-element elementor-element-3d5316a3 elementor-align-center elementor-widget elementor-widget-button\" data-id=\"3d5316a3\" data-element_type=\"widget\" data-e-type=\"widget\" data-widget_type=\"button.default\">\n\t\t\t\t<div class=\"elementor-widget-container\">\n\t\t\t\t\t\t\t\t\t<div class=\"elementor-button-wrapper\">\n\t\t\t\t\t<a class=\"elementor-button elementor-button-link elementor-size-sm\" href=\"#\">\n\t\t\t\t\t\t<span class=\"elementor-button-content-wrapper\">\n\t\t\t\t\t\t<span class=\"elementor-button-icon\">\n\t\t\t\t<i aria-hidden=\"true\" class=\"far fa-file-pdf\"><\/i>\t\t\t<\/span>\n\t\t\t\t\t\t\t\t\t<span class=\"elementor-button-text\">R\u00e9glage de la came<\/span>\n\t\t\t\t\t<\/span>\n\t\t\t\t\t<\/a>\n\t\t\t\t<\/div>\n\t\t\t\t\t\t\t\t<\/div>\n\t\t\t\t<\/div>\n\t\t\t\t\t<\/div>\n\t\t<\/div>\n\t\t\t\t\t<\/div>\n\t\t<\/section>\n\t\t\t\t<\/div>","protected":false},"excerpt":{"rendered":"<p>ACTIONNEUR 1\/4 DE TOUR. ALLUM\u00c9 \u00c9TEINT. TENSION VL (24 VDC\/VAC) IH (85-240 VDC\/VAC) PAIRE DE 10NM. GAMME J2 Actionneur r\u00e9alis\u00e9 majoritairement en plastique (corps et embase en PA anticorrosion), l\u00e9ger et compact. Tr\u00e8s appropri\u00e9 pour les petites vannes, car son couple de fonctionnement ne d\u00e9passe pas 10 Nm. Il fonctionne sous une tension de... <a title=\"S\u00e9rie J2\" class=\"read-more\" href=\"https:\/\/jjbcn.com\/fr\/productos\/actuadores-electricos\/serie-j2\/\" aria-label=\"En savoir plus sur S\u00e9rie J2\">Lire plus<\/a><\/p>","protected":false},"author":5,"featured_media":0,"parent":6392,"menu_order":0,"comment_status":"closed","ping_status":"closed","template":"","meta":{"_acf_changed":false,"footnotes":""},"class_list":["post-6779","page","type-page","status-publish"],"acf":[],"_links":{"self":[{"href":"https:\/\/jjbcn.com\/fr\/wp-json\/wp\/v2\/pages\/6779","targetHints":{"allow":["GET"]}}],"collection":[{"href":"https:\/\/jjbcn.com\/fr\/wp-json\/wp\/v2\/pages"}],"about":[{"href":"https:\/\/jjbcn.com\/fr\/wp-json\/wp\/v2\/types\/page"}],"author":[{"embeddable":true,"href":"https:\/\/jjbcn.com\/fr\/wp-json\/wp\/v2\/users\/5"}],"replies":[{"embeddable":true,"href":"https:\/\/jjbcn.com\/fr\/wp-json\/wp\/v2\/comments?post=6779"}],"version-history":[{"count":74,"href":"https:\/\/jjbcn.com\/fr\/wp-json\/wp\/v2\/pages\/6779\/revisions"}],"predecessor-version":[{"id":11507,"href":"https:\/\/jjbcn.com\/fr\/wp-json\/wp\/v2\/pages\/6779\/revisions\/11507"}],"up":[{"embeddable":true,"href":"https:\/\/jjbcn.com\/fr\/wp-json\/wp\/v2\/pages\/6392"}],"wp:attachment":[{"href":"https:\/\/jjbcn.com\/fr\/wp-json\/wp\/v2\/media?parent=6779"}],"curies":[{"name":"wp","href":"https:\/\/api.w.org\/{rel}","templated":true}]}}