{"id":7038,"date":"2021-01-28T23:20:23","date_gmt":"2021-01-28T21:20:23","guid":{"rendered":"http:\/\/jjbcn.com\/?page_id=7038"},"modified":"2023-05-29T11:55:20","modified_gmt":"2023-05-29T09:55:20","slug":"amplificateur","status":"publish","type":"page","link":"https:\/\/jjbcn.com\/fr\/productos\/accesorios-neumaticos\/aumentador-de-presion\/","title":{"rendered":"Booster"},"content":{"rendered":"<div data-elementor-type=\"wp-page\" data-elementor-id=\"7038\" class=\"elementor elementor-7038\" data-elementor-post-type=\"page\">\n\t\t\t\t\t\t<section class=\"elementor-section elementor-inner-section elementor-element elementor-element-4583974e elementor-section-height-min-height elementor-section-boxed elementor-section-height-default\" data-id=\"4583974e\" data-element_type=\"section\" data-e-type=\"section\" data-settings=\"{&quot;jet_parallax_layout_list&quot;:[]}\">\n\t\t\t\t\t\t<div class=\"elementor-container elementor-column-gap-default\">\n\t\t\t\t\t<div class=\"elementor-column elementor-col-100 elementor-inner-column elementor-element elementor-element-d3017ec\" data-id=\"d3017ec\" data-element_type=\"column\" data-e-type=\"column\">\n\t\t\t<div class=\"elementor-widget-wrap elementor-element-populated\">\n\t\t\t\t\t\t<div class=\"elementor-element elementor-element-471f5ab6 elementor-icon-list--layout-inline elementor-align-end elementor-list-item-link-full_width elementor-widget elementor-widget-icon-list\" data-id=\"471f5ab6\" data-element_type=\"widget\" data-e-type=\"widget\" data-widget_type=\"icon-list.default\">\n\t\t\t\t<div class=\"elementor-widget-container\">\n\t\t\t\t\t\t\t<ul class=\"elementor-icon-list-items elementor-inline-items\">\n\t\t\t\t\t\t\t<li class=\"elementor-icon-list-item elementor-inline-item\">\n\t\t\t\t\t\t\t\t\t\t<span class=\"elementor-icon-list-text\">Produits<\/span>\n\t\t\t\t\t\t\t\t\t<\/li>\n\t\t\t\t\t\t\t\t<li class=\"elementor-icon-list-item elementor-inline-item\">\n\t\t\t\t\t\t\t\t\t\t\t<span class=\"elementor-icon-list-icon\">\n\t\t\t\t\t\t\t<i aria-hidden=\"true\" class=\"fas fa-angle-right\"><\/i>\t\t\t\t\t\t<\/span>\n\t\t\t\t\t\t\t\t\t\t<span class=\"elementor-icon-list-text\">actionneurs pneumatiques<\/span>\n\t\t\t\t\t\t\t\t\t<\/li>\n\t\t\t\t\t\t\t\t<li class=\"elementor-icon-list-item elementor-inline-item\">\n\t\t\t\t\t\t\t\t\t\t\t<span class=\"elementor-icon-list-icon\">\n\t\t\t\t\t\t\t<i aria-hidden=\"true\" class=\"fas fa-angle-right\"><\/i>\t\t\t\t\t\t<\/span>\n\t\t\t\t\t\t\t\t\t\t<span class=\"elementor-icon-list-text\">accessoires<\/span>\n\t\t\t\t\t\t\t\t\t<\/li>\n\t\t\t\t\t\t\t\t<li class=\"elementor-icon-list-item elementor-inline-item\">\n\t\t\t\t\t\t\t\t\t\t\t<span class=\"elementor-icon-list-icon\">\n\t\t\t\t\t\t\t<i aria-hidden=\"true\" class=\"fas fa-angle-right\"><\/i>\t\t\t\t\t\t<\/span>\n\t\t\t\t\t\t\t\t\t\t<span class=\"elementor-icon-list-text\">Booster<\/span>\n\t\t\t\t\t\t\t\t\t<\/li>\n\t\t\t\t\t\t<\/ul>\n\t\t\t\t\t\t<\/div>\n\t\t\t\t<\/div>\n\t\t\t\t\t<\/div>\n\t\t<\/div>\n\t\t\t\t\t<\/div>\n\t\t<\/section>\n\t\t\t\t<section class=\"elementor-section elementor-top-section elementor-element elementor-element-2ca7bdf8 elementor-section-boxed elementor-section-height-default elementor-section-height-default\" data-id=\"2ca7bdf8\" data-element_type=\"section\" data-e-type=\"section\" data-settings=\"{&quot;jet_parallax_layout_list&quot;:[]}\">\n\t\t\t\t\t\t<div class=\"elementor-container elementor-column-gap-default\">\n\t\t\t\t\t<div class=\"elementor-column elementor-col-100 elementor-top-column elementor-element elementor-element-55f7501c\" data-id=\"55f7501c\" data-element_type=\"column\" data-e-type=\"column\">\n\t\t\t<div class=\"elementor-widget-wrap elementor-element-populated\">\n\t\t\t\t\t\t<section class=\"elementor-section elementor-inner-section elementor-element elementor-element-40646be6 elementor-section-height-min-height elementor-section-boxed elementor-section-height-default\" data-id=\"40646be6\" data-element_type=\"section\" data-e-type=\"section\" data-settings=\"{&quot;jet_parallax_layout_list&quot;:[]}\">\n\t\t\t\t\t\t<div class=\"elementor-container elementor-column-gap-default\">\n\t\t\t\t\t<div class=\"elementor-column elementor-col-100 elementor-inner-column elementor-element elementor-element-6b2240a4\" data-id=\"6b2240a4\" data-element_type=\"column\" data-e-type=\"column\">\n\t\t\t<div class=\"elementor-widget-wrap elementor-element-populated\">\n\t\t\t\t\t\t<div class=\"elementor-element elementor-element-69894aa0 hover-titulo-productos elementor-widget elementor-widget-heading\" data-id=\"69894aa0\" data-element_type=\"widget\" data-e-type=\"widget\" data-widget_type=\"heading.default\">\n\t\t\t\t<div class=\"elementor-widget-container\">\n\t\t\t\t\t<h2 class=\"elementor-heading-title elementor-size-default\"><a href=\"#\">Booster<\/a><\/h2>\t\t\t\t<\/div>\n\t\t\t\t<\/div>\n\t\t\t\t\t<\/div>\n\t\t<\/div>\n\t\t\t\t\t<\/div>\n\t\t<\/section>\n\t\t\t\t\t<\/div>\n\t\t<\/div>\n\t\t\t\t\t<\/div>\n\t\t<\/section>\n\t\t\t\t<section class=\"elementor-section elementor-top-section elementor-element elementor-element-55c0635c elementor-section-boxed elementor-section-height-default elementor-section-height-default\" data-id=\"55c0635c\" data-element_type=\"section\" data-e-type=\"section\" data-settings=\"{&quot;jet_parallax_layout_list&quot;:[]}\">\n\t\t\t\t\t\t<div class=\"elementor-container elementor-column-gap-default\">\n\t\t\t\t\t<div class=\"elementor-column elementor-col-100 elementor-top-column elementor-element elementor-element-6d1a84de\" data-id=\"6d1a84de\" data-element_type=\"column\" data-e-type=\"column\">\n\t\t\t<div class=\"elementor-widget-wrap elementor-element-populated\">\n\t\t\t\t\t\t<section class=\"elementor-section elementor-inner-section elementor-element elementor-element-180227f7 elementor-section-boxed elementor-section-height-default elementor-section-height-default\" data-id=\"180227f7\" data-element_type=\"section\" data-e-type=\"section\" data-settings=\"{&quot;jet_parallax_layout_list&quot;:[]}\">\n\t\t\t\t\t\t<div class=\"elementor-container elementor-column-gap-default\">\n\t\t\t\t\t<div class=\"elementor-column elementor-col-25 elementor-inner-column elementor-element elementor-element-54f5bbf5\" data-id=\"54f5bbf5\" data-element_type=\"column\" data-e-type=\"column\">\n\t\t\t<div class=\"elementor-widget-wrap elementor-element-populated\">\n\t\t\t\t\t\t<div class=\"elementor-element elementor-element-44b2fec elementor-widget elementor-widget-heading\" data-id=\"44b2fec\" data-element_type=\"widget\" data-e-type=\"widget\" data-widget_type=\"heading.default\">\n\t\t\t\t<div class=\"elementor-widget-container\">\n\t\t\t\t\t<h2 class=\"elementor-heading-title elementor-size-default\">YT-300<\/h2>\t\t\t\t<\/div>\n\t\t\t\t<\/div>\n\t\t\t\t<div class=\"elementor-element elementor-element-5705fb4 elementor-widget elementor-widget-text-editor\" data-id=\"5705fb4\" data-element_type=\"widget\" data-e-type=\"widget\" data-widget_type=\"text-editor.default\">\n\t\t\t\t<div class=\"elementor-widget-container\">\n\t\t\t\t\t\t\t\t\t<p><strong>Booster YT-300<\/strong><br \/>UGS : 172502<\/p>\t\t\t\t\t\t\t\t<\/div>\n\t\t\t\t<\/div>\n\t\t\t\t\t<\/div>\n\t\t<\/div>\n\t\t\t\t<div class=\"elementor-column elementor-col-50 elementor-inner-column elementor-element elementor-element-77adb6fd\" data-id=\"77adb6fd\" data-element_type=\"column\" data-e-type=\"column\">\n\t\t\t<div class=\"elementor-widget-wrap elementor-element-populated\">\n\t\t\t\t\t\t<div class=\"elementor-element elementor-element-5d1f4938 elementor-widget elementor-widget-image\" data-id=\"5d1f4938\" data-element_type=\"widget\" data-e-type=\"widget\" data-widget_type=\"image.default\">\n\t\t\t\t<div class=\"elementor-widget-container\">\n\t\t\t\t\t\t\t\t\t\t\t\t\t\t\t<img fetchpriority=\"high\" decoding=\"async\" width=\"1024\" height=\"918\" src=\"https:\/\/jjbcn.com\/wp-content\/uploads\/YT-300-1024x918.jpg\" class=\"attachment-large size-large wp-image-7040\" alt=\"\" srcset=\"https:\/\/jjbcn.com\/wp-content\/uploads\/YT-300-1024x918.jpg 1024w, https:\/\/jjbcn.com\/wp-content\/uploads\/YT-300-300x269.jpg 300w, https:\/\/jjbcn.com\/wp-content\/uploads\/YT-300-768x689.jpg 768w, https:\/\/jjbcn.com\/wp-content\/uploads\/YT-300-1536x1377.jpg 1536w, https:\/\/jjbcn.com\/wp-content\/uploads\/YT-300-482x432.jpg 482w, https:\/\/jjbcn.com\/wp-content\/uploads\/YT-300.jpg 2043w\" sizes=\"(max-width: 1024px) 100vw, 1024px\" \/>\t\t\t\t\t\t\t\t\t\t\t\t\t\t\t<\/div>\n\t\t\t\t<\/div>\n\t\t\t\t\t<\/div>\n\t\t<\/div>\n\t\t\t\t<div class=\"elementor-column elementor-col-25 elementor-inner-column elementor-element elementor-element-7a811b71\" data-id=\"7a811b71\" data-element_type=\"column\" data-e-type=\"column\">\n\t\t\t<div class=\"elementor-widget-wrap\">\n\t\t\t\t\t\t\t<\/div>\n\t\t<\/div>\n\t\t\t\t\t<\/div>\n\t\t<\/section>\n\t\t\t\t\t<\/div>\n\t\t<\/div>\n\t\t\t\t\t<\/div>\n\t\t<\/section>\n\t\t\t\t<section class=\"elementor-section elementor-top-section elementor-element elementor-element-416178f5 elementor-hidden-desktop elementor-hidden-tablet elementor-hidden-mobile elementor-section-boxed elementor-section-height-default elementor-section-height-default\" data-id=\"416178f5\" data-element_type=\"section\" data-e-type=\"section\" data-settings=\"{&quot;jet_parallax_layout_list&quot;:[]}\">\n\t\t\t\t\t\t<div class=\"elementor-container elementor-column-gap-default\">\n\t\t\t\t\t<div class=\"elementor-column elementor-col-100 elementor-top-column elementor-element elementor-element-7afdd351\" data-id=\"7afdd351\" data-element_type=\"column\" data-e-type=\"column\">\n\t\t\t<div class=\"elementor-widget-wrap elementor-element-populated\">\n\t\t\t\t\t\t<div class=\"elementor-element elementor-element-76179361 elementor-widget elementor-widget-button\" data-id=\"76179361\" data-element_type=\"widget\" data-e-type=\"widget\" data-widget_type=\"button.default\">\n\t\t\t\t<div class=\"elementor-widget-container\">\n\t\t\t\t\t\t\t\t\t<div class=\"elementor-button-wrapper\">\n\t\t\t\t\t<a class=\"elementor-button elementor-button-link elementor-size-sm\" href=\"https:\/\/jjbcn.com\/fr\/contact\/\" contacto=\"\">\n\t\t\t\t\t\t<span class=\"elementor-button-content-wrapper\">\n\t\t\t\t\t\t\t\t\t<span class=\"elementor-button-text\">Formulaire de contact<\/span>\n\t\t\t\t\t<\/span>\n\t\t\t\t\t<\/a>\n\t\t\t\t<\/div>\n\t\t\t\t\t\t\t\t<\/div>\n\t\t\t\t<\/div>\n\t\t\t\t<div class=\"elementor-element elementor-element-50288156 elementor-widget elementor-widget-button\" data-id=\"50288156\" data-element_type=\"widget\" data-e-type=\"widget\" data-widget_type=\"button.default\">\n\t\t\t\t<div class=\"elementor-widget-container\">\n\t\t\t\t\t\t\t\t\t<div class=\"elementor-button-wrapper\">\n\t\t\t\t\t<a class=\"elementor-button elementor-button-link elementor-size-sm\" href=\"https:\/\/www.linkedin.com\/company\/j-j-bcn-internacional\/\" perfil=\"\" target=\"_blank\" rel=\"noopener\">\n\t\t\t\t\t\t<span class=\"elementor-button-content-wrapper\">\n\t\t\t\t\t\t\t\t\t<span class=\"elementor-button-text\">Profil Linkedin de JJ BCN International<\/span>\n\t\t\t\t\t<\/span>\n\t\t\t\t\t<\/a>\n\t\t\t\t<\/div>\n\t\t\t\t\t\t\t\t<\/div>\n\t\t\t\t<\/div>\n\t\t\t\t<div class=\"elementor-element elementor-element-40739fff elementor-widget elementor-widget-text-editor\" data-id=\"40739fff\" data-element_type=\"widget\" data-e-type=\"widget\" data-widget_type=\"text-editor.default\">\n\t\t\t\t<div class=\"elementor-widget-container\">\n\t\t\t\t\t\t\t\t\tQualit\u00e9 et durabilit\u00e9 : En ce qui concerne les produits JJ, la qualit\u00e9 est une priorit\u00e9 incontest\u00e9e. JJ BCN Internacional s&#039;engage \u00e0 offrir des produits durables et fiables qui d\u00e9passent les attentes de ses clients. Chaque article est soumis \u00e0 des contr\u00f4les de qualit\u00e9 rigoureux pour garantir sa r\u00e9sistance et ses performances \u00e0 long terme. La marque est fi\u00e8re de sa r\u00e9putation de fabriquer des produits qui r\u00e9sistent \u00e0 l&#039;\u00e9preuve du temps et deviennent des investissements pr\u00e9cieux pour leurs utilisateurs. Vari\u00e9t\u00e9 de produits\u00a0: la gamme de produits de JJ est vaste et diversifi\u00e9e, couvrant diverses cat\u00e9gories pour r\u00e9pondre aux besoins des diff\u00e9rents segments de march\u00e9. De l&#039;\u00e9lectronique grand public aux produits de soins personnels, la marque propose une large s\u00e9lection allant du basique au sp\u00e9cialis\u00e9. Les produits JJ s&#039;adaptent aux besoins des consommateurs modernes, offrant des solutions efficaces et polyvalentes pour chaque situation. Durabilit\u00e9\u00a0: JJ BCN Internacional est pr\u00e9occup\u00e9e par l&#039;impact environnemental de ses op\u00e9rations et s&#039;efforce d&#039;\u00eatre une entreprise durable. Conform\u00e9ment \u00e0 cette vision, les produits JJ sont con\u00e7us dans un souci de durabilit\u00e9. La marque met l&#039;accent sur l&#039;utilisation de mat\u00e9riaux \u00e9cologiques, des processus de production efficaces et des emballages recyclables. En choisissant un produit JJ, les consommateurs peuvent \u00eatre s\u00fbrs qu&#039;ils contribuent \u00e0 un avenir plus vert et plus durable. Conclusion : Les produits JJ de JJ BCN Internacional sont synonymes de qualit\u00e9, d&#039;innovation et de confiance. De son accent sur la technologie et le design \u00e0 son engagement envers la durabilit\u00e9 et la durabilit\u00e9, la marque a \u00e9tabli une norme \u00e9lev\u00e9e dans l&#039;industrie. Les produits JJ sont devenus\t\t\t\t\t\t\t\t<\/div>\n\t\t\t\t<\/div>\n\t\t\t\t<div class=\"elementor-element elementor-element-2645fe0 elementor-widget elementor-widget-text-editor\" data-id=\"2645fe0\" data-element_type=\"widget\" data-e-type=\"widget\" data-widget_type=\"text-editor.default\">\n\t\t\t\t<div class=\"elementor-widget-container\">\n\t\t\t\t\t\t\t\t\t<p>JJ BCN Internacional SA est une entreprise leader dans le domaine des syst\u00e8mes de surpression. Avec des ann\u00e9es d&#039;exp\u00e9rience dans l&#039;industrie, l&#039;entreprise s&#039;est b\u00e2tie une solide r\u00e9putation en mati\u00e8re d&#039;innovation, de qualit\u00e9 et d&#039;engagement envers la satisfaction du client.<\/p><p>Un surpresseur est un dispositif essentiel dans de nombreuses applications industrielles et commerciales o\u00f9 un d\u00e9bit de liquide constant et une pression ad\u00e9quate sont requis. Ces dispositifs sont utilis\u00e9s pour augmenter la pression de l&#039;eau, de l&#039;huile ou d&#039;autres fluides, garantissant ainsi un approvisionnement fiable et efficace \u00e0 tout moment.<\/p><p>JJ BCN Internacional SA est fier de proposer une large gamme de surpresseurs con\u00e7us selon les plus hauts standards de qualit\u00e9 et de performance. Leur \u00e9quipe d&#039;ing\u00e9nieurs hautement qualifi\u00e9s travaille en \u00e9troite collaboration avec les clients pour comprendre leurs besoins sp\u00e9cifiques et fournir des solutions personnalis\u00e9es adapt\u00e9es \u00e0 leurs exigences individuelles.<\/p>\t\t\t\t\t\t\t\t<\/div>\n\t\t\t\t<\/div>\n\t\t\t\t<div class=\"elementor-element elementor-element-bda5d83 elementor-widget elementor-widget-text-editor\" data-id=\"bda5d83\" data-element_type=\"widget\" data-e-type=\"widget\" data-widget_type=\"text-editor.default\">\n\t\t\t\t<div class=\"elementor-widget-container\">\n\t\t\t\t\t\t\t\t\t<p>L&#039;entreprise utilise une technologie de pointe et les derni\u00e8res avanc\u00e9es dans le domaine pour fabriquer des surpresseurs tr\u00e8s \u00e9conomes en \u00e9nergie et silencieux en fonctionnement. De plus, ils se consacrent \u00e0 la recherche et au d\u00e9veloppement continus pour garantir que leurs produits sont \u00e0 la pointe de l&#039;innovation, d\u00e9passant les attentes du march\u00e9.<\/p><p>La qualit\u00e9 est une priorit\u00e9 fondamentale pour JJ BCN Internacional SA. Tous leurs boosters sont soumis \u00e0 des tests de qualit\u00e9 rigoureux pour garantir des performances optimales et une longue dur\u00e9e de vie. De plus, l&#039;entreprise se conforme \u00e0 toutes les r\u00e9glementations et normes de s\u00e9curit\u00e9 en vigueur, garantissant ainsi la fiabilit\u00e9 et la s\u00e9curit\u00e9 de ses produits.<\/p>\t\t\t\t\t\t\t\t<\/div>\n\t\t\t\t<\/div>\n\t\t\t\t<div class=\"elementor-element elementor-element-5d10f07 elementor-widget elementor-widget-text-editor\" data-id=\"5d10f07\" data-element_type=\"widget\" data-e-type=\"widget\" data-widget_type=\"text-editor.default\">\n\t\t\t\t<div class=\"elementor-widget-container\">\n\t\t\t\t\t\t\t\t\t<p>L&#039;entreprise utilise une technologie de pointe et les derni\u00e8res avanc\u00e9es dans le domaine pour fabriquer des surpresseurs tr\u00e8s \u00e9conomes en \u00e9nergie et silencieux en fonctionnement. De plus, ils se consacrent \u00e0 la recherche et au d\u00e9veloppement continus pour garantir que leurs produits sont \u00e0 la pointe de l&#039;innovation, d\u00e9passant les attentes du march\u00e9.<\/p><p>La qualit\u00e9 est une priorit\u00e9 fondamentale pour JJ BCN Internacional SA. Tous leurs boosters sont soumis \u00e0 des tests de qualit\u00e9 rigoureux pour garantir des performances optimales et une longue dur\u00e9e de vie. De plus, l&#039;entreprise se conforme \u00e0 toutes les r\u00e9glementations et normes de s\u00e9curit\u00e9 en vigueur, garantissant ainsi la fiabilit\u00e9 et la s\u00e9curit\u00e9 de ses produits.<\/p>\t\t\t\t\t\t\t\t<\/div>\n\t\t\t\t<\/div>\n\t\t\t\t<div class=\"elementor-element elementor-element-bed3e6d elementor-widget elementor-widget-text-editor\" data-id=\"bed3e6d\" data-element_type=\"widget\" data-e-type=\"widget\" data-widget_type=\"text-editor.default\">\n\t\t\t\t<div class=\"elementor-widget-container\">\n\t\t\t\t\t\t\t\t\t<p>En plus de son engagement envers la qualit\u00e9, JJ BCN Internacional SA se distingue \u00e9galement par son excellent service client. Leur \u00e9quipe de service client hautement qualifi\u00e9e et conviviale est toujours pr\u00eate \u00e0 fournir des conseils d&#039;experts et \u00e0 r\u00e9pondre \u00e0 toutes les questions ou pr\u00e9occupations des clients. L&#039;entreprise est fi\u00e8re d&#039;\u00e9tablir des relations solides et durables avec ses clients, en les soutenant \u00e0 chaque \u00e9tape, de la s\u00e9lection initiale du produit \u00e0 l&#039;installation et \u00e0 la maintenance continue.<\/p><p>En r\u00e9sum\u00e9, JJ BCN Internacional SA est une entreprise leader dans la fabrication de surpresseurs, fournissant des solutions fiables et de haute qualit\u00e9 pour diverses applications. En mettant l&#039;accent sur l&#039;innovation, la qualit\u00e9 et le service client, l&#039;entreprise a gagn\u00e9 la confiance de ses clients du monde entier.<\/p>\t\t\t\t\t\t\t\t<\/div>\n\t\t\t\t<\/div>\n\t\t\t\t<div class=\"elementor-element elementor-element-557cb6e7 elementor-widget elementor-widget-image\" data-id=\"557cb6e7\" data-element_type=\"widget\" data-e-type=\"widget\" data-widget_type=\"image.default\">\n\t\t\t\t<div class=\"elementor-widget-container\">\n\t\t\t\t\t\t\t\t\t\t\t\t\t\t\t<img decoding=\"async\" width=\"1024\" height=\"918\" src=\"https:\/\/jjbcn.com\/wp-content\/uploads\/2017\/07\/YT-300-1024x918.jpg\" class=\"attachment-large size-large wp-image-682\" alt=\"Booster\" srcset=\"https:\/\/jjbcn.com\/wp-content\/uploads\/2017\/07\/YT-300-1024x918.jpg 1024w, https:\/\/jjbcn.com\/wp-content\/uploads\/2017\/07\/YT-300-482x432.jpg 482w, https:\/\/jjbcn.com\/wp-content\/uploads\/2017\/07\/YT-300-300x269.jpg 300w, https:\/\/jjbcn.com\/wp-content\/uploads\/2017\/07\/YT-300-768x689.jpg 768w, https:\/\/jjbcn.com\/wp-content\/uploads\/2017\/07\/YT-300.jpg 2043w\" sizes=\"(max-width: 1024px) 100vw, 1024px\" \/>\t\t\t\t\t\t\t\t\t\t\t\t\t\t\t<\/div>\n\t\t\t\t<\/div>\n\t\t\t\t\t<\/div>\n\t\t<\/div>\n\t\t\t\t\t<\/div>\n\t\t<\/section>\n\t\t\t\t<\/div>","protected":false},"excerpt":{"rendered":"<p>Produits accessoires actionneurs pneumatiques Surpresseur YT-300 Surpresseur YT-300 SKU: 172502 Formulaire de contact JJ BCN International Profil Linkedin Qualit\u00e9 et durabilit\u00e9: Lorsqu&#039;il s&#039;agit de produits JJ, la qualit\u00e9 est une priorit\u00e9 incontest\u00e9e. JJ BCN Internacional s&#039;engage \u00e0 offrir des produits durables et fiables qui d\u00e9passent\u2026 <a title=\"Booster\" class=\"read-more\" href=\"https:\/\/jjbcn.com\/fr\/productos\/accesorios-neumaticos\/aumentador-de-presion\/\" aria-label=\"En savoir plus sur Booster de pression\">Lire plus<\/a><\/p>","protected":false},"author":5,"featured_media":0,"parent":7062,"menu_order":0,"comment_status":"closed","ping_status":"closed","template":"elementor_header_footer","meta":{"_acf_changed":false,"footnotes":""},"class_list":["post-7038","page","type-page","status-publish"],"acf":[],"_links":{"self":[{"href":"https:\/\/jjbcn.com\/fr\/wp-json\/wp\/v2\/pages\/7038","targetHints":{"allow":["GET"]}}],"collection":[{"href":"https:\/\/jjbcn.com\/fr\/wp-json\/wp\/v2\/pages"}],"about":[{"href":"https:\/\/jjbcn.com\/fr\/wp-json\/wp\/v2\/types\/page"}],"author":[{"embeddable":true,"href":"https:\/\/jjbcn.com\/fr\/wp-json\/wp\/v2\/users\/5"}],"replies":[{"embeddable":true,"href":"https:\/\/jjbcn.com\/fr\/wp-json\/wp\/v2\/comments?post=7038"}],"version-history":[{"count":35,"href":"https:\/\/jjbcn.com\/fr\/wp-json\/wp\/v2\/pages\/7038\/revisions"}],"predecessor-version":[{"id":11990,"href":"https:\/\/jjbcn.com\/fr\/wp-json\/wp\/v2\/pages\/7038\/revisions\/11990"}],"up":[{"embeddable":true,"href":"https:\/\/jjbcn.com\/fr\/wp-json\/wp\/v2\/pages\/7062"}],"wp:attachment":[{"href":"https:\/\/jjbcn.com\/fr\/wp-json\/wp\/v2\/media?parent=7038"}],"curies":[{"name":"wp","href":"https:\/\/api.w.org\/{rel}","templated":true}]}}