{"id":8406,"date":"2021-08-30T12:54:18","date_gmt":"2021-08-30T10:54:18","guid":{"rendered":"https:\/\/jjbcn.com\/?page_id=8406"},"modified":"2023-03-27T11:38:32","modified_gmt":"2023-03-27T09:38:32","slug":"mentions-legales","status":"publish","type":"page","link":"https:\/\/jjbcn.com\/fr\/aviso-legal\/","title":{"rendered":"Avis juridique"},"content":{"rendered":"<div data-elementor-type=\"wp-page\" data-elementor-id=\"8406\" class=\"elementor elementor-8406\" data-elementor-post-type=\"page\">\n\t\t\t\t\t\t<section class=\"elementor-section elementor-top-section elementor-element elementor-element-af6d809 elementor-section-boxed elementor-section-height-default elementor-section-height-default\" data-id=\"af6d809\" data-element_type=\"section\" data-e-type=\"section\" data-settings=\"{&quot;jet_parallax_layout_list&quot;:[]}\">\n\t\t\t\t\t\t<div class=\"elementor-container elementor-column-gap-default\">\n\t\t\t\t\t<div class=\"elementor-column elementor-col-100 elementor-top-column elementor-element elementor-element-498ba81\" data-id=\"498ba81\" data-element_type=\"column\" data-e-type=\"column\">\n\t\t\t<div class=\"elementor-widget-wrap elementor-element-populated\">\n\t\t\t\t\t\t<div class=\"elementor-element elementor-element-e912961 elementor-widget elementor-widget-text-editor\" data-id=\"e912961\" data-element_type=\"widget\" data-e-type=\"widget\" data-widget_type=\"text-editor.default\">\n\t\t\t\t<div class=\"elementor-widget-container\">\n\t\t\t\t\t\t\t\t\t<p>Afin de se conformer \u00e0 l&#039;article 10 de la loi 34\/2002 sur les services de la soci\u00e9t\u00e9 de l&#039;information et du commerce \u00e9lectronique, nous informons les utilisateurs de nos donn\u00e9es\u00a0:<\/p><p>Nom de l&#039;entreprise\u00a0: JJ BCN INTERNACIONAL, SA<br \/>Si\u00e8ge social : Pol. Ind. Sud. C \/ de l&#039;Orfeo Catal\u00e0, 7. 08440, Cardedeu (Barcelone).<br \/>NIF : A-61617767<br \/>Adresse de courrier \u00e9lectronique: <a href=\"mailto:info@jjbcn.com\">info@jjbcn.com<\/a><br \/>T\u00e9l\u00e9phone : 93 871 33 04<br \/>Site Web: <a href=\"https:\/\/jjbcn.com\/fr\/\">www.jjbcn.com<\/a><\/p><p><strong>OBJET des MENTIONS L\u00c9GALES<\/strong><\/p><p>L&#039;objectif de cet avis juridique est d&#039;informer tous les utilisateurs sur la configuration et les conditions d&#039;utilisation du site Web (www.jjbcn.com) de JJ BCN INTERNACIONAL, SA De cette mani\u00e8re, JJ BCN INTERNACIONAL, SA respecte les obligations \u00e9nonc\u00e9es dans Loi 34\/2002, sur les services de la soci\u00e9t\u00e9 de l&#039;information et du commerce \u00e9lectronique (LSSICE).<\/p><p>Gr\u00e2ce \u00e0 notre site Web, nous mettons toutes les informations n\u00e9cessaires \u00e0 la disposition des utilisateurs afin qu&#039;ils connaissent les produits que nous proposons.<\/p><p>Cet avis juridique est soumis \u00e0 une r\u00e9vision continue par JJ BCN INTERNACIONAL, SA, en le modifiant chaque fois que n\u00e9cessaire afin de l&#039;adapter \u00e0 la l\u00e9gislation en vigueur \u00e0 tout moment ou \u00e0 toute variation sur notre site Web. Pour cette raison, nous vous recommandons de consulter p\u00e9riodiquement ce document pour rester inform\u00e9 de toute actualit\u00e9 li\u00e9e \u00e0 la configuration et \u00e0 l&#039;utilisation du site Web.<\/p><p><strong>ACCEPTATION PAR L&#039;UTILISATEUR<\/strong><\/p><p>L&#039;acc\u00e8s et l&#039;utilisation de notre site Web vous conf\u00e8rent le statut d&#039;\u00ab utilisateur \u00bb. A partir de cet acc\u00e8s et\/ou utilisation, il est consid\u00e9r\u00e9 que l&#039;utilisateur accepte absolument et sans r\u00e9serve les r\u00e8gles et conditions d&#039;utilisation pr\u00e9vues dans les pr\u00e9sentes Mentions L\u00e9gales. Si l&#039;utilisateur d\u00e9cide de ne pas accepter l&#039;une des r\u00e8gles ou conditions susmentionn\u00e9es, ou manifeste tout type de r\u00e9servation, il doit s&#039;abstenir d&#039;acc\u00e9der et \/ ou d&#039;utiliser notre site Web.<\/p><p><strong>CONDITIONS D&#039;ACCES ET D&#039;UTILISATION DU SITE INTERNET<\/strong><\/p><p>Acc\u00e8s gratuit au site Web<\/p><p>L&#039;acc\u00e8s et l&#039;utilisation du site JJ BCN INTERNACIONAL, SA sont gratuits pour tous les utilisateurs. Dans le cas o\u00f9 les produits et services propos\u00e9s sur le site Web ont fait l&#039;objet du paiement d&#039;un prix, les utilisateurs seront pr\u00e9alablement et d\u00fbment inform\u00e9s via le site Web de leur acceptation dans les conditions \u00e9conomiques qui correspondent \u00e0 tout moment.<\/p><p>Obligation de faire un usage correct du Site<\/p><p>L&#039;utilisateur s&#039;engage \u00e0 utiliser le site Web conform\u00e9ment aux dispositions des pr\u00e9sentes mentions l\u00e9gales et conditions d&#039;utilisation, et doit s&#039;abstenir de prendre les mesures suivantes\u00a0:<\/p><p>mener des activit\u00e9s contraires \u00e0 la loi morale en vigueur, aux bonnes m\u0153urs ou \u00e0 l&#039;ordre public \u00e9tabli, ou \u00e0 des fins ill\u00e9gales, interdites ou pr\u00e9judiciables aux droits et int\u00e9r\u00eats de JJ BCN INTERNACIONAL, SA ou de tiers (en particulier les droits de propri\u00e9t\u00e9 intellectuelle, industrielle ou similaire) .<br \/>utiliser le site Web ou une partie de celui-ci sur d&#039;autres sites Web priv\u00e9s ou commerciaux, ainsi que d&#039;\u00e9tablir des hyperliens ou des hyperliens vers le site Web ou l&#039;un de ses contenus (sauf autorisation expresse \u00e9crite de JJ BCN INTERNACIONAL, SA).<br \/>falsifier l&#039;identit\u00e9 de l&#039;utilisateur ou usurper l&#039;identit\u00e9 d&#039;un tiers, ainsi que fournir de fausses informations lors du remplissage de formulaires et autres documents de nature similaire. Il sera de la responsabilit\u00e9 de l&#039;utilisateur de maintenir \u00e0 jour en permanence toutes les informations fournies \u00e0 JJ BCN INTERNACIONAL, SA, \u00e9tant \u00e9galement seul responsable des d\u00e9clarations fausses ou inexactes faites et des pr\u00e9judices qui pourraient \u00eatre caus\u00e9s \u00e0 JJ BCN INTERNACIONAL, SA ou \u00e0 des tiers. pour \u00e7a.<br \/>utiliser un code malveillant ou des programmes informatiques susceptibles d&#039;interrompre, d&#039;obstruer, de d\u00e9sactiver ou d&#039;endommager directement le site Web, son contenu ou ses services et les \u00e9quipements, syst\u00e8mes et r\u00e9seaux qui les prennent en charge.<\/p><p>Les contenus et services propos\u00e9s sur le Site sont destin\u00e9s \u00e0 \u00eatre utilis\u00e9s par des personnes majeures. L&#039;acc\u00e8s et l&#039;utilisation du Site par des mineurs ne sont autoris\u00e9s que si ces derniers disposent de l&#039;autorisation pr\u00e9alable de leurs parents, tuteurs ou repr\u00e9sentants l\u00e9gaux, qui seront responsables de tous les actes accomplis via le Site par les mineurs \u00e0 charge.<\/p><p>JJ BCN INTERNACIONAL, SA se r\u00e9serve le droit de refuser discr\u00e9tionnairement \u00e0 tout utilisateur l&#039;acc\u00e8s au site Web, \u00e0 son contenu et \u00e0 ses services, s&#039;il existe des indications qu&#039;ils les ont utilis\u00e9s ou les utiliseront en violation des dispositions du pr\u00e9sent avis juridique et des conditions d&#039;utilisation. JJ BCN INTERNACIONAL, SA conservera tous les autres droits suppl\u00e9mentaires pouvant correspondre \u00e0 l&#039;utilisateur, notamment ceux relatifs \u00e0 l&#039;engagement de poursuites p\u00e9nales ou civiles.<\/p><p><strong>RESPONSABILIT\u00c9S<\/strong><\/p><p>L&#039;utilisateur utilise le site Web \u00e0 ses propres risques et frais. En y acc\u00e9dant, l&#039;utilisateur s&#039;engage \u00e0 utiliser le site Web conform\u00e9ment \u00e0 la loi et aux dispositions du pr\u00e9sent avis juridique, r\u00e9pondant \u00e0 JJ BCN INTERNACIONAL, SA et aux tiers pour tout dommage ou pr\u00e9judice qui pourrait \u00eatre caus\u00e9 \u00e0 la suite d&#039;une violation de ladite obligation.<\/p><p>JJ BCN INTERNACIONAL, SA offre \u00e0 ses utilisateurs l&#039;acc\u00e8s \u00e0 ce site Web, \u00e0 ses contenus et \u00e0 ses services avec un niveau raisonnable de comp\u00e9tence et de diligence. En ce sens, ce site Web a \u00e9t\u00e9 r\u00e9vis\u00e9 et test\u00e9 afin qu&#039;il fonctionne correctement 365 jours par an, 24 heures sur 24. En outre, le site Web utilise des cookies pour ex\u00e9cuter certaines fonctions consid\u00e9r\u00e9es comme essentielles \u00e0 son bon fonctionnement et \u00e0 son affichage. Pour obtenir plus d&#039;informations sur les cookies g\u00e9r\u00e9s par JJ BCN INTERNACIONAL, SA, l&#039;utilisateur peut acc\u00e9der \u00e0 notre politique de cookies.<\/p><p>Cependant, JJ BCN INTERNACIONAL, SA ne peut offrir aucune garantie ou \u00eatre responsable des dommages de toute nature pouvant r\u00e9sulter de :<\/p><p>le manque de disponibilit\u00e9 ou de fonctionnement efficace du site Web, de ses services et de ses contenus, dus \u00e0 des causes ind\u00e9pendantes de la volont\u00e9 de JJ BCN INTERNACIONAL, SA<br \/>Actions n\u00e9cessaires pour effectuer des op\u00e9rations d&#039;am\u00e9lioration, de maintenance ou similaires sur le Site.<br \/>les pannes ou d\u00e9connexions des r\u00e9seaux de t\u00e9l\u00e9communications qui interrompent le service, ainsi que d&#039;autres circonstances qui surviennent en raison de circonstances impr\u00e9visibles ou de force majeure.<br \/>le contenu publicitaire ou les offres que le site Web peut h\u00e9berger, les annonceurs ou les ench\u00e9risseurs \u00e9tant seuls responsables de s&#039;assurer que le mat\u00e9riel soumis pour inclusion sur le site Web est conforme aux r\u00e9glementations l\u00e9gales applicables. JJ BCN INTERNACIONAL, SA ne sera pas responsable de toute erreur, inexactitude ou irr\u00e9gularit\u00e9 que ce contenu pourrait pr\u00e9senter.<br \/>informations publi\u00e9es sur le Site, \u00e0 condition que ces informations aient \u00e9t\u00e9 manipul\u00e9es ou saisies par un tiers.<br \/>Erreurs de s\u00e9curit\u00e9 pouvant survenir dans le syst\u00e8me informatique de l&#039;utilisateur (mat\u00e9riel et logiciel), en cons\u00e9quence de la pr\u00e9sence de virus sur l&#039;appareil de l&#039;utilisateur utilis\u00e9 pour se connecter au site Web.<br \/>une utilisation ill\u00e9gale, n\u00e9gligente, frauduleuse du site Web, de ses services et contenus, ou contraire aux pr\u00e9sentes mentions l\u00e9gales et conditions d&#039;utilisation.<br \/>la violation ou le manque de l\u00e9galit\u00e9, de qualit\u00e9, de fiabilit\u00e9, d&#039;utilit\u00e9 et de disponibilit\u00e9 des produits ou services fournis par des tiers et mis \u00e0 la disposition des utilisateurs via le site Web.<\/p><p>Le site Web peut contenir des liens vers d&#039;autres sites Web et incorporer des informations ou des services de tiers, afin de faciliter l&#039;acc\u00e8s des utilisateurs aux informations des soci\u00e9t\u00e9s collaboratrices. JJ BCN INTERNACIONAL, SA n&#039;exerce aucun contr\u00f4le sur eux et n&#039;est pas responsable de leur contenu ou de leur fonctionnement. JJ BCN INTERNACIONAL, SA n&#039;offre \u00e0 l&#039;utilisateur lesdits liens et informations ou services que pour sa commodit\u00e9, et il lui appartient de lire et d&#039;accepter les conditions d&#039;utilisation et les politiques de confidentialit\u00e9 publi\u00e9es sur les sites ou applications li\u00e9s.<\/p><p><strong>PROTECTION DES DONN\u00c9ES PERSONNELLES<\/strong><\/p><p>JJ BCN INTERNACIONAL, SA en tant que propri\u00e9taire et gestionnaire de ce site Web, informe tous les utilisateurs qui ont fourni ou ont l&#039;intention de fournir leurs donn\u00e9es personnelles que celles-ci seront trait\u00e9es par JJ BCN INTERNACIONAL, SA conform\u00e9ment \u00e0 la r\u00e9glementation l\u00e9gale de r\u00e9f\u00e9rence sur la protection des donn\u00e9es, c&#039;est-\u00e0-dire le r\u00e8glement (UE) 2016\/679 du Parlement europ\u00e9en et du Conseil du 27 avril 2016 et la loi organique 3\/2018 du 5 d\u00e9cembre.<\/p><p>\u00c0 cette fin, les donn\u00e9es personnelles des utilisateurs seront trait\u00e9es conform\u00e9ment aux principes de l\u00e9galit\u00e9, de loyaut\u00e9, de transparence, de limitation de finalit\u00e9, de minimisation des donn\u00e9es, d&#039;exactitude, d&#039;int\u00e9grit\u00e9 et de confidentialit\u00e9, tout en respectant le reste des obligations et garanties \u00e9tablies dans les dispositions l\u00e9gales susmentionn\u00e9es.<\/p><p>Pour plus d&#039;informations sur la fa\u00e7on dont nous g\u00e9rons les donn\u00e9es personnelles de nos utilisateurs, consultez notre Politique de confidentialit\u00e9.<\/p><p><strong>PROPRI\u00c9T\u00c9 INDUSTRIELLE ET INTELLECTUELLE<\/strong><\/p><p>Tous les contenus du Site (textes, photographies, graphiques, images, technologies, logiciels, liens, contenus audiovisuels, conception graphique, code source, etc.), ainsi que les marques et autres signes distinctifs, sont la propri\u00e9t\u00e9 de JJ BCN INTERNACIONAL , SA ou des tiers, ceux-ci \u00e9tant titulaires des droits de propri\u00e9t\u00e9 intellectuelle et industrielle correspondants, l&#039;utilisateur n&#039;acqu\u00e9rant aucun pouvoir sur eux du simple fait d&#039;acc\u00e9der et d&#039;utiliser le Site.<\/p><p>L&#039;utilisation, la reproduction, la distribution, la communication publique et la transformation du contenu du site Web de quelque mani\u00e8re que ce soit par l&#039;utilisateur sont interdites, sauf dans les cas pr\u00e9vus par la loi ou express\u00e9ment autoris\u00e9s par JJ BCN INTERNACIONAL, SA En ce sens, l&#039;exploitation est exclue de le contenu express\u00e9ment autoris\u00e9 par JJ BCN INTERNACIONAL, SA \u00e0 ses clients ou fournisseurs en vertu du contrat correspondant, ainsi que l&#039;utilisation personnelle et priv\u00e9e du contenu en libre acc\u00e8s et en libre acc\u00e8s sur le site Web.<\/p><p>Toute utilisation du contenu du site Web qui contreviendrait \u00e0 l&#039;obligation ci-dessus sera consid\u00e9r\u00e9e comme une violation grave des droits de propri\u00e9t\u00e9 intellectuelle ou industrielle de JJ BCN INTERNACIONAL, SA ou de tiers, et pourra \u00eatre d\u00e9nonc\u00e9e et poursuivie par tous les moyens l\u00e9gaux.<\/p><p>Afin de pouvoir faire tout type d&#039;observation concernant d&#039;\u00e9ventuelles violations des droits de propri\u00e9t\u00e9 intellectuelle ou industrielle de JJ BCN INTERNACIONAL, SA ou de ses propri\u00e9taires l\u00e9gitimes, vous pouvez le faire via l&#039;adresse e-mail info@jjbcn.com.<\/p><p><strong>LOI APPLICABLE ET JURIDICTION<\/strong><\/p><p>Le pr\u00e9sent avis juridique est r\u00e9gi par la l\u00e9gislation espagnole, les cours et tribunaux de Barcelone \u00e9tant comp\u00e9tents pour savoir combien de questions se posent quant \u00e0 son interpr\u00e9tation, son application et son respect. L&#039;utilisateur, en vertu de l&#039;acceptation des dispositions contenues dans le pr\u00e9sent avis juridique, renonce express\u00e9ment \u00e0 toute autre juridiction qui pourrait lui correspondre en application de la loi en vigueur.<\/p><p>Toutefois, si l&#039;utilisateur pr\u00e9sente la condition de consommateur, les dispositions des mentions l\u00e9gales seront \u00e9galement soumises \u00e0 la l\u00e9gislation locale applicable correspondante, soumettant par cons\u00e9quent toute controverse aux tribunaux comp\u00e9tents du domicile de l&#039;utilisateur.<\/p>\t\t\t\t\t\t\t\t<\/div>\n\t\t\t\t<\/div>\n\t\t\t\t\t<\/div>\n\t\t<\/div>\n\t\t\t\t\t<\/div>\n\t\t<\/section>\n\t\t\t\t<\/div>","protected":false},"excerpt":{"rendered":"<p>Afin de se conformer \u00e0 l&#039;article 10 de la loi 34\/2002 sur les services de la soci\u00e9t\u00e9 de l&#039;information et du commerce \u00e9lectronique, nous informons les utilisateurs de nos donn\u00e9es : Nom de la soci\u00e9t\u00e9 : JJ BCN INTERNACIONAL, SAD Adresse : Pol. Ind. Sud. C \/ de l&#039; Orfeo Catal\u00e0, 7. 08440, Cardedeu (Barcelone) .NIF : A-61617767 Adresse e-mail : info@jjbcn.com T\u00e9l\u00e9phone : 93\u2026 <a title=\"Avis juridique\" class=\"read-more\" href=\"https:\/\/jjbcn.com\/fr\/aviso-legal\/\" aria-label=\"En savoir plus sur Mentions L\u00e9gales\">Lire plus<\/a><\/p>","protected":false},"author":5,"featured_media":0,"parent":0,"menu_order":999,"comment_status":"closed","ping_status":"closed","template":"","meta":{"_acf_changed":false,"footnotes":""},"class_list":["post-8406","page","type-page","status-publish"],"acf":[],"_links":{"self":[{"href":"https:\/\/jjbcn.com\/fr\/wp-json\/wp\/v2\/pages\/8406","targetHints":{"allow":["GET"]}}],"collection":[{"href":"https:\/\/jjbcn.com\/fr\/wp-json\/wp\/v2\/pages"}],"about":[{"href":"https:\/\/jjbcn.com\/fr\/wp-json\/wp\/v2\/types\/page"}],"author":[{"embeddable":true,"href":"https:\/\/jjbcn.com\/fr\/wp-json\/wp\/v2\/users\/5"}],"replies":[{"embeddable":true,"href":"https:\/\/jjbcn.com\/fr\/wp-json\/wp\/v2\/comments?post=8406"}],"version-history":[{"count":16,"href":"https:\/\/jjbcn.com\/fr\/wp-json\/wp\/v2\/pages\/8406\/revisions"}],"predecessor-version":[{"id":9085,"href":"https:\/\/jjbcn.com\/fr\/wp-json\/wp\/v2\/pages\/8406\/revisions\/9085"}],"wp:attachment":[{"href":"https:\/\/jjbcn.com\/fr\/wp-json\/wp\/v2\/media?parent=8406"}],"curies":[{"name":"wp","href":"https:\/\/api.w.org\/{rel}","templated":true}]}}