{"id":85,"date":"2017-07-18T16:54:36","date_gmt":"2017-07-18T14:54:36","guid":{"rendered":"http:\/\/jjbcn.com\/?page_id=85"},"modified":"2023-03-27T11:41:10","modified_gmt":"2023-03-27T09:41:10","slug":"emplacement","status":"publish","type":"page","link":"https:\/\/jjbcn.com\/fr\/localizacion\/","title":{"rendered":"Localisation"},"content":{"rendered":"<div class=\"one-half first\" style=\"text-align: center;\">\n<p><strong>J.J. BCN International, S.A.<\/strong><br \/>\nPol\u00edgon Industrial Sud<br \/>\nC\/ de l 'Orfe\u00f3 Catal\u00e0, 7 - 08440<br \/>\nCardedeu - Barcelone (Espagne)<br \/>\n<strong>T\u00e9l\u00e9phone :<\/strong> (+34) 93 871 33 04<br \/>\n<strong>Courriel :<\/strong> <a href=\"mailto:info@jjbcn.com\">info@jjbcn.com<\/a><\/p>\n<\/div>\n<div class=\"one-half\" style=\"text-align: center;\">\n<p><strong>Coordonn\u00e9es GMS :<\/strong><br \/>\n2\u00ba 21\u2032 43,8\" E<br \/>\n41\u00ba 37\u2032 41.7\" N<\/p>\n<\/div>\n<hr \/>\n<p style=\"text-align: center;\"><a class=\"button\" href=\"\/fr\/contact\/\">Nous contacter<\/a><\/p>","protected":false},"excerpt":{"rendered":"<p>JJ BCN Internacional, SA Pol\u00edgon Industrial Sud C\/ de l&#039;Orfe\u00f3 Catal\u00e0, 7 \u2022 08440 Cardedeu \u2022 Barcelone (Espagne) T\u00e9l\u00e9phone : (+34) 93 871 33 04 E-mail : info@jjbcn.com Coordonn\u00e9es GMS : 2\u00ba 21\u2032 43.8\u201d E 41\u00ba 37\u2032 41.7\u201d N Contactez-nous<\/p>","protected":false},"author":3,"featured_media":0,"parent":0,"menu_order":100,"comment_status":"closed","ping_status":"closed","template":"","meta":{"_acf_changed":false,"footnotes":""},"class_list":["post-85","page","type-page","status-publish"],"acf":[],"_links":{"self":[{"href":"https:\/\/jjbcn.com\/fr\/wp-json\/wp\/v2\/pages\/85","targetHints":{"allow":["GET"]}}],"collection":[{"href":"https:\/\/jjbcn.com\/fr\/wp-json\/wp\/v2\/pages"}],"about":[{"href":"https:\/\/jjbcn.com\/fr\/wp-json\/wp\/v2\/types\/page"}],"author":[{"embeddable":true,"href":"https:\/\/jjbcn.com\/fr\/wp-json\/wp\/v2\/users\/3"}],"replies":[{"embeddable":true,"href":"https:\/\/jjbcn.com\/fr\/wp-json\/wp\/v2\/comments?post=85"}],"version-history":[{"count":17,"href":"https:\/\/jjbcn.com\/fr\/wp-json\/wp\/v2\/pages\/85\/revisions"}],"predecessor-version":[{"id":795,"href":"https:\/\/jjbcn.com\/fr\/wp-json\/wp\/v2\/pages\/85\/revisions\/795"}],"wp:attachment":[{"href":"https:\/\/jjbcn.com\/fr\/wp-json\/wp\/v2\/media?parent=85"}],"curies":[{"name":"wp","href":"https:\/\/api.w.org\/{rel}","templated":true}]}}