{"id":9918,"date":"2022-11-09T21:54:10","date_gmt":"2022-11-09T19:54:10","guid":{"rendered":"https:\/\/jjbcn.com\/?page_id=9918"},"modified":"2025-05-01T09:34:19","modified_gmt":"2025-05-01T07:34:19","slug":"contact","status":"publish","type":"page","link":"https:\/\/jjbcn.com\/fr\/contacto\/","title":{"rendered":"Contact"},"content":{"rendered":"\t\t<div data-elementor-type=\"wp-page\" data-elementor-id=\"9918\" class=\"elementor elementor-9918\" data-elementor-post-type=\"page\">\n\t\t\t\t\t\t<section class=\"elementor-section elementor-top-section elementor-element elementor-element-1706bed elementor-section-full_width elementor-section-height-min-height elementor-section-stretched elementor-section-height-default elementor-section-items-middle\" data-id=\"1706bed\" data-element_type=\"section\" data-e-type=\"section\" data-settings=\"{&quot;stretch_section&quot;:&quot;section-stretched&quot;,&quot;background_background&quot;:&quot;classic&quot;,&quot;jet_parallax_layout_list&quot;:[]}\">\n\t\t\t\t\t\t<div class=\"elementor-container elementor-column-gap-default\">\n\t\t\t\t\t<div class=\"elementor-column elementor-col-100 elementor-top-column elementor-element elementor-element-feb7cf4\" data-id=\"feb7cf4\" data-element_type=\"column\" data-e-type=\"column\">\n\t\t\t<div class=\"elementor-widget-wrap elementor-element-populated\">\n\t\t\t\t\t\t<div class=\"elementor-element elementor-element-a6dee31 elementor-widget__width-auto elementor-widget elementor-widget-spacer\" data-id=\"a6dee31\" data-element_type=\"widget\" data-e-type=\"widget\" data-widget_type=\"spacer.default\">\n\t\t\t\t<div class=\"elementor-widget-container\">\n\t\t\t\t\t\t\t<div class=\"elementor-spacer\">\n\t\t\t<div class=\"elementor-spacer-inner\"><\/div>\n\t\t<\/div>\n\t\t\t\t\t\t<\/div>\n\t\t\t\t<\/div>\n\t\t\t\t\t<\/div>\n\t\t<\/div>\n\t\t\t\t\t<\/div>\n\t\t<\/section>\n\t\t\t\t<section class=\"elementor-section elementor-top-section elementor-element elementor-element-4df351cb elementor-section-stretched elementor-section-height-min-height elementor-section-boxed elementor-section-height-default elementor-section-items-middle\" data-id=\"4df351cb\" data-element_type=\"section\" data-e-type=\"section\" data-settings=\"{&quot;stretch_section&quot;:&quot;section-stretched&quot;,&quot;background_background&quot;:&quot;classic&quot;,&quot;jet_parallax_layout_list&quot;:[]}\">\n\t\t\t\t\t\t<div class=\"elementor-container elementor-column-gap-default\">\n\t\t\t\t\t<div class=\"elementor-column elementor-col-100 elementor-top-column elementor-element elementor-element-70f7ff63\" data-id=\"70f7ff63\" data-element_type=\"column\" data-e-type=\"column\">\n\t\t\t<div class=\"elementor-widget-wrap elementor-element-populated\">\n\t\t\t\t\t\t<div class=\"elementor-element elementor-element-1689da2 elementor-button-align-stretch elementor-widget elementor-widget-form\" data-id=\"1689da2\" data-element_type=\"widget\" data-e-type=\"widget\" data-settings=\"{&quot;step_next_label&quot;:&quot;Next&quot;,&quot;step_previous_label&quot;:&quot;Previous&quot;,&quot;button_width&quot;:&quot;100&quot;,&quot;step_type&quot;:&quot;number_text&quot;,&quot;step_icon_shape&quot;:&quot;circle&quot;}\" data-widget_type=\"form.default\">\n\t\t\t\t<div class=\"elementor-widget-container\">\n\t\t\t\t\t\t\t<form class=\"elementor-form\" method=\"post\" id=\"pag_contacto_JJBCN\" name=\"Nuevo Formulario Contacto JJBCN\" aria-label=\"Nuevo Formulario Contacto JJBCN\">\n\t\t\t<input type=\"hidden\" name=\"post_id\" value=\"9918\"\/>\n\t\t\t<input type=\"hidden\" name=\"form_id\" value=\"1689da2\"\/>\n\t\t\t<input type=\"hidden\" name=\"referer_title\" value=\"Formulario de Contacto - JJ BCN Internacional SA\" \/>\n\n\t\t\t\t\t\t\t<input type=\"hidden\" name=\"queried_id\" value=\"9918\"\/>\n\t\t\t\n\t\t\t<div class=\"elementor-form-fields-wrapper elementor-labels-above\">\n\t\t\t\t\t\t\t\t<div class=\"elementor-field-type-text elementor-field-group elementor-column elementor-field-group-namejj elementor-col-50 elementor-field-required\">\n\t\t\t\t\t\t\t\t\t\t\t\t<label for=\"form-field-namejj\" class=\"elementor-field-label\">\n\t\t\t\t\t\t\t\tNombre\t\t\t\t\t\t\t<\/label>\n\t\t\t\t\t\t\t\t\t\t\t\t\t\t<input size=\"1\" type=\"text\" name=\"form_fields[namejj]\" id=\"form-field-namejj\" class=\"elementor-field elementor-size-sm  elementor-field-textual\" required=\"required\">\n\t\t\t\t\t\t\t\t\t\t\t<\/div>\n\t\t\t\t\t\t\t\t<div class=\"elementor-field-type-text elementor-field-group elementor-column elementor-field-group-field_f217d75 elementor-col-50 elementor-field-required\">\n\t\t\t\t\t\t\t\t\t\t\t\t<label for=\"form-field-field_f217d75\" class=\"elementor-field-label\">\n\t\t\t\t\t\t\t\tApellido\t\t\t\t\t\t\t<\/label>\n\t\t\t\t\t\t\t\t\t\t\t\t\t\t<input size=\"1\" type=\"text\" name=\"form_fields[field_f217d75]\" id=\"form-field-field_f217d75\" class=\"elementor-field elementor-size-sm  elementor-field-textual\" required=\"required\">\n\t\t\t\t\t\t\t\t\t\t\t<\/div>\n\t\t\t\t\t\t\t\t<div class=\"elementor-field-type-email elementor-field-group elementor-column elementor-field-group-email elementor-col-50 elementor-field-required\">\n\t\t\t\t\t\t\t\t\t\t\t\t<label for=\"form-field-email\" class=\"elementor-field-label\">\n\t\t\t\t\t\t\t\tEmail\t\t\t\t\t\t\t<\/label>\n\t\t\t\t\t\t\t\t\t\t\t\t\t\t<input size=\"1\" type=\"email\" name=\"form_fields[email]\" id=\"form-field-email\" class=\"elementor-field elementor-size-sm  elementor-field-textual\" required=\"required\">\n\t\t\t\t\t\t\t\t\t\t\t<\/div>\n\t\t\t\t\t\t\t\t<div class=\"elementor-field-type-tel elementor-field-group elementor-column elementor-field-group-telefono elementor-col-50 elementor-field-required\">\n\t\t\t\t\t\t\t\t\t\t\t\t<label for=\"form-field-telefono\" class=\"elementor-field-label\">\n\t\t\t\t\t\t\t\tTel\u00e9fono\t\t\t\t\t\t\t<\/label>\n\t\t\t\t\t\t\t\t<input size=\"1\" type=\"tel\" name=\"form_fields[telefono]\" id=\"form-field-telefono\" class=\"elementor-field elementor-size-sm  elementor-field-textual\" required=\"required\" pattern=\"[0-9()#&amp;+*-=.]+\" title=\"Solo se aceptan n\u00fameros y caracteres de tel\u00e9fono (#,-,*,etc).\">\n\n\t\t\t\t\t\t<\/div>\n\t\t\t\t\t\t\t\t<div class=\"elementor-field-type-text elementor-field-group elementor-column elementor-field-group-field_2f9ef37 elementor-col-50 elementor-field-required\">\n\t\t\t\t\t\t\t\t\t\t\t\t<label for=\"form-field-field_2f9ef37\" class=\"elementor-field-label\">\n\t\t\t\t\t\t\t\tEmpresa\t\t\t\t\t\t\t<\/label>\n\t\t\t\t\t\t\t\t\t\t\t\t\t\t<input size=\"1\" type=\"text\" name=\"form_fields[field_2f9ef37]\" id=\"form-field-field_2f9ef37\" class=\"elementor-field elementor-size-sm  elementor-field-textual\" required=\"required\">\n\t\t\t\t\t\t\t\t\t\t\t<\/div>\n\t\t\t\t\t\t\t\t<div class=\"elementor-field-type-text elementor-field-group elementor-column elementor-field-group-location elementor-col-50 elementor-field-required\">\n\t\t\t\t\t\t\t\t\t\t\t\t<label for=\"form-field-location\" class=\"elementor-field-label\">\n\t\t\t\t\t\t\t\tPa\u00eds\t\t\t\t\t\t\t<\/label>\n\t\t\t\t\t\t\t\t\t\t\t\t\t\t<input size=\"1\" type=\"text\" name=\"form_fields[location]\" id=\"form-field-location\" class=\"elementor-field elementor-size-sm  elementor-field-textual\" required=\"required\">\n\t\t\t\t\t\t\t\t\t\t\t<\/div>\n\t\t\t\t\t\t\t\t<div class=\"elementor-field-type-text elementor-field-group elementor-column elementor-field-group-field_6891357 elementor-col-100 elementor-field-required\">\n\t\t\t\t\t\t\t\t\t\t\t\t<label for=\"form-field-field_6891357\" class=\"elementor-field-label\">\n\t\t\t\t\t\t\t\tAsunto\t\t\t\t\t\t\t<\/label>\n\t\t\t\t\t\t\t\t\t\t\t\t\t\t<input size=\"1\" type=\"text\" name=\"form_fields[field_6891357]\" id=\"form-field-field_6891357\" class=\"elementor-field elementor-size-sm  elementor-field-textual\" required=\"required\">\n\t\t\t\t\t\t\t\t\t\t\t<\/div>\n\t\t\t\t\t\t\t\t<div class=\"elementor-field-type-textarea elementor-field-group elementor-column elementor-field-group-message elementor-col-100 elementor-field-required\">\n\t\t\t\t\t\t\t\t\t\t\t\t<label for=\"form-field-message\" class=\"elementor-field-label\">\n\t\t\t\t\t\t\t\tMensaje\t\t\t\t\t\t\t<\/label>\n\t\t\t\t\t\t<textarea class=\"elementor-field-textual elementor-field  elementor-size-sm\" name=\"form_fields[message]\" id=\"form-field-message\" rows=\"4\" required=\"required\"><\/textarea>\t\t\t\t<\/div>\n\t\t\t\t\t\t\t\t<div class=\"elementor-field-type-recaptcha_v3 elementor-field-group elementor-column elementor-field-group-field_3113ebb elementor-col-100 recaptcha_v3-inline\">\n\t\t\t\t\t<div class=\"elementor-field\" id=\"form-field-field_3113ebb\"><div class=\"elementor-g-recaptcha\" data-sitekey=\"6LdyyiUeAAAAADELNz9yYjN0BaZxI_WTv8ImpG-S\" data-type=\"v3\" data-action=\"Form\" data-badge=\"inline\" data-size=\"invisible\"><\/div><\/div>\t\t\t\t<\/div>\n\t\t\t\t\t\t\t\t<div class=\"elementor-field-group elementor-column elementor-field-type-submit elementor-col-100 e-form__buttons\">\n\t\t\t\t\t<button class=\"elementor-button elementor-size-sm\" type=\"submit\" id=\"boton-form-contacto-jjbcn\">\n\t\t\t\t\t\t<span class=\"elementor-button-content-wrapper\">\n\t\t\t\t\t\t\t\t\t\t\t\t\t\t\t\t\t\t\t\t\t\t<span class=\"elementor-button-text\">Enviar<\/span>\n\t\t\t\t\t\t\t\t\t\t\t\t\t<\/span>\n\t\t\t\t\t<\/button>\n\t\t\t\t<\/div>\n\t\t\t<\/div>\n\t\t<\/form>\n\t\t\t\t\t\t<\/div>\n\t\t\t\t<\/div>\n\t\t\t\t\t<\/div>\n\t\t<\/div>\n\t\t\t\t\t<\/div>\n\t\t<\/section>\n\t\t\t\t<section class=\"elementor-section elementor-top-section elementor-element elementor-element-48c36b3 elementor-hidden-desktop elementor-hidden-tablet elementor-hidden-mobile elementor-section-boxed elementor-section-height-default elementor-section-height-default\" data-id=\"48c36b3\" data-element_type=\"section\" data-e-type=\"section\" data-settings=\"{&quot;jet_parallax_layout_list&quot;:[]}\">\n\t\t\t\t\t\t<div class=\"elementor-container elementor-column-gap-default\">\n\t\t\t\t\t<div class=\"elementor-column elementor-col-100 elementor-top-column elementor-element elementor-element-42005be\" data-id=\"42005be\" data-element_type=\"column\" data-e-type=\"column\">\n\t\t\t<div class=\"elementor-widget-wrap elementor-element-populated\">\n\t\t\t\t\t\t<div class=\"elementor-element elementor-element-e593b00 elementor-widget elementor-widget-heading\" data-id=\"e593b00\" data-element_type=\"widget\" data-e-type=\"widget\" data-widget_type=\"heading.default\">\n\t\t\t\t<div class=\"elementor-widget-container\">\n\t\t\t\t\t<h1 class=\"elementor-heading-title elementor-size-default\">Contacto<\/h1>\t\t\t\t<\/div>\n\t\t\t\t<\/div>\n\t\t\t\t<div class=\"elementor-element elementor-element-7052483 elementor-widget elementor-widget-heading\" data-id=\"7052483\" data-element_type=\"widget\" data-e-type=\"widget\" data-widget_type=\"heading.default\">\n\t\t\t\t<div class=\"elementor-widget-container\">\n\t\t\t\t\t<h2 class=\"elementor-heading-title elementor-size-default\">Formulario de Contacto JJ BCN Internacional<\/h2>\t\t\t\t<\/div>\n\t\t\t\t<\/div>\n\t\t\t\t<div class=\"elementor-element elementor-element-6f9975b elementor-widget elementor-widget-heading\" data-id=\"6f9975b\" data-element_type=\"widget\" data-e-type=\"widget\" data-widget_type=\"heading.default\">\n\t\t\t\t<div class=\"elementor-widget-container\">\n\t\t\t\t\t<h2 class=\"elementor-heading-title elementor-size-default\"><a href=\"mailto:info@jjbcn.com\" rel=\"nofollow\">info@jjbcn.com<\/a><\/h2>\t\t\t\t<\/div>\n\t\t\t\t<\/div>\n\t\t\t\t<div class=\"elementor-element elementor-element-b6ee1a9 elementor-widget elementor-widget-heading\" data-id=\"b6ee1a9\" data-element_type=\"widget\" data-e-type=\"widget\" data-widget_type=\"heading.default\">\n\t\t\t\t<div class=\"elementor-widget-container\">\n\t\t\t\t\t<h2 class=\"elementor-heading-title elementor-size-default\"><a href=\"tel:34938713304\">Tel\u00e9fono: (+34) 938 713 304<\/a><\/h2>\t\t\t\t<\/div>\n\t\t\t\t<\/div>\n\t\t\t\t<div class=\"elementor-element elementor-element-7bc126e elementor-widget elementor-widget-heading\" data-id=\"7bc126e\" data-element_type=\"widget\" data-e-type=\"widget\" data-widget_type=\"heading.default\">\n\t\t\t\t<div class=\"elementor-widget-container\">\n\t\t\t\t\t<h2 class=\"elementor-heading-title elementor-size-default\">Pol\u00edgono Industrial Sud C\/ de l'Orfeo Catal\u00e0, 7 08440 Cardedeu Barcelona (spain)<\/h2>\t\t\t\t<\/div>\n\t\t\t\t<\/div>\n\t\t\t\t\t<\/div>\n\t\t<\/div>\n\t\t\t\t\t<\/div>\n\t\t<\/section>\n\t\t\t\t<section class=\"elementor-section elementor-top-section elementor-element elementor-element-a0d6929 elementor-hidden-desktop elementor-hidden-tablet elementor-hidden-mobile elementor-section-boxed elementor-section-height-default elementor-section-height-default\" data-id=\"a0d6929\" data-element_type=\"section\" data-e-type=\"section\" data-settings=\"{&quot;jet_parallax_layout_list&quot;:[]}\">\n\t\t\t\t\t\t<div class=\"elementor-container elementor-column-gap-default\">\n\t\t\t\t\t<div class=\"elementor-column elementor-col-100 elementor-top-column elementor-element elementor-element-a6e5c21\" data-id=\"a6e5c21\" data-element_type=\"column\" data-e-type=\"column\">\n\t\t\t<div class=\"elementor-widget-wrap elementor-element-populated\">\n\t\t\t\t\t\t<div class=\"elementor-element elementor-element-275c8e2 elementor-widget elementor-widget-button\" data-id=\"275c8e2\" data-element_type=\"widget\" data-e-type=\"widget\" data-widget_type=\"button.default\">\n\t\t\t\t<div class=\"elementor-widget-container\">\n\t\t\t\t\t\t\t\t\t<div class=\"elementor-button-wrapper\">\n\t\t\t\t\t<a class=\"elementor-button elementor-button-link elementor-size-sm\" href=\"https:\/\/jjbcn.com\/productos\/\">\n\t\t\t\t\t\t<span class=\"elementor-button-content-wrapper\">\n\t\t\t\t\t\t\t\t\t<span class=\"elementor-button-text\">Productos JJ<\/span>\n\t\t\t\t\t<\/span>\n\t\t\t\t\t<\/a>\n\t\t\t\t<\/div>\n\t\t\t\t\t\t\t\t<\/div>\n\t\t\t\t<\/div>\n\t\t\t\t<div class=\"elementor-element elementor-element-1fd21eb elementor-widget elementor-widget-button\" data-id=\"1fd21eb\" data-element_type=\"widget\" data-e-type=\"widget\" data-widget_type=\"button.default\">\n\t\t\t\t<div class=\"elementor-widget-container\">\n\t\t\t\t\t\t\t\t\t<div class=\"elementor-button-wrapper\">\n\t\t\t\t\t<a class=\"elementor-button elementor-button-link elementor-size-sm\" href=\"https:\/\/www.youtube.com\/@jjbcninternacional2714\" target=\"_blank\" rel=\"noopener\">\n\t\t\t\t\t\t<span class=\"elementor-button-content-wrapper\">\n\t\t\t\t\t\t\t\t\t<span class=\"elementor-button-text\">Canal de Youtube<\/span>\n\t\t\t\t\t<\/span>\n\t\t\t\t\t<\/a>\n\t\t\t\t<\/div>\n\t\t\t\t\t\t\t\t<\/div>\n\t\t\t\t<\/div>\n\t\t\t\t<div class=\"elementor-element elementor-element-aec60b0 elementor-widget elementor-widget-image\" data-id=\"aec60b0\" data-element_type=\"widget\" data-e-type=\"widget\" data-widget_type=\"image.default\">\n\t\t\t\t<div class=\"elementor-widget-container\">\n\t\t\t\t\t\t\t\t\t\t\t\t\t\t\t<img fetchpriority=\"high\" decoding=\"async\" width=\"1024\" height=\"512\" src=\"https:\/\/jjbcn.com\/wp-content\/uploads\/banner-contacto-jjbcn-1024x512.jpg\" class=\"attachment-large size-large wp-image-10150\" alt=\"contacto\" srcset=\"https:\/\/jjbcn.com\/wp-content\/uploads\/banner-contacto-jjbcn-1024x512.jpg 1024w, https:\/\/jjbcn.com\/wp-content\/uploads\/banner-contacto-jjbcn-300x150.jpg 300w, https:\/\/jjbcn.com\/wp-content\/uploads\/banner-contacto-jjbcn-768x384.jpg 768w, https:\/\/jjbcn.com\/wp-content\/uploads\/banner-contacto-jjbcn-18x9.jpg 18w, https:\/\/jjbcn.com\/wp-content\/uploads\/banner-contacto-jjbcn-482x241.jpg 482w, https:\/\/jjbcn.com\/wp-content\/uploads\/banner-contacto-jjbcn.jpg 1280w\" sizes=\"(max-width: 1024px) 100vw, 1024px\" \/>\t\t\t\t\t\t\t\t\t\t\t\t\t\t\t<\/div>\n\t\t\t\t<\/div>\n\t\t\t\t<div class=\"elementor-element elementor-element-a692456 elementor-widget elementor-widget-text-editor\" data-id=\"a692456\" data-element_type=\"widget\" data-e-type=\"widget\" data-widget_type=\"text-editor.default\">\n\t\t\t\t<div class=\"elementor-widget-container\">\n\t\t\t\t\t\t\t\t\t<p>\u00a1Ponte en contacto con JJ BCN INTERNACIONAL SA!<\/p><p>Si est\u00e1s buscando una forma r\u00e1pida y eficiente de contactarnos, est\u00e1s en el lugar indicado. Nuestro equipo est\u00e1 listo para atender todas tus consultas y necesidades. No dudes en rellenar nuestro formulario de contacto, \u00a1estamos ansiosos por escucharte!<\/p><p>En JJ BCN INTERNACIONAL SA, valoramos tu tiempo y entendemos lo importante que es recibir una respuesta r\u00e1pida. Por eso, te aseguramos que nos pondremos en contacto contigo en la mayor brevedad posible. Nuestro compromiso es brindarte un servicio de calidad y satisfacer tus requerimientos.<\/p><p>Ya sea que est\u00e9s interesado en nuestros servicios, tengas preguntas sobre nuestros productos o necesites asesoramiento personalizado, estamos aqu\u00ed para ayudarte. Nuestro equipo de expertos se encargar\u00e1 de ofrecerte soluciones adaptadas a tus necesidades espec\u00edficas.<\/p>\t\t\t\t\t\t\t\t<\/div>\n\t\t\t\t<\/div>\n\t\t\t\t<div class=\"elementor-element elementor-element-c0757c3 elementor-widget elementor-widget-text-editor\" data-id=\"c0757c3\" data-element_type=\"widget\" data-e-type=\"widget\" data-widget_type=\"text-editor.default\">\n\t\t\t\t<div class=\"elementor-widget-container\">\n\t\t\t\t\t\t\t\t\t<p>No pierdas m\u00e1s tiempo, completa nuestro formulario de contacto y perm\u00edtenos ser parte de tu \u00e9xito. Estamos seguros de que juntos podemos lograr grandes cosas. Tu satisfacci\u00f3n es nuestra prioridad.<\/p><p>En JJ BCN INTERNACIONAL SA, valoramos cada consulta que recibimos y trabajamos arduamente para brindarte respuestas oportunas y precisas. Queremos establecer una relaci\u00f3n s\u00f3lida contigo, basada en la confianza y la satisfacci\u00f3n mutua.<\/p><p>\u00a1No esperes m\u00e1s! Rellena nuestro formulario de contacto ahora y d\u00e9janos demostrarte por qu\u00e9 somos la elecci\u00f3n adecuada para tus necesidades empresariales. Te prometemos que te responderemos en la mayor brevedad posible.<\/p><p>Gracias por elegir a JJ BCN INTERNACIONAL SA. \u00a1Esperamos tener noticias tuyas pronto!<\/p>\t\t\t\t\t\t\t\t<\/div>\n\t\t\t\t<\/div>\n\t\t\t\t<div class=\"elementor-element elementor-element-fbf7f60 elementor-widget elementor-widget-text-editor\" data-id=\"fbf7f60\" data-element_type=\"widget\" data-e-type=\"widget\" data-widget_type=\"text-editor.default\">\n\t\t\t\t<div class=\"elementor-widget-container\">\n\t\t\t\t\t\t\t\t\tNos complace tener la oportunidad de ofrecerte nuestros servicios y asistencia a trav\u00e9s de nuestro formulario de contacto. En JJ BCN INTERNACIONAL SA, nos apasiona brindar soluciones empresariales eficientes y efectivas, y estamos ansiosos por ayudarte en tu camino hacia el \u00e9xito.\n\nNuestro formulario de contacto es una herramienta poderosa que te permite comunicarte directamente con nuestro equipo de profesionales altamente capacitados. Al completarlo, nos proporcionas la informaci\u00f3n necesaria para entender tus necesidades y poder ofrecerte soluciones adaptadas a tu empresa.\n\nEn JJ BCN INTERNACIONAL SA, comprendemos lo valioso que es tu tiempo. Por eso, nos comprometemos a responder a tu solicitud en la mayor brevedad posible. Nuestro equipo se esfuerza por ser eficiente y eficaz en todas nuestras interacciones con los clientes, y tu satisfacci\u00f3n es nuestra m\u00e1xima prioridad.\n\nAl utilizar nuestro formulario de contacto, puedes aprovechar todos los beneficios que ofrecemos. Te proporcionamos un canal directo para consultas generales, informaci\u00f3n adicional sobre nuestros servicios, solicitudes de presupuesto, soporte t\u00e9cnico y mucho m\u00e1s. No importa cu\u00e1l sea tu consulta, nuestro equipo estar\u00e1 encantado de ayudarte en lo que necesites.\n\nSabemos que cada empresa es \u00fanica y tiene necesidades espec\u00edficas. Es por eso que, en JJ BCN INTERNACIONAL SA, nos enorgullece brindar un enfoque personalizado a cada uno de nuestros clientes. Al completar el formulario de contacto, nos brindas una descripci\u00f3n detallada de tus necesidades y objetivos, lo que nos permite dise\u00f1ar soluciones a medida para ti.\t\t\t\t\t\t\t\t<\/div>\n\t\t\t\t<\/div>\n\t\t\t\t<div class=\"elementor-element elementor-element-f7a5edd elementor-widget elementor-widget-text-editor\" data-id=\"f7a5edd\" data-element_type=\"widget\" data-e-type=\"widget\" data-widget_type=\"text-editor.default\">\n\t\t\t\t<div class=\"elementor-widget-container\">\n\t\t\t\t\t\t\t\t\tAdem\u00e1s, al utilizar nuestro formulario de contacto, te garantizamos confidencialidad y seguridad en tus datos. Respetamos tu privacidad y nos comprometemos a proteger cualquier informaci\u00f3n que nos proporciones. Puedes tener la tranquilidad de que tus datos estar\u00e1n en buenas manos y ser\u00e1n utilizados \u00fanicamente con el prop\u00f3sito de brindarte un servicio de calidad.\n\nEn JJ BCN INTERNACIONAL SA, nos enorgullece contar con un equipo altamente capacitado y experimentado en diversas \u00e1reas empresariales. No importa cu\u00e1l sea tu industria o sector, estamos preparados para brindarte soluciones adaptadas a tus necesidades espec\u00edficas. Nuestros expertos est\u00e1n listos para compartir su conocimiento y experiencia contigo, brind\u00e1ndote asesoramiento y orientaci\u00f3n en cada paso del camino.\n\nNo esperes m\u00e1s para aprovechar todas las ventajas que ofrece nuestro formulario de contacto. Estamos ansiosos por escuchar tus inquietudes y trabajar contigo para alcanzar tus metas empresariales. En JJ BCN INTERNACIONAL SA, creemos en la importancia de establecer relaciones s\u00f3lidas y duraderas con nuestros clientes, basadas en la confianza mutua y la colaboraci\u00f3n.\n\nAs\u00ed que, \u00bfa qu\u00e9 esperas? Completa nuestro formulario de contacto ahora y perm\u00edtenos demostrarte por qu\u00e9 somos la elecci\u00f3n adecuada para tus necesidades empresariales. Te aseguramos que te responderemos en la mayor brevedad posible, brind\u00e1ndote la atenci\u00f3n y el servicio excepcionales que mereces.\t\t\t\t\t\t\t\t<\/div>\n\t\t\t\t<\/div>\n\t\t\t\t\t<\/div>\n\t\t<\/div>\n\t\t\t\t\t<\/div>\n\t\t<\/section>\n\t\t\t\t<\/div>\n\t\t","protected":false},"excerpt":{"rendered":"<p>Contact Formulaire de contact JJ BCN International info@jjbcn.com T\u00e9l\u00e9phone: (+34) 938 713 304 Pol\u00edgono Industrial Sud C\/ de l&#039;Orfeo Catal\u00e0, 7 08440 Cardedeu Barcelone (espagne) Cha\u00eene Youtube de JJ Products Contactez JJ BCN INTERNACIONAL SA ! Si vous recherchez un moyen rapide et efficace de nous contacter, vous \u00eates au bon endroit. Notre \u00e9quipe \u2026 <a title=\"Contact\" class=\"read-more\" href=\"https:\/\/jjbcn.com\/fr\/contacto\/\" aria-label=\"En savoir plus sur Contact\">Lire plus<\/a><\/p>","protected":false},"author":5,"featured_media":0,"parent":0,"menu_order":4,"comment_status":"closed","ping_status":"closed","template":"","meta":{"_acf_changed":false,"footnotes":""},"class_list":["post-9918","page","type-page","status-publish"],"acf":[],"_links":{"self":[{"href":"https:\/\/jjbcn.com\/fr\/wp-json\/wp\/v2\/pages\/9918","targetHints":{"allow":["GET"]}}],"collection":[{"href":"https:\/\/jjbcn.com\/fr\/wp-json\/wp\/v2\/pages"}],"about":[{"href":"https:\/\/jjbcn.com\/fr\/wp-json\/wp\/v2\/types\/page"}],"author":[{"embeddable":true,"href":"https:\/\/jjbcn.com\/fr\/wp-json\/wp\/v2\/users\/5"}],"replies":[{"embeddable":true,"href":"https:\/\/jjbcn.com\/fr\/wp-json\/wp\/v2\/comments?post=9918"}],"version-history":[{"count":126,"href":"https:\/\/jjbcn.com\/fr\/wp-json\/wp\/v2\/pages\/9918\/revisions"}],"predecessor-version":[{"id":13447,"href":"https:\/\/jjbcn.com\/fr\/wp-json\/wp\/v2\/pages\/9918\/revisions\/13447"}],"wp:attachment":[{"href":"https:\/\/jjbcn.com\/fr\/wp-json\/wp\/v2\/media?parent=9918"}],"curies":[{"name":"wp","href":"https:\/\/api.w.org\/{rel}","templated":true}]}}