{"id":425,"date":"2017-07-28T12:29:13","date_gmt":"2017-07-28T10:29:13","guid":{"rendered":"http:\/\/jjbcn.com\/producto\/j2-l-10\/"},"modified":"2021-02-21T18:18:41","modified_gmt":"2021-02-21T16:18:41","slug":"j2-l10","status":"publish","type":"product","link":"https:\/\/jjbcn.com\/fr\/serie\/j2-l-10\/","title":{"rendered":"J2 L-10"},"content":{"rendered":"","protected":false},"excerpt":{"rendered":"<p align=\"justify\">Cet actionneur, r\u00e9alis\u00e9 majoritairement en plastique (corps et embase en PA Anticorrosif), est l\u00e9ger et petit. Tr\u00e8s appropri\u00e9 pour les petites vannes, car son couple n&#039;est pas sup\u00e9rieur \u00e0 <strong>12Nm<\/strong>.<br \/>\nC&#039;est le plus petit de nos actionneurs qui fonctionne \u00e0 une tension de <strong>24VDC\/VAC<\/strong>.<br \/>\nSa connexion au r\u00e9seau se fait via ses connecteurs DIN, tant pour la tension que pour les confirmations de position.<br \/>\nOngle <strong>r\u00e9sistance chauffante<\/strong> Il est inclus en standard comme protection anti-condensation.<br \/>\nLa <strong>indicateur de position<\/strong> c&#039;est un levier en forme de T, situ\u00e9 sur le couvercle.<br \/>\nL&#039;actionneur peut \u00eatre plac\u00e9 en mode manuel ou automatique, \u00e0 l&#039;aide du <strong>levier s\u00e9lecteur<\/strong>, situ\u00e9 sur un c\u00f4t\u00e9 de la base de l&#039;actionneur.<br \/>\nCe mod\u00e8le est mont\u00e9 sur la vanne \u00e0 l&#039;aide d&#039;une bride en plastique multi F-ISO5211 avec filetage m\u00e9tallique.<br \/>\nL&#039;actionneur est prot\u00e9g\u00e9 contre tout dommage m\u00e9canique caus\u00e9 par un couple excessif, gr\u00e2ce \u00e0 son <strong>syst\u00e8me \u00e9lectronique limiteur de couple<\/strong>.<\/p>","protected":false},"featured_media":4796,"template":"","meta":{"_acf_changed":false},"product_brand":[],"product_cat":[28,31],"product_tag":[],"class_list":{"0":"post-425","1":"product","2":"type-product","3":"status-publish","4":"has-post-thumbnail","6":"product_cat-actuadores-electricos-multivoltaje","7":"product_cat-serie-j2","9":"first","10":"instock","11":"product-type-simple"},"acf":[],"_links":{"self":[{"href":"https:\/\/jjbcn.com\/fr\/wp-json\/wp\/v2\/product\/425","targetHints":{"allow":["GET"]}}],"collection":[{"href":"https:\/\/jjbcn.com\/fr\/wp-json\/wp\/v2\/product"}],"about":[{"href":"https:\/\/jjbcn.com\/fr\/wp-json\/wp\/v2\/types\/product"}],"version-history":[{"count":5,"href":"https:\/\/jjbcn.com\/fr\/wp-json\/wp\/v2\/product\/425\/revisions"}],"predecessor-version":[{"id":7573,"href":"https:\/\/jjbcn.com\/fr\/wp-json\/wp\/v2\/product\/425\/revisions\/7573"}],"wp:featuredmedia":[{"embeddable":true,"href":"https:\/\/jjbcn.com\/fr\/wp-json\/wp\/v2\/media\/4796"}],"wp:attachment":[{"href":"https:\/\/jjbcn.com\/fr\/wp-json\/wp\/v2\/media?parent=425"}],"wp:term":[{"taxonomy":"product_brand","embeddable":true,"href":"https:\/\/jjbcn.com\/fr\/wp-json\/wp\/v2\/product_brand?post=425"},{"taxonomy":"product_cat","embeddable":true,"href":"https:\/\/jjbcn.com\/fr\/wp-json\/wp\/v2\/product_cat?post=425"},{"taxonomy":"product_tag","embeddable":true,"href":"https:\/\/jjbcn.com\/fr\/wp-json\/wp\/v2\/product_tag?post=425"}],"curies":[{"name":"wp","href":"https:\/\/api.w.org\/{rel}","templated":true}]}}