{"id":441,"date":"2017-07-28T12:29:13","date_gmt":"2017-07-28T10:29:13","guid":{"rendered":"http:\/\/jjbcn.com\/producto\/rc85\/"},"modified":"2021-09-10T19:33:49","modified_gmt":"2021-09-10T17:33:49","slug":"rc85","status":"publish","type":"product","link":"https:\/\/jjbcn.com\/fr\/serie\/rc85\/","title":{"rendered":"RC85"},"content":{"rendered":"","protected":false},"excerpt":{"rendered":"<p align=\"justify\"><span style=\"font-size: xx-small;\">Il s&#039;agit d&#039;un actionneur \u00e9lectrique \u00bc de tour basique (ON-OFF). Ce mod\u00e8le de la s\u00e9rie RC a un <strong>Couple maximal de 90 Nm<\/strong> et il peut fonctionner \u00e0 une seule tension (12VDC\/VAC, 24VDC\/VAC, 48VDC\/VAC, 110VDC\/VAC, 240VAC).<br \/>\nIl a des caract\u00e9ristiques communes \u00e0 la s\u00e9rie d&#039;actionneurs \u00e9lectriques J3C, telles que le levier automatique\/manuel <strong>(MDP)<\/strong>, indicateur visuel de position <strong>(VPI)<\/strong>, commande d&#039;urgence manuelle <strong>(OMU)<\/strong> et un degr\u00e9 de protection IP67.<br \/>\n<\/span><\/p>","protected":false},"featured_media":8491,"template":"","meta":{"_acf_changed":false},"product_brand":[],"product_cat":[28,32],"product_tag":[],"class_list":{"0":"post-441","1":"product","2":"type-product","3":"status-publish","4":"has-post-thumbnail","6":"product_cat-actuadores-electricos-multivoltaje","7":"product_cat-serie-rc","9":"first","10":"instock","11":"product-type-simple"},"acf":[],"_links":{"self":[{"href":"https:\/\/jjbcn.com\/fr\/wp-json\/wp\/v2\/product\/441","targetHints":{"allow":["GET"]}}],"collection":[{"href":"https:\/\/jjbcn.com\/fr\/wp-json\/wp\/v2\/product"}],"about":[{"href":"https:\/\/jjbcn.com\/fr\/wp-json\/wp\/v2\/types\/product"}],"version-history":[{"count":4,"href":"https:\/\/jjbcn.com\/fr\/wp-json\/wp\/v2\/product\/441\/revisions"}],"predecessor-version":[{"id":7616,"href":"https:\/\/jjbcn.com\/fr\/wp-json\/wp\/v2\/product\/441\/revisions\/7616"}],"wp:featuredmedia":[{"embeddable":true,"href":"https:\/\/jjbcn.com\/fr\/wp-json\/wp\/v2\/media\/8491"}],"wp:attachment":[{"href":"https:\/\/jjbcn.com\/fr\/wp-json\/wp\/v2\/media?parent=441"}],"wp:term":[{"taxonomy":"product_brand","embeddable":true,"href":"https:\/\/jjbcn.com\/fr\/wp-json\/wp\/v2\/product_brand?post=441"},{"taxonomy":"product_cat","embeddable":true,"href":"https:\/\/jjbcn.com\/fr\/wp-json\/wp\/v2\/product_cat?post=441"},{"taxonomy":"product_tag","embeddable":true,"href":"https:\/\/jjbcn.com\/fr\/wp-json\/wp\/v2\/product_tag?post=441"}],"curies":[{"name":"wp","href":"https:\/\/api.w.org\/{rel}","templated":true}]}}