{"id":446,"date":"2017-07-28T16:23:45","date_gmt":"2017-07-28T14:23:45","guid":{"rendered":"http:\/\/jjbcn.com\/producto\/tipo-21-asahi-ball-valve\/"},"modified":"2017-08-30T10:55:06","modified_gmt":"2017-08-30T08:55:06","slug":"robinet-a-tournant-spherique-asahi-de-type-21","status":"publish","type":"product","link":"https:\/\/jjbcn.com\/fr\/serie\/tipo-21-asahi-ball-valve\/","title":{"rendered":"Vanne \u00e0 bille TYPE 21 ASAHI"},"content":{"rendered":"<p><br data-mce-bogus=\"1\"><\/p>","protected":false},"excerpt":{"rendered":"<p>Le raccord de vanne \u00e0 bille TYPE 21 ASAHI est fabriqu\u00e9 en plastique haute r\u00e9sistance et est fourni complet avec des vis et des boulons.<\/p>","protected":false},"featured_media":691,"template":"","meta":{"_acf_changed":false},"product_brand":[],"product_cat":[79,80],"product_tag":[83],"class_list":{"0":"post-446","1":"product","2":"type-product","3":"status-publish","4":"has-post-thumbnail","6":"product_cat-acoplamientos","7":"product_cat-asahi","8":"product_tag-conexion-cuadrado","10":"first","11":"instock","12":"product-type-simple"},"acf":[],"_links":{"self":[{"href":"https:\/\/jjbcn.com\/fr\/wp-json\/wp\/v2\/product\/446","targetHints":{"allow":["GET"]}}],"collection":[{"href":"https:\/\/jjbcn.com\/fr\/wp-json\/wp\/v2\/product"}],"about":[{"href":"https:\/\/jjbcn.com\/fr\/wp-json\/wp\/v2\/types\/product"}],"version-history":[{"count":0,"href":"https:\/\/jjbcn.com\/fr\/wp-json\/wp\/v2\/product\/446\/revisions"}],"wp:featuredmedia":[{"embeddable":true,"href":"https:\/\/jjbcn.com\/fr\/wp-json\/wp\/v2\/media\/691"}],"wp:attachment":[{"href":"https:\/\/jjbcn.com\/fr\/wp-json\/wp\/v2\/media?parent=446"}],"wp:term":[{"taxonomy":"product_brand","embeddable":true,"href":"https:\/\/jjbcn.com\/fr\/wp-json\/wp\/v2\/product_brand?post=446"},{"taxonomy":"product_cat","embeddable":true,"href":"https:\/\/jjbcn.com\/fr\/wp-json\/wp\/v2\/product_cat?post=446"},{"taxonomy":"product_tag","embeddable":true,"href":"https:\/\/jjbcn.com\/fr\/wp-json\/wp\/v2\/product_tag?post=446"}],"curies":[{"name":"wp","href":"https:\/\/api.w.org\/{rel}","templated":true}]}}