{"id":489,"date":"2017-07-28T16:12:25","date_gmt":"2017-07-28T14:12:25","guid":{"rendered":"http:\/\/jjbcn.com\/producto\/no-namur-hafner\/"},"modified":"2017-08-30T11:38:21","modified_gmt":"2017-08-30T09:38:21","slug":"atex-exia","status":"publish","type":"product","link":"https:\/\/jjbcn.com\/fr\/serie\/atex-exia\/","title":{"rendered":"Atex Exia"},"content":{"rendered":"","protected":false},"excerpt":{"rendered":"<p>L'\u00e9lectrovanne Atex Exia est fabriqu\u00e9e en . Les sp\u00e9cifications techniques sont d\u00e9taill\u00e9es ci-dessous.<\/p>","protected":false},"featured_media":652,"template":"","meta":{"_acf_changed":false},"product_brand":[],"product_cat":[46,72],"product_tag":[],"class_list":{"0":"post-489","1":"product","2":"type-product","3":"status-publish","4":"has-post-thumbnail","6":"product_cat-actuadores-pneumaticos","7":"product_cat-electrovalvulas-actuadores-pneumaticos","9":"first","10":"instock","11":"product-type-simple"},"acf":[],"_links":{"self":[{"href":"https:\/\/jjbcn.com\/fr\/wp-json\/wp\/v2\/product\/489","targetHints":{"allow":["GET"]}}],"collection":[{"href":"https:\/\/jjbcn.com\/fr\/wp-json\/wp\/v2\/product"}],"about":[{"href":"https:\/\/jjbcn.com\/fr\/wp-json\/wp\/v2\/types\/product"}],"version-history":[{"count":1,"href":"https:\/\/jjbcn.com\/fr\/wp-json\/wp\/v2\/product\/489\/revisions"}],"predecessor-version":[{"id":1104,"href":"https:\/\/jjbcn.com\/fr\/wp-json\/wp\/v2\/product\/489\/revisions\/1104"}],"wp:featuredmedia":[{"embeddable":true,"href":"https:\/\/jjbcn.com\/fr\/wp-json\/wp\/v2\/media\/652"}],"wp:attachment":[{"href":"https:\/\/jjbcn.com\/fr\/wp-json\/wp\/v2\/media?parent=489"}],"wp:term":[{"taxonomy":"product_brand","embeddable":true,"href":"https:\/\/jjbcn.com\/fr\/wp-json\/wp\/v2\/product_brand?post=489"},{"taxonomy":"product_cat","embeddable":true,"href":"https:\/\/jjbcn.com\/fr\/wp-json\/wp\/v2\/product_cat?post=489"},{"taxonomy":"product_tag","embeddable":true,"href":"https:\/\/jjbcn.com\/fr\/wp-json\/wp\/v2\/product_tag?post=489"}],"curies":[{"name":"wp","href":"https:\/\/api.w.org\/{rel}","templated":true}]}}