{"id":493,"date":"2017-07-28T16:12:25","date_gmt":"2017-07-28T14:12:25","guid":{"rendered":"http:\/\/jjbcn.com\/producto\/5470-eexia-24vdc-bajo-consumo\/"},"modified":"2017-08-30T11:39:16","modified_gmt":"2017-08-30T09:39:16","slug":"eexia","status":"publish","type":"product","link":"https:\/\/jjbcn.com\/fr\/serie\/eexia\/","title":{"rendered":"Exia"},"content":{"rendered":"","protected":false},"excerpt":{"rendered":"<p>L'\u00e9lectrovanne Eexia est fabriqu\u00e9e dans un corps de . Ses sp\u00e9cifications techniques sont d\u00e9taill\u00e9es ci-dessous.<\/p>","protected":false},"featured_media":0,"template":"","meta":{"_acf_changed":false},"product_brand":[],"product_cat":[46,72],"product_tag":[73],"class_list":{"0":"post-493","1":"product","2":"type-product","3":"status-publish","5":"product_cat-actuadores-pneumaticos","6":"product_cat-electrovalvulas-actuadores-pneumaticos","7":"product_tag-ultra-bajo-consumo-10ma","9":"first","10":"instock","11":"product-type-simple"},"acf":[],"_links":{"self":[{"href":"https:\/\/jjbcn.com\/fr\/wp-json\/wp\/v2\/product\/493","targetHints":{"allow":["GET"]}}],"collection":[{"href":"https:\/\/jjbcn.com\/fr\/wp-json\/wp\/v2\/product"}],"about":[{"href":"https:\/\/jjbcn.com\/fr\/wp-json\/wp\/v2\/types\/product"}],"version-history":[{"count":0,"href":"https:\/\/jjbcn.com\/fr\/wp-json\/wp\/v2\/product\/493\/revisions"}],"wp:attachment":[{"href":"https:\/\/jjbcn.com\/fr\/wp-json\/wp\/v2\/media?parent=493"}],"wp:term":[{"taxonomy":"product_brand","embeddable":true,"href":"https:\/\/jjbcn.com\/fr\/wp-json\/wp\/v2\/product_brand?post=493"},{"taxonomy":"product_cat","embeddable":true,"href":"https:\/\/jjbcn.com\/fr\/wp-json\/wp\/v2\/product_cat?post=493"},{"taxonomy":"product_tag","embeddable":true,"href":"https:\/\/jjbcn.com\/fr\/wp-json\/wp\/v2\/product_tag?post=493"}],"curies":[{"name":"wp","href":"https:\/\/api.w.org\/{rel}","templated":true}]}}