{"id":497,"date":"2017-07-28T16:18:36","date_gmt":"2017-07-28T14:18:36","guid":{"rendered":"http:\/\/jjbcn.com\/producto\/yt-2300r\/"},"modified":"2017-08-30T11:42:57","modified_gmt":"2017-08-30T09:42:57","slug":"yt-2500r","status":"publish","type":"product","link":"https:\/\/jjbcn.com\/fr\/serie\/yt-2500r\/","title":{"rendered":"YT-2500R"},"content":{"rendered":"","protected":false},"excerpt":{"rendered":"<p>Le positionneur YT-2500R Young Tech est fabriqu\u00e9 en aluminium et est class\u00e9 IP66. Ses sp\u00e9cifications techniques sont d\u00e9taill\u00e9es ci-dessous.<\/p>","protected":false},"featured_media":673,"template":"","meta":{"_acf_changed":false},"product_brand":[],"product_cat":[46,74],"product_tag":[],"class_list":{"0":"post-497","1":"product","2":"type-product","3":"status-publish","4":"has-post-thumbnail","6":"product_cat-actuadores-pneumaticos","7":"product_cat-posicionadores-actuadores-pneumaticos","9":"first","10":"instock","11":"product-type-simple"},"acf":[],"_links":{"self":[{"href":"https:\/\/jjbcn.com\/fr\/wp-json\/wp\/v2\/product\/497","targetHints":{"allow":["GET"]}}],"collection":[{"href":"https:\/\/jjbcn.com\/fr\/wp-json\/wp\/v2\/product"}],"about":[{"href":"https:\/\/jjbcn.com\/fr\/wp-json\/wp\/v2\/types\/product"}],"version-history":[{"count":0,"href":"https:\/\/jjbcn.com\/fr\/wp-json\/wp\/v2\/product\/497\/revisions"}],"wp:featuredmedia":[{"embeddable":true,"href":"https:\/\/jjbcn.com\/fr\/wp-json\/wp\/v2\/media\/673"}],"wp:attachment":[{"href":"https:\/\/jjbcn.com\/fr\/wp-json\/wp\/v2\/media?parent=497"}],"wp:term":[{"taxonomy":"product_brand","embeddable":true,"href":"https:\/\/jjbcn.com\/fr\/wp-json\/wp\/v2\/product_brand?post=497"},{"taxonomy":"product_cat","embeddable":true,"href":"https:\/\/jjbcn.com\/fr\/wp-json\/wp\/v2\/product_cat?post=497"},{"taxonomy":"product_tag","embeddable":true,"href":"https:\/\/jjbcn.com\/fr\/wp-json\/wp\/v2\/product_tag?post=497"}],"curies":[{"name":"wp","href":"https:\/\/api.w.org\/{rel}","templated":true}]}}