{"id":517,"date":"2017-07-28T16:03:46","date_gmt":"2017-07-28T14:03:46","guid":{"rendered":"http:\/\/jjbcn.com\/producto\/serie-ca-mirilla\/"},"modified":"2017-08-30T11:22:04","modified_gmt":"2017-08-30T09:22:04","slug":"judas-serie-ca","status":"publish","type":"product","link":"https:\/\/jjbcn.com\/fr\/serie\/serie-ca-mirilla\/","title":{"rendered":"S\u00e9rie CA \"peephole"},"content":{"rendered":"","protected":false},"excerpt":{"rendered":"<p>Le bo\u00eetier de fin de course est utilis\u00e9 pour indiquer la position de la vanne, ouverte ou ferm\u00e9e. Le \"voyant\" de la s\u00e9rie CA a un corps en polypropyl\u00e8ne + fibre de verre gris 15% avec une finition bleue ou orange au choix. Les sp\u00e9cifications techniques du \"voyant\" de la s\u00e9rie CA sont d\u00e9taill\u00e9es ci-dessous.<\/p>","protected":false},"featured_media":631,"template":"","meta":{"_acf_changed":false},"product_brand":[],"product_cat":[46,71,122],"product_tag":[22],"class_list":{"0":"post-517","1":"product","2":"type-product","3":"status-publish","4":"has-post-thumbnail","6":"product_cat-actuadores-pneumaticos","7":"product_cat-cajas-de-senalizacion-finales-de-carrera-actuadores-pneumaticos","8":"product_cat-no-atex","9":"product_tag-caja-aluminio","11":"first","12":"instock","13":"product-type-simple"},"acf":[],"_links":{"self":[{"href":"https:\/\/jjbcn.com\/fr\/wp-json\/wp\/v2\/product\/517","targetHints":{"allow":["GET"]}}],"collection":[{"href":"https:\/\/jjbcn.com\/fr\/wp-json\/wp\/v2\/product"}],"about":[{"href":"https:\/\/jjbcn.com\/fr\/wp-json\/wp\/v2\/types\/product"}],"version-history":[{"count":0,"href":"https:\/\/jjbcn.com\/fr\/wp-json\/wp\/v2\/product\/517\/revisions"}],"wp:featuredmedia":[{"embeddable":true,"href":"https:\/\/jjbcn.com\/fr\/wp-json\/wp\/v2\/media\/631"}],"wp:attachment":[{"href":"https:\/\/jjbcn.com\/fr\/wp-json\/wp\/v2\/media?parent=517"}],"wp:term":[{"taxonomy":"product_brand","embeddable":true,"href":"https:\/\/jjbcn.com\/fr\/wp-json\/wp\/v2\/product_brand?post=517"},{"taxonomy":"product_cat","embeddable":true,"href":"https:\/\/jjbcn.com\/fr\/wp-json\/wp\/v2\/product_cat?post=517"},{"taxonomy":"product_tag","embeddable":true,"href":"https:\/\/jjbcn.com\/fr\/wp-json\/wp\/v2\/product_tag?post=517"}],"curies":[{"name":"wp","href":"https:\/\/api.w.org\/{rel}","templated":true}]}}