{"id":706,"date":"2017-08-07T16:16:15","date_gmt":"2017-08-07T14:16:15","guid":{"rendered":"http:\/\/jjbcn.com\/producto\/kit-bsr-2015\/"},"modified":"2021-09-10T20:05:56","modified_gmt":"2021-09-10T18:05:56","slug":"fiche-technique-dps-25-300","status":"publish","type":"product","link":"https:\/\/jjbcn.com\/fr\/serie\/datashet-dps-25-300\/","title":{"rendered":"KIT BSR"},"content":{"rendered":"<div data-elementor-type=\"product-post\" data-elementor-id=\"706\" class=\"elementor elementor-706\" data-elementor-post-type=\"product\">\n\t\t\t\t\t\t<section class=\"elementor-section elementor-top-section elementor-element elementor-element-3bbf6e4 elementor-section-boxed elementor-section-height-default elementor-section-height-default\" data-id=\"3bbf6e4\" data-element_type=\"section\" data-e-type=\"section\" data-settings=\"{&quot;jet_parallax_layout_list&quot;:[]}\">\n\t\t\t\t\t\t<div class=\"elementor-container elementor-column-gap-default\">\n\t\t\t\t\t<div class=\"elementor-column elementor-col-50 elementor-top-column elementor-element elementor-element-369ff57\" data-id=\"369ff57\" data-element_type=\"column\" data-e-type=\"column\">\n\t\t\t<div class=\"elementor-widget-wrap elementor-element-populated\">\n\t\t\t\t\t\t<div class=\"elementor-element elementor-element-348d49f elementor-widget elementor-widget-button\" data-id=\"348d49f\" data-element_type=\"widget\" data-e-type=\"widget\" data-widget_type=\"button.default\">\n\t\t\t\t<div class=\"elementor-widget-container\">\n\t\t\t\t\t\t\t\t\t<div class=\"elementor-button-wrapper\">\n\t\t\t\t\t<a class=\"elementor-button elementor-button-link elementor-size-sm\" href=\"https:\/\/jjbcn.com\/wp-content\/uploads\/datasheet-BSR-25-300.pdf\" target=\"_blank\">\n\t\t\t\t\t\t<span class=\"elementor-button-content-wrapper\">\n\t\t\t\t\t\t\t\t\t<span class=\"elementor-button-text\">Fiche technique<\/span>\n\t\t\t\t\t<\/span>\n\t\t\t\t\t<\/a>\n\t\t\t\t<\/div>\n\t\t\t\t\t\t\t\t<\/div>\n\t\t\t\t<\/div>\n\t\t\t\t\t<\/div>\n\t\t<\/div>\n\t\t\t\t<div class=\"elementor-column elementor-col-50 elementor-top-column elementor-element elementor-element-ff8e11e\" data-id=\"ff8e11e\" data-element_type=\"column\" data-e-type=\"column\">\n\t\t\t<div class=\"elementor-widget-wrap elementor-element-populated\">\n\t\t\t\t\t\t<div class=\"elementor-element elementor-element-0a37b58 elementor-widget elementor-widget-button\" data-id=\"0a37b58\" data-element_type=\"widget\" data-e-type=\"widget\" data-widget_type=\"button.default\">\n\t\t\t\t<div class=\"elementor-widget-container\">\n\t\t\t\t\t\t\t\t\t<div class=\"elementor-button-wrapper\">\n\t\t\t\t\t<a class=\"elementor-button elementor-button-link elementor-size-sm\" href=\"https:\/\/jjbcn.com\/wp-content\/uploads\/mounting-instruccions-20-300-BSR.pdf\" target=\"_blank\">\n\t\t\t\t\t\t<span class=\"elementor-button-content-wrapper\">\n\t\t\t\t\t\t\t\t\t<span class=\"elementor-button-text\">Manuel d'assemblage<\/span>\n\t\t\t\t\t<\/span>\n\t\t\t\t\t<\/a>\n\t\t\t\t<\/div>\n\t\t\t\t\t\t\t\t<\/div>\n\t\t\t\t<\/div>\n\t\t\t\t\t<\/div>\n\t\t<\/div>\n\t\t\t\t\t<\/div>\n\t\t<\/section>\n\t\t\t\t<\/div>","protected":false},"excerpt":{"rendered":"<p>Le syst\u00e8me de s\u00e9curit\u00e9 BSR est un automatisme qui, incorpor\u00e9 dans les actionneurs J3C, permet, en cas de panne de courant, de placer la vanne dans une position NC ou NO pr\u00e9d\u00e9termin\u00e9e. La carte de circuit BSR est situ\u00e9e \u00e0 l'int\u00e9rieur de l'actionneur, ainsi que le bloc-piles, qui est continuellement charg\u00e9, permettant \u00e0 l'actionneur d'\u00eatre activ\u00e9, si n\u00e9cessaire, lorsque l'unit\u00e9 d\u00e9tecte une panne de courant. Il convient de noter qu'il ne s'agit pas d'un actionneur \u00e0 simple effet, mais dans le cas o\u00f9 la vanne est dans une position non pr\u00e9f\u00e9r\u00e9e, le syst\u00e8me BSR, au moyen des batteries, fera fonctionner la vanne jusqu'\u00e0 ce qu'elle soit dans la position pr\u00e9f\u00e9r\u00e9e pr\u00e9d\u00e9termin\u00e9e, agissant comme un actionneur \u00e0 simple effet.<\/p>","protected":false},"featured_media":0,"template":"","meta":{"_acf_changed":false},"product_brand":[],"product_cat":[28,36,38],"product_tag":[],"class_list":{"0":"post-706","1":"product","2":"type-product","3":"status-publish","5":"product_cat-actuadores-electricos-multivoltaje","6":"product_cat-opciones-para-actuadores-electricos-multivoltaje","7":"product_cat-kit-serie-j4c-kits-para-actuadores-electricos-multivoltaje","9":"first","10":"instock","11":"product-type-simple"},"acf":[],"_links":{"self":[{"href":"https:\/\/jjbcn.com\/fr\/wp-json\/wp\/v2\/product\/706","targetHints":{"allow":["GET"]}}],"collection":[{"href":"https:\/\/jjbcn.com\/fr\/wp-json\/wp\/v2\/product"}],"about":[{"href":"https:\/\/jjbcn.com\/fr\/wp-json\/wp\/v2\/types\/product"}],"version-history":[{"count":10,"href":"https:\/\/jjbcn.com\/fr\/wp-json\/wp\/v2\/product\/706\/revisions"}],"predecessor-version":[{"id":8498,"href":"https:\/\/jjbcn.com\/fr\/wp-json\/wp\/v2\/product\/706\/revisions\/8498"}],"wp:attachment":[{"href":"https:\/\/jjbcn.com\/fr\/wp-json\/wp\/v2\/media?parent=706"}],"wp:term":[{"taxonomy":"product_brand","embeddable":true,"href":"https:\/\/jjbcn.com\/fr\/wp-json\/wp\/v2\/product_brand?post=706"},{"taxonomy":"product_cat","embeddable":true,"href":"https:\/\/jjbcn.com\/fr\/wp-json\/wp\/v2\/product_cat?post=706"},{"taxonomy":"product_tag","embeddable":true,"href":"https:\/\/jjbcn.com\/fr\/wp-json\/wp\/v2\/product_tag?post=706"}],"curies":[{"name":"wp","href":"https:\/\/api.w.org\/{rel}","templated":true}]}}