{"id":714,"date":"2017-08-07T16:16:15","date_gmt":"2017-08-07T14:16:15","guid":{"rendered":"http:\/\/jjbcn.com\/producto\/kit-dps-2015\/"},"modified":"2020-10-25T13:01:21","modified_gmt":"2020-10-25T11:01:21","slug":"kit-dps","status":"publish","type":"product","link":"https:\/\/jjbcn.com\/fr\/serie\/kit-dps\/","title":{"rendered":"KIT DPS"},"content":{"rendered":"","protected":false},"excerpt":{"rendered":"<p><b>Digital <\/b><b>Positionneur<\/b> <b>Syst\u00e8me<\/b><b> 20-85 <\/b>(Montage automatique)<\/p>\n<p>Positionneur num\u00e9rique pour nos mod\u00e8les de 20Nm \u00e0 85Nm.<br \/>\nSignal d'instrumentation 4-20mA, 0-20mA, 0-10V ou 1-10V.<br \/>\nCe positionneur convient aux mod\u00e8les S, B et H.<\/p>\n<p><b>Digital <\/b><b>Positionneur<\/b> <b>Syst\u00e8me<\/b><b> 140-300 <\/b>(Montage automatique)<\/p>\n<p>Positionneur num\u00e9rique pour nos mod\u00e8les de 140 Nm et 300 Nm.<br \/>\nSignal d'instrumentation 4-20mA, 0-20mA, 0-10V ou 1-10V.<br \/>\nCe positionneur convient aux mod\u00e8les S, B et H.<\/p>","protected":false},"featured_media":0,"template":"","meta":{"_acf_changed":false},"product_brand":[],"product_cat":[28,36,38],"product_tag":[],"class_list":{"0":"post-714","1":"product","2":"type-product","3":"status-publish","5":"product_cat-actuadores-electricos-multivoltaje","6":"product_cat-opciones-para-actuadores-electricos-multivoltaje","7":"product_cat-kit-serie-j4c-kits-para-actuadores-electricos-multivoltaje","9":"first","10":"instock","11":"product-type-simple"},"acf":[],"_links":{"self":[{"href":"https:\/\/jjbcn.com\/fr\/wp-json\/wp\/v2\/product\/714","targetHints":{"allow":["GET"]}}],"collection":[{"href":"https:\/\/jjbcn.com\/fr\/wp-json\/wp\/v2\/product"}],"about":[{"href":"https:\/\/jjbcn.com\/fr\/wp-json\/wp\/v2\/types\/product"}],"version-history":[{"count":5,"href":"https:\/\/jjbcn.com\/fr\/wp-json\/wp\/v2\/product\/714\/revisions"}],"predecessor-version":[{"id":4884,"href":"https:\/\/jjbcn.com\/fr\/wp-json\/wp\/v2\/product\/714\/revisions\/4884"}],"wp:attachment":[{"href":"https:\/\/jjbcn.com\/fr\/wp-json\/wp\/v2\/media?parent=714"}],"wp:term":[{"taxonomy":"product_brand","embeddable":true,"href":"https:\/\/jjbcn.com\/fr\/wp-json\/wp\/v2\/product_brand?post=714"},{"taxonomy":"product_cat","embeddable":true,"href":"https:\/\/jjbcn.com\/fr\/wp-json\/wp\/v2\/product_cat?post=714"},{"taxonomy":"product_tag","embeddable":true,"href":"https:\/\/jjbcn.com\/fr\/wp-json\/wp\/v2\/product_tag?post=714"}],"curies":[{"name":"wp","href":"https:\/\/api.w.org\/{rel}","templated":true}]}}